{"id":3557,"date":"2024-05-30T01:33:19","date_gmt":"2024-05-29T23:33:19","guid":{"rendered":"https:\/\/farell-i.com\/avis-juridique\/"},"modified":"2026-01-30T11:27:46","modified_gmt":"2026-01-30T10:27:46","slug":"avis-juridique","status":"publish","type":"page","link":"https:\/\/farell-i.com\/fr\/avis-juridique\/","title":{"rendered":"Avis juridique"},"content":{"rendered":"\t\t<div data-elementor-type=\"wp-page\" data-elementor-id=\"3557\" class=\"elementor elementor-3557 elementor-736\" data-elementor-post-type=\"page\">\n\t\t\t\t\t\t<section class=\"elementor-section elementor-top-section elementor-element elementor-element-d98c779 elementor-section-full_width elementor-section-height-default elementor-section-height-default\" data-id=\"d98c779\" data-element_type=\"section\" data-e-type=\"section\">\n\t\t\t\t\t\t<div class=\"elementor-container elementor-column-gap-no\">\n\t\t\t\t\t<div class=\"elementor-column elementor-col-100 elementor-top-column elementor-element elementor-element-9f237ca\" data-id=\"9f237ca\" data-element_type=\"column\" data-e-type=\"column\">\n\t\t\t<div class=\"elementor-widget-wrap elementor-element-populated\">\n\t\t\t\t\t\t<div class=\"elementor-element elementor-element-c29f8d0 elementor-widget elementor-widget-heading\" data-id=\"c29f8d0\" data-element_type=\"widget\" data-e-type=\"widget\" data-widget_type=\"heading.default\">\n\t\t\t\t<div class=\"elementor-widget-container\">\n\t\t\t\t\t<h2 class=\"elementor-heading-title elementor-size-default\">AVIS JURIDIQUE<\/h2>\t\t\t\t<\/div>\n\t\t\t\t<\/div>\n\t\t\t\t\t<\/div>\n\t\t<\/div>\n\t\t\t\t\t<\/div>\n\t\t<\/section>\n\t\t\t\t<section class=\"elementor-section elementor-top-section elementor-element elementor-element-a97b33e elementor-section-boxed elementor-section-height-default elementor-section-height-default\" data-id=\"a97b33e\" data-element_type=\"section\" data-e-type=\"section\">\n\t\t\t\t\t\t<div class=\"elementor-container elementor-column-gap-no\">\n\t\t\t\t\t<div class=\"elementor-column elementor-col-100 elementor-top-column elementor-element elementor-element-0254aad\" data-id=\"0254aad\" data-element_type=\"column\" data-e-type=\"column\">\n\t\t\t<div class=\"elementor-widget-wrap elementor-element-populated\">\n\t\t\t\t\t\t<div class=\"elementor-element elementor-element-159e431 elementor-widget elementor-widget-text-editor\" data-id=\"159e431\" data-element_type=\"widget\" data-e-type=\"widget\" data-widget_type=\"text-editor.default\">\n\t\t\t\t<div class=\"elementor-widget-container\">\n\t\t\t\t\t\t\t\t\t<p>Les pr\u00e9sentes mentions l\u00e9gales et informations r\u00e9gissent l&#8217;utilisation du site Web www.farell-i.com (ci-apr\u00e8s, le \u00ab site Web \u00bb) que FARELL INSTRUMENTS SLU (ci-apr\u00e8s, la SOCI\u00c9T\u00c9) met \u00e0 la disposition des internautes.<\/p><p>LA SOCI\u00c9T\u00c9 a son si\u00e8ge social Calle Telem\u00e1tica 17, Pol\u00edgono Industrial La Ferrer\u00eda, 08110 Montcada i Reixac, Barcelone, Espagne, et le num\u00e9ro CIF B58834797, et est inscrite au Registre du Commerce de Barcelone, Volume 26385, Folio 68, Page B-77781.<\/p><p>\u00c0 travers le Web, la SOCI\u00c9T\u00c9 fournit aux Utilisateurs l&#8217;acc\u00e8s et l&#8217;utilisation de divers services et contenus li\u00e9s \u00e0 la soci\u00e9t\u00e9 elle-m\u00eame, tels que produits, situation&#8230;<\/p><p><strong>Obligation d&#8217;utiliser correctement le Site et les Services<\/strong><\/p><p>L&#8217;Utilisateur s&#8217;engage \u00e0 utiliser le Site Internet et les Services conform\u00e9ment \u00e0 la loi et aux pr\u00e9sentes Mentions L\u00e9gales, ainsi qu&#8217;aux bonnes m\u0153urs et aux bonnes m\u0153urs g\u00e9n\u00e9ralement accept\u00e9es et \u00e0 l&#8217;ordre public.<\/p><p>L&#8217;Utilisateur s&#8217;engage \u00e0 utiliser le contenu mis \u00e0 la disposition des Utilisateurs sur le Web &#8211; entendu par contenu, sans que cette liste soit limitative, textes, photographies, graphismes, images, ic\u00f4nes, technologie, logiciels, liens et autres contenus audiovisuels ou sonores, ainsi que la conception graphique et les codes sources (ci-apr\u00e8s, \u00ab Contenu \u00bb) &#8211; conform\u00e9ment \u00e0 la loi et, en particulier, s&#8217;engage \u00e0 s&#8217;abstenir :<\/p><p>un. reproduire, copier, distribuer, mettre \u00e0 disposition ou de toute autre mani\u00e8re communiquer publiquement, transformer ou modifier le Contenu, sauf avec l&#8217;autorisation du titulaire des droits correspondants ;<\/p><p>b. supprimer, manipuler ou modifier de toute autre mani\u00e8re les droits d&#8217;auteur et autres donn\u00e9es d&#8217;identification de la r\u00e9serve de droits de la SOCI\u00c9T\u00c9 ou de ses propri\u00e9taires, les empreintes digitales ou tout autre moyen technique \u00e9tabli pour la reconnaissance.<\/p><p><strong>Disponibilit\u00e9 et continuit\u00e9, utilit\u00e9 et fiabilit\u00e9<\/strong><\/p><p>LA SOCI\u00c9T\u00c9 ne garantit pas la disponibilit\u00e9 et la continuit\u00e9 du fonctionnement du Web et des Services. Lorsque cela est raisonnablement possible, la SOCIETE avertira au pr\u00e9alable des interruptions de fonctionnement du Site et des Services.<\/p><p>LA SOCI\u00c9T\u00c9 EXCLUT, DANS TOUTE LA MESURE AUTORIS\u00c9E PAR LA LOI, TOUTE RESPONSABILIT\u00c9 POUR LES DOMMAGES DE TOUTE NATURE QUI POURRAIENT \u00caTRE CAUS\u00c9S PAR LE MANQUE DE DISPONIBILIT\u00c9 OU DE CONTINUIT\u00c9 DU FONCTIONNEMENT DU SITE WEB ET DES SERVICES, LA FRAUDE DE L&#8217;UTILITAIRE QUE LES UTILISATEURS ONT \u00c9T\u00c9 CAPABLE D&#8217;ATTRIBUER AU SITE INTERNET ET AUX SERVICES, LA FIABILIT\u00c9 DU PORTAIL ET DES SERVICES, ET EN PARTICULIER, MAIS NON EXCLUSIVEMENT, LES \u00c9CHECS D&#8217;ACC\u00c8S AUX DIFF\u00c9RENTES PAGES DU SITE INTERNET.<\/p><p><strong>Politique de confidentialit\u00e9<\/strong><\/p><p>Par cet avis, FARELL INSTRUMENTS SLU domicili\u00e9 \u00e0 Montcada i Reixac (Barcelone 08110), au c \/ Telem\u00e1tica 17 avec l&#8217;adresse e-mail <a title=\"administracion@farell-i.com\" href=\"mailto:administracion@farell-i.com\">administracion@farell-i.com<\/a> (ci-apr\u00e8s, SOCIETE), informe les utilisateurs du web www.farell-i .com (ci-apr\u00e8s, le Web) sur sa politique de protection des donn\u00e9es personnelles (ci-apr\u00e8s, donn\u00e9es personnelles) afin que les Utilisateurs d\u00e9terminent la livraison et volontairement s&#8217;ils souhaitent fournir \u00e0 la SOCI\u00c9T\u00c9 les donn\u00e9es personnelles qui peuvent \u00eatre demand\u00e9es ou qui peuvent \u00eatre obtenues aupr\u00e8s du Les utilisateurs via le formulaire de contact du Web ou le formulaire d&#8217;inscription. L&#8217;ENTREPRISE se r\u00e9serve le droit de modifier cette politique pour l&#8217;adapter aux nouvelles l\u00e9gislations ou jurisprudences, ainsi qu&#8217;aux pratiques de l&#8217;industrie. Dans les cas susmentionn\u00e9s, la SOCIETE annoncera sur cette page les modifications introduites avec une anticipation raisonnable de leur mise en \u0153uvre.<\/p><p>Les Donn\u00e9es Personnelles collect\u00e9es feront l&#8217;objet d&#8217;un traitement automatis\u00e9 et seront incorpor\u00e9es dans le fichier automatis\u00e9 correspondant par la SOCIETE, propri\u00e9taire et responsable de son propre fichier (ci-apr\u00e8s, le Fichier). L&#8217;ENTREPRISE met \u00e0 la disposition des Utilisateurs les ressources techniques appropri\u00e9es afin qu&#8217;ils puissent acc\u00e9der \u00e0 l&#8217;avance \u00e0 cet avis sur la Politique de confidentialit\u00e9. Uniquement dans les champs o\u00f9 le contraire est indiqu\u00e9, les r\u00e9ponses aux questions sur les Donn\u00e9es Personnelles sont volontaires, sans que l&#8217;absence de r\u00e9ponse implique une r\u00e9duction de la qualit\u00e9 ou de la quantit\u00e9 des services correspondants, sauf indication contraire.<\/p><p>L&#8217;Utilisateur garantit que les Donn\u00e9es Personnelles fournies \u00e0 la SOCIETE sont v\u00e9ridiques et, au cas o\u00f9 elles subiraient une quelconque modification, il lui appartient de le lui notifier.<\/p><p>La collecte et le traitement automatis\u00e9 des Donn\u00e9es Personnelles sont destin\u00e9s \u00e0 maintenir la relation contractuelle, le cas \u00e9ch\u00e9ant, \u00e9tablie avec la SOCIETE, la gestion, l&#8217;administration, la fourniture, l&#8217;extension et l&#8217;am\u00e9lioration des Services, l&#8217;envoi d&#8217;autorisations pour les Services, l&#8217;envoi, par par des moyens traditionnels et \u00e9lectroniques, des informations techniques, op\u00e9rationnelles et commerciales sur les Produits et Services propos\u00e9s par la SOCIETE, actuellement et \u00e0 l&#8217;avenir. La finalit\u00e9 de la collecte et du traitement automatis\u00e9 des Donn\u00e9es Personnelles comprend \u00e9galement l&#8217;envoi de formulaires d&#8217;enqu\u00eate, auxquels l&#8217;Utilisateur n&#8217;est pas tenu de r\u00e9pondre.<\/p><p>LA SOCI\u00c9T\u00c9 a adopt\u00e9 les moyens et les mesures techniques de s\u00e9curit\u00e9 n\u00e9cessaires pour le Fichier afin d&#8217;emp\u00eacher la perte, l&#8217;utilisation abusive, l&#8217;alt\u00e9ration, l&#8217;acc\u00e8s non autoris\u00e9 et le vol des Donn\u00e9es Personnelles fournies \u00e0 la SOCI\u00c9T\u00c9. Cependant, l&#8217;Utilisateur doit \u00eatre conscient que les mesures de s\u00e9curit\u00e9 Internet ne sont pas imprenables.<\/p><p>Les utilisateurs ont reconnu et peuvent exercer les droits d&#8217;acc\u00e8s, d&#8217;annulation, de rectification et d&#8217;opposition au traitement de leurs donn\u00e9es ; En outre, ils ont le droit reconnu d&#8217;\u00eatre inform\u00e9s des cessions effectu\u00e9es en contactant la SOCI\u00c9T\u00c9 via l&#8217;adresse e-mail <a title=\"administracion@farell-i.com\" href=\"mailto:administracion@farell-i.com\">administracion@farell-i.com<\/a><\/p>\t\t\t\t\t\t\t\t<\/div>\n\t\t\t\t<\/div>\n\t\t\t\t\t<\/div>\n\t\t<\/div>\n\t\t\t\t\t<\/div>\n\t\t<\/section>\n\t\t\t\t<\/div>\n\t\t","protected":false},"excerpt":{"rendered":"<p>AVIS JURIDIQUE Les pr\u00e9sentes mentions l\u00e9gales et informations r\u00e9gissent l&#8217;utilisation du site Web www.farell-i.com (ci-apr\u00e8s, le \u00ab site Web \u00bb) que FARELL INSTRUMENTS SLU (ci-apr\u00e8s, la SOCI\u00c9T\u00c9) met \u00e0 la disposition des internautes. LA SOCI\u00c9T\u00c9 a son si\u00e8ge social Calle Telem\u00e1tica 17, Pol\u00edgono Industrial La Ferrer\u00eda, 08110 Montcada i Reixac, Barcelone, Espagne, et le num\u00e9ro [&hellip;]<\/p>\n","protected":false},"author":1,"featured_media":0,"parent":0,"menu_order":0,"comment_status":"closed","ping_status":"closed","template":"","meta":{"footnotes":""},"class_list":["post-3557","page","type-page","status-publish","hentry"],"_links":{"self":[{"href":"https:\/\/farell-i.com\/fr\/wp-json\/wp\/v2\/pages\/3557","targetHints":{"allow":["GET"]}}],"collection":[{"href":"https:\/\/farell-i.com\/fr\/wp-json\/wp\/v2\/pages"}],"about":[{"href":"https:\/\/farell-i.com\/fr\/wp-json\/wp\/v2\/types\/page"}],"author":[{"embeddable":true,"href":"https:\/\/farell-i.com\/fr\/wp-json\/wp\/v2\/users\/1"}],"replies":[{"embeddable":true,"href":"https:\/\/farell-i.com\/fr\/wp-json\/wp\/v2\/comments?post=3557"}],"version-history":[{"count":7,"href":"https:\/\/farell-i.com\/fr\/wp-json\/wp\/v2\/pages\/3557\/revisions"}],"predecessor-version":[{"id":5244,"href":"https:\/\/farell-i.com\/fr\/wp-json\/wp\/v2\/pages\/3557\/revisions\/5244"}],"wp:attachment":[{"href":"https:\/\/farell-i.com\/fr\/wp-json\/wp\/v2\/media?parent=3557"}],"curies":[{"name":"wp","href":"https:\/\/api.w.org\/{rel}","templated":true}]}}