{"id":2426,"date":"2024-05-28T22:26:41","date_gmt":"2024-05-28T20:26:41","guid":{"rendered":"https:\/\/devel.farell-i.com\/solutions\/transmission-de-donnees\/"},"modified":"2024-11-12T09:02:00","modified_gmt":"2024-11-12T08:02:00","slug":"transmission-de-donnees","status":"publish","type":"page","link":"https:\/\/farell-i.com\/fr\/solutions\/transmission-de-donnees\/","title":{"rendered":"TRANSMISSION DE DONN\u00c9ES"},"content":{"rendered":"\t\t<div data-elementor-type=\"wp-page\" data-elementor-id=\"2426\" class=\"elementor elementor-2426 elementor-306\" data-elementor-post-type=\"page\">\n\t\t\t\t\t\t<section class=\"elementor-section elementor-top-section elementor-element elementor-element-41ab6a8 elementor-section-height-min-height elementor-section-boxed elementor-section-height-default elementor-section-items-middle\" data-id=\"41ab6a8\" data-element_type=\"section\" data-e-type=\"section\">\n\t\t\t\t\t\t\t<div class=\"elementor-background-overlay\"><\/div>\n\t\t\t\t\t\t\t<div class=\"elementor-container elementor-column-gap-no\">\n\t\t\t\t\t<div class=\"elementor-column elementor-col-100 elementor-top-column elementor-element elementor-element-21f7f6b\" data-id=\"21f7f6b\" data-element_type=\"column\" data-e-type=\"column\">\n\t\t\t<div class=\"elementor-widget-wrap elementor-element-populated\">\n\t\t\t\t\t\t<div class=\"elementor-element elementor-element-dfd3cfe elementor-widget elementor-widget-heading\" data-id=\"dfd3cfe\" data-element_type=\"widget\" data-e-type=\"widget\" data-widget_type=\"heading.default\">\n\t\t\t\t<div class=\"elementor-widget-container\">\n\t\t\t\t\t<h2 class=\"elementor-heading-title elementor-size-default\">TRANSMISSION DE DONN\u00c9ES<\/h2>\t\t\t\t<\/div>\n\t\t\t\t<\/div>\n\t\t\t\t\t<\/div>\n\t\t<\/div>\n\t\t\t\t\t<\/div>\n\t\t<\/section>\n\t\t\t\t<section class=\"elementor-section elementor-top-section elementor-element elementor-element-ca00ebc elementor-section-boxed elementor-section-height-default elementor-section-height-default\" data-id=\"ca00ebc\" data-element_type=\"section\" data-e-type=\"section\">\n\t\t\t\t\t\t<div class=\"elementor-container elementor-column-gap-default\">\n\t\t\t\t\t<div class=\"elementor-column elementor-col-100 elementor-top-column elementor-element elementor-element-687863c\" data-id=\"687863c\" data-element_type=\"column\" data-e-type=\"column\">\n\t\t\t<div class=\"elementor-widget-wrap elementor-element-populated\">\n\t\t\t\t\t\t<section class=\"elementor-section elementor-inner-section elementor-element elementor-element-73c40f1 elementor-section-full_width elementor-section-height-default elementor-section-height-default\" data-id=\"73c40f1\" data-element_type=\"section\" data-e-type=\"section\">\n\t\t\t\t\t\t<div class=\"elementor-container elementor-column-gap-no\">\n\t\t\t\t\t<div class=\"elementor-column elementor-col-50 elementor-inner-column elementor-element elementor-element-c4dcfd5\" data-id=\"c4dcfd5\" data-element_type=\"column\" data-e-type=\"column\">\n\t\t\t<div class=\"elementor-widget-wrap elementor-element-populated\">\n\t\t\t\t\t\t<div class=\"elementor-element elementor-element-3565cf6 elementor-widget elementor-widget-heading\" data-id=\"3565cf6\" data-element_type=\"widget\" data-e-type=\"widget\" data-widget_type=\"heading.default\">\n\t\t\t\t<div class=\"elementor-widget-container\">\n\t\t\t\t\t<h2 class=\"elementor-heading-title elementor-size-default\">Pendant des d\u00e9cennies, des solutions ont \u00e9t\u00e9 recherch\u00e9es pour la difficult\u00e9 de communiquer des \u00e9quipes dans des endroits \u00e9loign\u00e9s, en essayant de surmonter les barri\u00e8res de la distance et des diff\u00e9rentes langues de chacun.\n<\/h2>\t\t\t\t<\/div>\n\t\t\t\t<\/div>\n\t\t\t\t<div class=\"elementor-element elementor-element-94ecb6c elementor-widget elementor-widget-text-editor\" data-id=\"94ecb6c\" data-element_type=\"widget\" data-e-type=\"widget\" data-widget_type=\"text-editor.default\">\n\t\t\t\t<div class=\"elementor-widget-container\">\n\t\t\t\t\t\t\t\t\t<div class=\"col-12 col-md-6 \">\n<div>\n<p>Pour cela, l&#8217;\u00e9tude des besoins de <strong>transmission de donn\u00e9es<\/strong> dans chaque secteur a \u00e9t\u00e9 tr\u00e8s importante dans le d\u00e9veloppement des solutions Farell. La quantit\u00e9 et la fr\u00e9quence des donn\u00e9es n\u00e9cessaires nous situent dans un type d&#8217;\u00e9lectronique sp\u00e9cifique pour r\u00e9soudre les difficult\u00e9s soulev\u00e9es. <\/p>\n<\/div>\n<\/div>\n<div class=\"col-12 col-md-6\"> <\/div>\n\t\t\t\t\t\t\t\t<\/div>\n\t\t\t\t<\/div>\n\t\t\t\t\t<\/div>\n\t\t<\/div>\n\t\t\t\t<div class=\"elementor-column elementor-col-50 elementor-inner-column elementor-element elementor-element-87d6aac\" data-id=\"87d6aac\" data-element_type=\"column\" data-e-type=\"column\">\n\t\t\t<div class=\"elementor-widget-wrap elementor-element-populated\">\n\t\t\t\t\t\t<div class=\"elementor-element elementor-element-1da33f5 elementor-widget elementor-widget-text-editor\" data-id=\"1da33f5\" data-element_type=\"widget\" data-e-type=\"widget\" data-widget_type=\"text-editor.default\">\n\t\t\t\t<div class=\"elementor-widget-container\">\n\t\t\t\t\t\t\t\t\t<p>Dans cette ligne, FARELL INSTRUMENTS se concentre sur le d\u00e9veloppement de <strong>radio-modems professionnels <\/strong>capables de communiquer sur de longues distances, avec une \u00e9lectronique durable et la capacit\u00e9 de relier tous types d&#8217;\u00e9quipements, \u00e0 toutes les heures de la journ\u00e9e en temps r\u00e9el. Contrairement \u00e0 d&#8217;autres technologies, il n&#8217;y a pas de d\u00e9pendance vis-\u00e0-vis d&#8217;op\u00e9rateurs externes, ou de barri\u00e8res physiques, pour fournir une solution 100% fiable et robuste. <\/p>\n<p>La multitude de fabricants et d&#8217;\u00e9quipes de solutions locales sur le terrain cr\u00e9e \u00e9galement une difficult\u00e9 <strong>d&#8217;int\u00e9gration des donn\u00e9es et des signaux<\/strong>. Pour cette raison, une solution est n\u00e9cessaire pour la capture des donn\u00e9es et des signaux \u00e0 transmettre avec des <strong>modules universels<\/strong> pour une multitude de fonctions. Avec la capture et la transmission universelle des donn\u00e9es, il est possible de travailler avec des \u00e9quipes distantes, quelles que soient leur origine et leur langue, comme s&#8217;il s&#8217;agissait d&#8217;un syst\u00e8me unique. <\/p>\n\t\t\t\t\t\t\t\t<\/div>\n\t\t\t\t<\/div>\n\t\t\t\t\t<\/div>\n\t\t<\/div>\n\t\t\t\t\t<\/div>\n\t\t<\/section>\n\t\t\t\t\t<\/div>\n\t\t<\/div>\n\t\t\t\t\t<\/div>\n\t\t<\/section>\n\t\t\t\t<section class=\"elementor-section elementor-top-section elementor-element elementor-element-c7534f4 elementor-section-boxed elementor-section-height-default elementor-section-height-default\" data-id=\"c7534f4\" data-element_type=\"section\" data-e-type=\"section\">\n\t\t\t\t\t\t<div class=\"elementor-container elementor-column-gap-no\">\n\t\t\t\t\t<div class=\"elementor-column elementor-col-100 elementor-top-column elementor-element elementor-element-312367a\" data-id=\"312367a\" data-element_type=\"column\" data-e-type=\"column\">\n\t\t\t<div class=\"elementor-widget-wrap elementor-element-populated\">\n\t\t\t\t\t\t<div class=\"elementor-element elementor-element-f5887df elementor-widget elementor-widget-heading\" data-id=\"f5887df\" data-element_type=\"widget\" data-e-type=\"widget\" data-widget_type=\"heading.default\">\n\t\t\t\t<div class=\"elementor-widget-container\">\n\t\t\t\t\t<h2 class=\"elementor-heading-title elementor-size-default\">PRODUITS<\/h2>\t\t\t\t<\/div>\n\t\t\t\t<\/div>\n\t\t\t\t<section class=\"elementor-section elementor-inner-section elementor-element elementor-element-9e167d5 elementor-section-full_width elementor-section-height-default elementor-section-height-default\" data-id=\"9e167d5\" data-element_type=\"section\" data-e-type=\"section\">\n\t\t\t\t\t\t<div class=\"elementor-container elementor-column-gap-default\">\n\t\t\t\t\t<div class=\"elementor-column elementor-col-33 elementor-inner-column elementor-element elementor-element-790d01e\" data-id=\"790d01e\" data-element_type=\"column\" data-e-type=\"column\" data-settings=\"{&quot;background_background&quot;:&quot;classic&quot;}\">\n\t\t\t<div class=\"elementor-widget-wrap elementor-element-populated\">\n\t\t\t\t\t\t<div class=\"elementor-element elementor-element-a82b269 elementor-widget elementor-widget-image\" data-id=\"a82b269\" data-element_type=\"widget\" data-e-type=\"widget\" data-widget_type=\"image.default\">\n\t\t\t\t<div class=\"elementor-widget-container\">\n\t\t\t\t\t\t\t\t\t\t\t\t\t\t\t\t<a href=\"https:\/\/farell-i.com\/fr\/solutions\/transmission-de-donnees\/t-mod-series\/\">\n\t\t\t\t\t\t\t<img fetchpriority=\"high\" decoding=\"async\" width=\"700\" height=\"800\" src=\"https:\/\/farell-i.com\/wp-content\/uploads\/2024\/05\/T-MOD-C48-Series-1.webp\" class=\"attachment-large size-large wp-image-900\" alt=\"T-MOD-C48+-Series-1\" srcset=\"https:\/\/farell-i.com\/wp-content\/uploads\/2024\/05\/T-MOD-C48-Series-1.webp 700w, https:\/\/farell-i.com\/wp-content\/uploads\/2024\/05\/T-MOD-C48-Series-1-263x300.webp 263w\" sizes=\"(max-width: 700px) 100vw, 700px\" \/>\t\t\t\t\t\t\t\t<\/a>\n\t\t\t\t\t\t\t\t\t\t\t\t\t\t\t<\/div>\n\t\t\t\t<\/div>\n\t\t\t\t<div class=\"elementor-element elementor-element-629e263 elementor-widget elementor-widget-heading\" data-id=\"629e263\" data-element_type=\"widget\" data-e-type=\"widget\" data-widget_type=\"heading.default\">\n\t\t\t\t<div class=\"elementor-widget-container\">\n\t\t\t\t\t<h2 class=\"elementor-heading-title elementor-size-default\">T-MOD SERIES<\/h2>\t\t\t\t<\/div>\n\t\t\t\t<\/div>\n\t\t\t\t\t<\/div>\n\t\t<\/div>\n\t\t\t\t<div class=\"elementor-column elementor-col-33 elementor-inner-column elementor-element elementor-element-70bf6cb\" data-id=\"70bf6cb\" data-element_type=\"column\" data-e-type=\"column\" data-settings=\"{&quot;background_background&quot;:&quot;classic&quot;}\">\n\t\t\t<div class=\"elementor-widget-wrap elementor-element-populated\">\n\t\t\t\t\t\t<div class=\"elementor-element elementor-element-09412b8 elementor-widget elementor-widget-image\" data-id=\"09412b8\" data-element_type=\"widget\" data-e-type=\"widget\" data-widget_type=\"image.default\">\n\t\t\t\t<div class=\"elementor-widget-container\">\n\t\t\t\t\t\t\t\t\t\t\t\t\t\t\t<img decoding=\"async\" width=\"700\" height=\"800\" src=\"https:\/\/farell-i.com\/wp-content\/uploads\/2024\/05\/UMF-100-1.webp\" class=\"attachment-large size-large wp-image-903\" alt=\"\" srcset=\"https:\/\/farell-i.com\/wp-content\/uploads\/2024\/05\/UMF-100-1.webp 700w, https:\/\/farell-i.com\/wp-content\/uploads\/2024\/05\/UMF-100-1-263x300.webp 263w\" sizes=\"(max-width: 700px) 100vw, 700px\" \/>\t\t\t\t\t\t\t\t\t\t\t\t\t\t\t<\/div>\n\t\t\t\t<\/div>\n\t\t\t\t<div class=\"elementor-element elementor-element-83d107f elementor-widget elementor-widget-heading\" data-id=\"83d107f\" data-element_type=\"widget\" data-e-type=\"widget\" data-widget_type=\"heading.default\">\n\t\t\t\t<div class=\"elementor-widget-container\">\n\t\t\t\t\t<h2 class=\"elementor-heading-title elementor-size-default\">UMF-100<\/h2>\t\t\t\t<\/div>\n\t\t\t\t<\/div>\n\t\t\t\t\t<\/div>\n\t\t<\/div>\n\t\t\t\t<div class=\"elementor-column elementor-col-33 elementor-inner-column elementor-element elementor-element-b876815\" data-id=\"b876815\" data-element_type=\"column\" data-e-type=\"column\" data-settings=\"{&quot;background_background&quot;:&quot;classic&quot;}\">\n\t\t\t<div class=\"elementor-widget-wrap\">\n\t\t\t\t\t\t\t<\/div>\n\t\t<\/div>\n\t\t\t\t\t<\/div>\n\t\t<\/section>\n\t\t\t\t\t<\/div>\n\t\t<\/div>\n\t\t\t\t\t<\/div>\n\t\t<\/section>\n\t\t\t\t<\/div>\n\t\t","protected":false},"excerpt":{"rendered":"<p>TRANSMISSION DE DONN\u00c9ES Pendant des d\u00e9cennies, des solutions ont \u00e9t\u00e9 recherch\u00e9es pour la difficult\u00e9 de communiquer des \u00e9quipes dans des endroits \u00e9loign\u00e9s, en essayant de surmonter les barri\u00e8res de la distance et des diff\u00e9rentes langues de chacun. Pour cela, l&#8217;\u00e9tude des besoins de transmission de donn\u00e9es dans chaque secteur a \u00e9t\u00e9 tr\u00e8s importante dans le [&hellip;]<\/p>\n","protected":false},"author":1,"featured_media":0,"parent":2406,"menu_order":0,"comment_status":"closed","ping_status":"closed","template":"","meta":{"footnotes":""},"class_list":["post-2426","page","type-page","status-publish","hentry"],"_links":{"self":[{"href":"https:\/\/farell-i.com\/fr\/wp-json\/wp\/v2\/pages\/2426","targetHints":{"allow":["GET"]}}],"collection":[{"href":"https:\/\/farell-i.com\/fr\/wp-json\/wp\/v2\/pages"}],"about":[{"href":"https:\/\/farell-i.com\/fr\/wp-json\/wp\/v2\/types\/page"}],"author":[{"embeddable":true,"href":"https:\/\/farell-i.com\/fr\/wp-json\/wp\/v2\/users\/1"}],"replies":[{"embeddable":true,"href":"https:\/\/farell-i.com\/fr\/wp-json\/wp\/v2\/comments?post=2426"}],"version-history":[{"count":9,"href":"https:\/\/farell-i.com\/fr\/wp-json\/wp\/v2\/pages\/2426\/revisions"}],"predecessor-version":[{"id":3473,"href":"https:\/\/farell-i.com\/fr\/wp-json\/wp\/v2\/pages\/2426\/revisions\/3473"}],"up":[{"embeddable":true,"href":"https:\/\/farell-i.com\/fr\/wp-json\/wp\/v2\/pages\/2406"}],"wp:attachment":[{"href":"https:\/\/farell-i.com\/fr\/wp-json\/wp\/v2\/media?parent=2426"}],"curies":[{"name":"wp","href":"https:\/\/api.w.org\/{rel}","templated":true}]}}