{"id":2406,"date":"2024-05-28T22:21:37","date_gmt":"2024-05-28T20:21:37","guid":{"rendered":"https:\/\/devel.farell-i.com\/solutions\/"},"modified":"2025-01-10T09:34:11","modified_gmt":"2025-01-10T08:34:11","slug":"solutions","status":"publish","type":"page","link":"https:\/\/farell-i.com\/fr\/solutions\/","title":{"rendered":"Solutions"},"content":{"rendered":"\t\t<div data-elementor-type=\"wp-page\" data-elementor-id=\"2406\" class=\"elementor elementor-2406 elementor-289\" data-elementor-post-type=\"page\">\n\t\t\t\t\t\t<section class=\"elementor-section elementor-top-section elementor-element elementor-element-4d60ac7 elementor-section-boxed elementor-section-height-default elementor-section-height-default\" data-id=\"4d60ac7\" data-element_type=\"section\" data-e-type=\"section\">\n\t\t\t\t\t\t<div class=\"elementor-container elementor-column-gap-default\">\n\t\t\t\t\t<div class=\"elementor-column elementor-col-100 elementor-top-column elementor-element elementor-element-859060d\" data-id=\"859060d\" data-element_type=\"column\" data-e-type=\"column\">\n\t\t\t<div class=\"elementor-widget-wrap elementor-element-populated\">\n\t\t\t\t\t\t<div class=\"elementor-element elementor-element-d187a3e elementor-widget elementor-widget-heading\" data-id=\"d187a3e\" data-element_type=\"widget\" data-e-type=\"widget\" data-widget_type=\"heading.default\">\n\t\t\t\t<div class=\"elementor-widget-container\">\n\t\t\t\t\t<h2 class=\"elementor-heading-title elementor-size-default\">SOLUTIONS\n<\/h2>\t\t\t\t<\/div>\n\t\t\t\t<\/div>\n\t\t\t\t<div class=\"elementor-element elementor-element-f964c06 elementor-widget elementor-widget-heading\" data-id=\"f964c06\" data-element_type=\"widget\" data-e-type=\"widget\" data-widget_type=\"heading.default\">\n\t\t\t\t<div class=\"elementor-widget-container\">\n\t\t\t\t\t<h2 class=\"elementor-heading-title elementor-size-default\">FARELL INSTRUMENTS est une entreprise sp\u00e9cialis\u00e9e dans la conception et la fabrication d\u2019\u00e9quipements de t\u00e9l\u00e9contr\u00f4le et de t\u00e9l\u00e9m\u00e9trie par radio. D\u00e8s le d\u00e9but, l\u2019entreprise a \u00e9t\u00e9 une r\u00e9f\u00e9rence dans le secteur, en se concentrant sur le d\u00e9veloppement de syst\u00e8mes innovants et originaux afin d\u2019apporter au march\u00e9 une gamme compl\u00e8te de solutions dans diff\u00e9rents domaines. \n<\/h2>\t\t\t\t<\/div>\n\t\t\t\t<\/div>\n\t\t\t\t<section class=\"elementor-section elementor-inner-section elementor-element elementor-element-dac50b4 elementor-section-full_width elementor-section-height-default elementor-section-height-default\" data-id=\"dac50b4\" data-element_type=\"section\" data-e-type=\"section\">\n\t\t\t\t\t\t<div class=\"elementor-container elementor-column-gap-no\">\n\t\t\t\t\t<div class=\"elementor-column elementor-col-50 elementor-inner-column elementor-element elementor-element-45a234c\" data-id=\"45a234c\" data-element_type=\"column\" data-e-type=\"column\">\n\t\t\t<div class=\"elementor-widget-wrap elementor-element-populated\">\n\t\t\t\t\t\t<div class=\"elementor-element elementor-element-4ecc45a elementor-widget elementor-widget-text-editor\" data-id=\"4ecc45a\" data-element_type=\"widget\" data-e-type=\"widget\" data-widget_type=\"text-editor.default\">\n\t\t\t\t<div class=\"elementor-widget-container\">\n\t\t\t\t\t\t\t\t\t<p style=\"font-weight: 400;\">\u00catre des concepteurs de tous les \u00e9quipements et processus de production nous permet d\u2019\u00e9voluer constamment et de mani\u00e8re flexible aux demandes du march\u00e9. <\/p>\n<p style=\"font-weight: 400;\">En tant que sp\u00e9cialistes des t\u00e9l\u00e9communications, dans la gamme de la transmission de donn\u00e9es, nous d\u00e9veloppons des radios modems industriels pour une multitude de fonctions. Ces \u00e9quipements permettent de fournir des solutions pour tout type de r\u00e9seau, quelle que soit l\u2019architecture et la taille. De m\u00eame, les syst\u00e8mes con\u00e7us sont capables de s\u2019int\u00e9grer \u00e0 n\u2019importe quel protocole standard ou sp\u00e9cifique.  <\/p>\n\t\t\t\t\t\t\t\t<\/div>\n\t\t\t\t<\/div>\n\t\t\t\t\t<\/div>\n\t\t<\/div>\n\t\t\t\t<div class=\"elementor-column elementor-col-50 elementor-inner-column elementor-element elementor-element-8dd6150\" data-id=\"8dd6150\" data-element_type=\"column\" data-e-type=\"column\">\n\t\t\t<div class=\"elementor-widget-wrap elementor-element-populated\">\n\t\t\t\t\t\t<div class=\"elementor-element elementor-element-393867f elementor-widget elementor-widget-text-editor\" data-id=\"393867f\" data-element_type=\"widget\" data-e-type=\"widget\" data-widget_type=\"text-editor.default\">\n\t\t\t\t<div class=\"elementor-widget-container\">\n\t\t\t\t\t\t\t\t\t<p style=\"font-weight: 400;\">En partant de l\u2019\u00e9lectronique des t\u00e9l\u00e9communications, l\u2019entreprise a \u00e9galement concentr\u00e9 ses efforts sur la mise en place de syst\u00e8mes sp\u00e9cifiques pour le secteur de l\u2019eau. L\u2019excellence et l\u2019originalit\u00e9 des \u00e9quipements fabriqu\u00e9s nous permettent de donner de nouvelles solutions aux syst\u00e8mes d\u2019irrigation, couvrant les besoins de nos clients dans la modernisation agricole actuelle. <\/p>\n<p style=\"font-weight: 400;\">De la m\u00eame mani\u00e8re, nous sommes sp\u00e9cialis\u00e9s dans la fourniture de solutions aux administrations et aux entreprises leaders dans la distribution et l\u2019approvisionnement en eau, pour une gestion plus efficace.<\/p>\n\t\t\t\t\t\t\t\t<\/div>\n\t\t\t\t<\/div>\n\t\t\t\t\t<\/div>\n\t\t<\/div>\n\t\t\t\t\t<\/div>\n\t\t<\/section>\n\t\t\t\t\t<\/div>\n\t\t<\/div>\n\t\t\t\t\t<\/div>\n\t\t<\/section>\n\t\t\t\t<section class=\"elementor-section elementor-top-section elementor-element elementor-element-3f0140c elementor-section-boxed elementor-section-height-default elementor-section-height-default\" data-id=\"3f0140c\" data-element_type=\"section\" data-e-type=\"section\">\n\t\t\t\t\t\t<div class=\"elementor-container elementor-column-gap-default\">\n\t\t\t\t\t<div class=\"elementor-column elementor-col-100 elementor-top-column elementor-element elementor-element-6245df6\" data-id=\"6245df6\" data-element_type=\"column\" data-e-type=\"column\">\n\t\t\t<div class=\"elementor-widget-wrap elementor-element-populated\">\n\t\t\t\t\t\t<section class=\"elementor-section elementor-inner-section elementor-element elementor-element-5190839 elementor-section-full_width elementor-section-height-default elementor-section-height-default\" data-id=\"5190839\" data-element_type=\"section\" data-e-type=\"section\">\n\t\t\t\t\t\t<div class=\"elementor-container elementor-column-gap-default\">\n\t\t\t\t\t<div class=\"elementor-column elementor-col-50 elementor-inner-column elementor-element elementor-element-0608235\" data-id=\"0608235\" data-element_type=\"column\" data-e-type=\"column\">\n\t\t\t<div class=\"elementor-widget-wrap elementor-element-populated\">\n\t\t\t\t\t\t<div class=\"elementor-element elementor-element-b40c6bc elementor-widget elementor-widget-image\" data-id=\"b40c6bc\" data-element_type=\"widget\" data-e-type=\"widget\" data-widget_type=\"image.default\">\n\t\t\t\t<div class=\"elementor-widget-container\">\n\t\t\t\t\t\t\t\t\t\t\t\t\t\t\t\t<a href=\"https:\/\/farell-i.com\/fr\/solutions\/transmission-de-donnees\/\">\n\t\t\t\t\t\t\t<img fetchpriority=\"high\" decoding=\"async\" width=\"450\" height=\"430\" src=\"https:\/\/farell-i.com\/wp-content\/uploads\/2024\/05\/transmission-de-datps-detall-farell.webp\" class=\"attachment-large size-large wp-image-864\" alt=\"\" srcset=\"https:\/\/farell-i.com\/wp-content\/uploads\/2024\/05\/transmission-de-datps-detall-farell.webp 450w, https:\/\/farell-i.com\/wp-content\/uploads\/2024\/05\/transmission-de-datps-detall-farell-300x287.webp 300w\" sizes=\"(max-width: 450px) 100vw, 450px\" \/>\t\t\t\t\t\t\t\t<\/a>\n\t\t\t\t\t\t\t\t\t\t\t\t\t\t\t<\/div>\n\t\t\t\t<\/div>\n\t\t\t\t<div class=\"elementor-element elementor-element-f9b63e9 elementor-widget elementor-widget-heading\" data-id=\"f9b63e9\" data-element_type=\"widget\" data-e-type=\"widget\" data-widget_type=\"heading.default\">\n\t\t\t\t<div class=\"elementor-widget-container\">\n\t\t\t\t\t<h2 class=\"elementor-heading-title elementor-size-default\"><a href=\"https:\/\/farell-i.com\/fr\/solutions\/transmission-de-donnees\/\">Transmission de donn\u00e9es<\/a><\/h2>\t\t\t\t<\/div>\n\t\t\t\t<\/div>\n\t\t\t\t\t<\/div>\n\t\t<\/div>\n\t\t\t\t<div class=\"elementor-column elementor-col-50 elementor-inner-column elementor-element elementor-element-ef84574\" data-id=\"ef84574\" data-element_type=\"column\" data-e-type=\"column\">\n\t\t\t<div class=\"elementor-widget-wrap elementor-element-populated\">\n\t\t\t\t\t\t<div class=\"elementor-element elementor-element-c8eb5fb elementor-widget elementor-widget-image\" data-id=\"c8eb5fb\" data-element_type=\"widget\" data-e-type=\"widget\" data-widget_type=\"image.default\">\n\t\t\t\t<div class=\"elementor-widget-container\">\n\t\t\t\t\t\t\t\t\t\t\t\t\t\t\t\t<a href=\"https:\/\/farell-i.com\/fr\/solutions\/distribution-deau\/\">\n\t\t\t\t\t\t\t<img decoding=\"async\" width=\"450\" height=\"430\" src=\"https:\/\/farell-i.com\/wp-content\/uploads\/2024\/05\/distribucion-de-agua-detal-imgl-farell.webp\" class=\"attachment-large size-large wp-image-858\" alt=\"\" srcset=\"https:\/\/farell-i.com\/wp-content\/uploads\/2024\/05\/distribucion-de-agua-detal-imgl-farell.webp 450w, https:\/\/farell-i.com\/wp-content\/uploads\/2024\/05\/distribucion-de-agua-detal-imgl-farell-300x287.webp 300w\" sizes=\"(max-width: 450px) 100vw, 450px\" \/>\t\t\t\t\t\t\t\t<\/a>\n\t\t\t\t\t\t\t\t\t\t\t\t\t\t\t<\/div>\n\t\t\t\t<\/div>\n\t\t\t\t<div class=\"elementor-element elementor-element-302c362 elementor-widget elementor-widget-heading\" data-id=\"302c362\" data-element_type=\"widget\" data-e-type=\"widget\" data-widget_type=\"heading.default\">\n\t\t\t\t<div class=\"elementor-widget-container\">\n\t\t\t\t\t<h2 class=\"elementor-heading-title elementor-size-default\"><a href=\"https:\/\/farell-i.com\/fr\/solutions\/distribution-deau\/\">Distribution d'eau<\/a><\/h2>\t\t\t\t<\/div>\n\t\t\t\t<\/div>\n\t\t\t\t\t<\/div>\n\t\t<\/div>\n\t\t\t\t\t<\/div>\n\t\t<\/section>\n\t\t\t\t\t<\/div>\n\t\t<\/div>\n\t\t\t\t\t<\/div>\n\t\t<\/section>\n\t\t\t\t<section class=\"elementor-section elementor-top-section elementor-element elementor-element-89d796a elementor-section-boxed elementor-section-height-default elementor-section-height-default\" data-id=\"89d796a\" data-element_type=\"section\" data-e-type=\"section\">\n\t\t\t\t\t\t<div class=\"elementor-container elementor-column-gap-default\">\n\t\t\t\t\t<div class=\"elementor-column elementor-col-100 elementor-top-column elementor-element elementor-element-777d37d\" data-id=\"777d37d\" data-element_type=\"column\" data-e-type=\"column\">\n\t\t\t<div class=\"elementor-widget-wrap elementor-element-populated\">\n\t\t\t\t\t\t<section class=\"elementor-section elementor-inner-section elementor-element elementor-element-042959f elementor-section-full_width elementor-section-height-default elementor-section-height-default\" data-id=\"042959f\" data-element_type=\"section\" data-e-type=\"section\">\n\t\t\t\t\t\t<div class=\"elementor-container elementor-column-gap-default\">\n\t\t\t\t\t<div class=\"elementor-column elementor-col-50 elementor-inner-column elementor-element elementor-element-ed86719\" data-id=\"ed86719\" data-element_type=\"column\" data-e-type=\"column\">\n\t\t\t<div class=\"elementor-widget-wrap elementor-element-populated\">\n\t\t\t\t\t\t<div class=\"elementor-element elementor-element-c8273b5 elementor-widget elementor-widget-image\" data-id=\"c8273b5\" data-element_type=\"widget\" data-e-type=\"widget\" data-widget_type=\"image.default\">\n\t\t\t\t<div class=\"elementor-widget-container\">\n\t\t\t\t\t\t\t\t\t\t\t\t\t\t\t\t<a href=\"https:\/\/farell-i.com\/fr\/solutions\/systeme-dirrigation\/\">\n\t\t\t\t\t\t\t<img decoding=\"async\" width=\"450\" height=\"430\" src=\"https:\/\/farell-i.com\/wp-content\/uploads\/2024\/05\/distribucion-de-agua-detall-farell.webp\" class=\"attachment-large size-large wp-image-861\" alt=\"\" srcset=\"https:\/\/farell-i.com\/wp-content\/uploads\/2024\/05\/distribucion-de-agua-detall-farell.webp 450w, https:\/\/farell-i.com\/wp-content\/uploads\/2024\/05\/distribucion-de-agua-detall-farell-300x287.webp 300w\" sizes=\"(max-width: 450px) 100vw, 450px\" \/>\t\t\t\t\t\t\t\t<\/a>\n\t\t\t\t\t\t\t\t\t\t\t\t\t\t\t<\/div>\n\t\t\t\t<\/div>\n\t\t\t\t<div class=\"elementor-element elementor-element-af3ce31 elementor-widget elementor-widget-heading\" data-id=\"af3ce31\" data-element_type=\"widget\" data-e-type=\"widget\" data-widget_type=\"heading.default\">\n\t\t\t\t<div class=\"elementor-widget-container\">\n\t\t\t\t\t<h2 class=\"elementor-heading-title elementor-size-default\"><a href=\"https:\/\/farell-i.com\/fr\/solutions\/systeme-dirrigation\/\">SYST\u00c8ME D'IRRIGATION<\/a><\/h2>\t\t\t\t<\/div>\n\t\t\t\t<\/div>\n\t\t\t\t\t<\/div>\n\t\t<\/div>\n\t\t\t\t<div class=\"elementor-column elementor-col-50 elementor-inner-column elementor-element elementor-element-ed57579\" data-id=\"ed57579\" data-element_type=\"column\" data-e-type=\"column\">\n\t\t\t<div class=\"elementor-widget-wrap elementor-element-populated\">\n\t\t\t\t\t\t<div class=\"elementor-element elementor-element-aacbcd6 elementor-widget elementor-widget-image\" data-id=\"aacbcd6\" data-element_type=\"widget\" data-e-type=\"widget\" data-widget_type=\"image.default\">\n\t\t\t\t<div class=\"elementor-widget-container\">\n\t\t\t\t\t\t\t\t\t\t\t\t\t\t\t\t<a href=\"https:\/\/farell-i.com\/fr\/solutions\/systeme-dirrigation-2\/\">\n\t\t\t\t\t\t\t<img loading=\"lazy\" decoding=\"async\" width=\"450\" height=\"430\" src=\"https:\/\/farell-i.com\/wp-content\/uploads\/2025\/01\/4-Farell_Banner_Web_450x430px.jpg\" class=\"attachment-large size-large wp-image-3671\" alt=\"\" srcset=\"https:\/\/farell-i.com\/wp-content\/uploads\/2025\/01\/4-Farell_Banner_Web_450x430px.jpg 450w, https:\/\/farell-i.com\/wp-content\/uploads\/2025\/01\/4-Farell_Banner_Web_450x430px-300x287.jpg 300w\" sizes=\"(max-width: 450px) 100vw, 450px\" \/>\t\t\t\t\t\t\t\t<\/a>\n\t\t\t\t\t\t\t\t\t\t\t\t\t\t\t<\/div>\n\t\t\t\t<\/div>\n\t\t\t\t<div class=\"elementor-element elementor-element-892a399 elementor-widget elementor-widget-heading\" data-id=\"892a399\" data-element_type=\"widget\" data-e-type=\"widget\" data-widget_type=\"heading.default\">\n\t\t\t\t<div class=\"elementor-widget-container\">\n\t\t\t\t\t<h2 class=\"elementor-heading-title elementor-size-default\"><a href=\"https:\/\/farell-i.com\/fr\/solutions\/systeme-dirrigation-2\/\">COMMANDES \u00c0 DISTANCE<\/a><\/h2>\t\t\t\t<\/div>\n\t\t\t\t<\/div>\n\t\t\t\t\t<\/div>\n\t\t<\/div>\n\t\t\t\t\t<\/div>\n\t\t<\/section>\n\t\t\t\t\t<\/div>\n\t\t<\/div>\n\t\t\t\t\t<\/div>\n\t\t<\/section>\n\t\t\t\t<\/div>\n\t\t","protected":false},"excerpt":{"rendered":"<p>SOLUTIONS FARELL INSTRUMENTS est une entreprise sp\u00e9cialis\u00e9e dans la conception et la fabrication d\u2019\u00e9quipements de t\u00e9l\u00e9contr\u00f4le et de t\u00e9l\u00e9m\u00e9trie par radio. D\u00e8s le d\u00e9but, l\u2019entreprise a \u00e9t\u00e9 une r\u00e9f\u00e9rence dans le secteur, en se concentrant sur le d\u00e9veloppement de syst\u00e8mes innovants et originaux afin d\u2019apporter au march\u00e9 une gamme compl\u00e8te de solutions dans diff\u00e9rents domaines. [&hellip;]<\/p>\n","protected":false},"author":1,"featured_media":0,"parent":0,"menu_order":0,"comment_status":"closed","ping_status":"closed","template":"","meta":{"footnotes":""},"class_list":["post-2406","page","type-page","status-publish","hentry"],"_links":{"self":[{"href":"https:\/\/farell-i.com\/fr\/wp-json\/wp\/v2\/pages\/2406","targetHints":{"allow":["GET"]}}],"collection":[{"href":"https:\/\/farell-i.com\/fr\/wp-json\/wp\/v2\/pages"}],"about":[{"href":"https:\/\/farell-i.com\/fr\/wp-json\/wp\/v2\/types\/page"}],"author":[{"embeddable":true,"href":"https:\/\/farell-i.com\/fr\/wp-json\/wp\/v2\/users\/1"}],"replies":[{"embeddable":true,"href":"https:\/\/farell-i.com\/fr\/wp-json\/wp\/v2\/comments?post=2406"}],"version-history":[{"count":10,"href":"https:\/\/farell-i.com\/fr\/wp-json\/wp\/v2\/pages\/2406\/revisions"}],"predecessor-version":[{"id":3677,"href":"https:\/\/farell-i.com\/fr\/wp-json\/wp\/v2\/pages\/2406\/revisions\/3677"}],"wp:attachment":[{"href":"https:\/\/farell-i.com\/fr\/wp-json\/wp\/v2\/media?parent=2406"}],"curies":[{"name":"wp","href":"https:\/\/api.w.org\/{rel}","templated":true}]}}