{"id":2400,"date":"2024-05-30T01:36:26","date_gmt":"2024-05-29T23:36:26","guid":{"rendered":"https:\/\/devel.farell-i.com\/politique-de-cookies\/"},"modified":"2024-10-17T10:50:13","modified_gmt":"2024-10-17T08:50:13","slug":"politique-de-cookies","status":"publish","type":"page","link":"https:\/\/farell-i.com\/fr\/politique-de-cookies\/","title":{"rendered":"Politique de cookies"},"content":{"rendered":"\t\t<div data-elementor-type=\"wp-page\" data-elementor-id=\"2400\" class=\"elementor elementor-2400 elementor-750\" data-elementor-post-type=\"page\">\n\t\t\t\t\t\t<section class=\"elementor-section elementor-top-section elementor-element elementor-element-d98c779 elementor-section-full_width elementor-section-height-default elementor-section-height-default\" data-id=\"d98c779\" data-element_type=\"section\" data-e-type=\"section\">\n\t\t\t\t\t\t<div class=\"elementor-container elementor-column-gap-no\">\n\t\t\t\t\t<div class=\"elementor-column elementor-col-100 elementor-top-column elementor-element elementor-element-9f237ca\" data-id=\"9f237ca\" data-element_type=\"column\" data-e-type=\"column\">\n\t\t\t<div class=\"elementor-widget-wrap elementor-element-populated\">\n\t\t\t\t\t\t<div class=\"elementor-element elementor-element-c29f8d0 elementor-widget elementor-widget-heading\" data-id=\"c29f8d0\" data-element_type=\"widget\" data-e-type=\"widget\" data-widget_type=\"heading.default\">\n\t\t\t\t<div class=\"elementor-widget-container\">\n\t\t\t\t\t<h2 class=\"elementor-heading-title elementor-size-default\">POLITIQUE DE COOKIES <\/h2>\t\t\t\t<\/div>\n\t\t\t\t<\/div>\n\t\t\t\t\t<\/div>\n\t\t<\/div>\n\t\t\t\t\t<\/div>\n\t\t<\/section>\n\t\t\t\t<section class=\"elementor-section elementor-top-section elementor-element elementor-element-a97b33e elementor-section-boxed elementor-section-height-default elementor-section-height-default\" data-id=\"a97b33e\" data-element_type=\"section\" data-e-type=\"section\">\n\t\t\t\t\t\t<div class=\"elementor-container elementor-column-gap-no\">\n\t\t\t\t\t<div class=\"elementor-column elementor-col-100 elementor-top-column elementor-element elementor-element-0254aad\" data-id=\"0254aad\" data-element_type=\"column\" data-e-type=\"column\">\n\t\t\t<div class=\"elementor-widget-wrap elementor-element-populated\">\n\t\t\t\t\t\t<div class=\"elementor-element elementor-element-159e431 elementor-widget elementor-widget-text-editor\" data-id=\"159e431\" data-element_type=\"widget\" data-e-type=\"widget\" data-widget_type=\"text-editor.default\">\n\t\t\t\t<div class=\"elementor-widget-container\">\n\t\t\t\t\t\t\t\t\t<p><strong>Que sont les cookies<\/p>\n<p><\/strong><\/p>\n<p>Les cookies sont de petits fichiers de donn\u00e9es qui sont re\u00e7us dans le terminal \u00e0 partir du site Web visit\u00e9 et utilis\u00e9s pour enregistrer certaines interactions de navigation d\u2019un site Web en stockant des donn\u00e9es qui peuvent \u00eatre mises \u00e0 jour et r\u00e9cup\u00e9r\u00e9es. Ces fichiers sont stock\u00e9s sur l&#8217;ordinateur de l&#8217;utilisateur et contiennent des donn\u00e9es anonymes qui ne sont pas pr\u00e9judiciables \u00e0 votre ordinateur. Ils sont utilis\u00e9s pour m\u00e9moriser les pr\u00e9f\u00e9rences de l\u2019utilisateur, telles que la langue s\u00e9lectionn\u00e9e, les donn\u00e9es d\u2019acc\u00e8s ou la personnalisation de la page.  <\/p>\n<p>Les cookies peuvent \u00e9galement \u00eatre utilis\u00e9s pour enregistrer des informations anonymes sur la fa\u00e7on dont un visiteur utilise un site. Par exemple, \u00e0 partir de quelle page Web vous avez acc\u00e9d\u00e9, ou si vous avez utilis\u00e9 un baner publicitaire pour arriver. <\/p>\n<p><strong>Pourquoi utilisons-nous des cookies ?<\/strong><\/p>\n<p>Ce site Web utilise des cookies strictement n\u00e9cessaires et essentiels pour que vous puissiez utiliser notre site Web et vous permettre de vous d\u00e9placer librement, d\u2019utiliser des zones s\u00fbres, des options personnalis\u00e9es&#8230; En outre, nous utilisons les cookies pour collecter les donn\u00e9es relatives \u00e0 l\u2019analyse de l\u2019utilisation du Web. Ceux-ci sont utilis\u00e9s pour aider \u00e0 am\u00e9liorer le service \u00e0 la client\u00e8le, en mesurant l\u2019utilisation et la performance de la page pour l\u2019optimiser et la personnaliser.  <\/p>\n<p><strong>Quelle utilit\u00e9 donnons-nous aux diff\u00e9rents types de cookies ?<\/strong><\/p>\n<p>Cookies techniques: Ce sont ceux qui sont indispensables et strictement n\u00e9cessaires pour le bon fonctionnement d\u2019un portail Web et l\u2019utilisation des diff\u00e9rentes options et services qu\u2019ils offrent.<\/p>\n<p>Cookies de personnalisation : ils permettent \u00e0 l\u2019utilisateur de sp\u00e9cifier ou de personnaliser certaines caract\u00e9ristiques des options g\u00e9n\u00e9rales de la page Web.<\/p>\n<p>Cookies analytiques : nous les utilisons pour cr\u00e9er des profils de navigation et pour conna\u00eetre les pr\u00e9f\u00e9rences des utilisateurs afin d\u2019am\u00e9liorer l\u2019offre de produits et de services.<\/p>\n<p>Cookies de publicit\u00e9 : ils permettent de conserver des informations comportementales \u00e0 travers l\u2019observation des habitudes, d\u2019\u00e9tudier les acc\u00e8s et de cr\u00e9er un profil de pr\u00e9f\u00e9rences de l\u2019utilisateur pour offrir des publicit\u00e9s li\u00e9es \u00e0 ses int\u00e9r\u00eats.<\/p>\n<p>En fonction de la dur\u00e9e de ces cookies, nous pouvons les d\u00e9finir comme:<\/p>\n<p>Cookies de session: Ce sont ceux qui durent le temps que l\u2019utilisateur navigue sur le site Web et sont supprim\u00e9s lorsqu\u2019il est termin\u00e9.<\/p>\n<p>Cookies permanents: Ce sont ceux qui sont stock\u00e9s dans le terminal de l\u2019utilisateur, pour une dur\u00e9e plus longue, facilitant le contr\u00f4le des pr\u00e9f\u00e9rences choisies sans avoir \u00e0 r\u00e9p\u00e9ter certains param\u00e8tres chaque fois que vous visitez le site Web.<\/p>\n<p><strong>Cookies tiers<\/strong><\/p>\n<p>Cookies d\u2019analyse : ils permettent de quantifier le nombre d\u2019utilisateurs et ainsi de r\u00e9aliser la mesure et l\u2019analyse statistique de l\u2019utilisation que font les utilisateurs du service offert. C\u2019est pourquoi nous analysons votre navigation sur notre site Web afin d\u2019am\u00e9liorer l\u2019offre de produits ou de services que nous vous offrons. <\/p>\n<p>Conna\u00eetre les tiers:<br \/>&#8211; <a href=\"https:\/\/developers.google.com\/analytics\/devguides\/collection\/analyticsjs\/cookie-usage?hl=es\" target=\"_blank\" rel=\"noopener\">Google analytics<\/a><\/p>\n<p>Cookies utilis\u00e9s par des add-ons de fournisseurs externes de contenu : ils permettent d\u2019acc\u00e9der aux contenus ou services fournis par des tiers, par exemple, de visionner les vid\u00e9os h\u00e9berg\u00e9es sur Vimeo ou Youtube.<\/p>\n<p>Conna\u00eetre les tiers:<br \/>&#8211; <a href=\"https:\/\/www.adobe.com\/es\/privacy\/cookies.html\" target=\"_blank\" rel=\"noopener\">Adobe<\/a><br \/>&#8211; <a href=\"https:\/\/es-es.facebook.com\/policies\/cookies\/\" target=\"_blank\" rel=\"noopener\">Facebook<\/a><br \/>&#8211; <a href=\"https:\/\/policies.google.com\/technologies\/types?hl=es\" target=\"_blank\" rel=\"noopener\">Google maps<\/a><br \/>&#8211; <a href=\"https:\/\/help.instagram.com\/1896641480634370?ref=ig%2C\" target=\"_blank\" rel=\"noopener\">Instagram<\/a><br \/>&#8211; <a href=\"https:\/\/www.linkedin.com\/legal\/cookie-policy?_l=es_ES\" target=\"_blank\" rel=\"noopener\">Linkedin<\/a><br \/>&#8211; <a href=\"https:\/\/policy.pinterest.com\/es\/cookies\" target=\"_blank\" rel=\"noopener\">Pinterest<\/a><br \/>&#8211; <a href=\"https:\/\/twitter.com\/en\/privacy\" target=\"_blank\" rel=\"noopener\">Twitter<\/a><br \/>&#8211; <a href=\"https:\/\/vimeo.com\/cookie_policy\" target=\"_blank\" rel=\"noopener\">Vimeo<\/a><br \/>&#8211;          <a href=\"https:\/\/policies.google.com\/privacy?hl=es&amp;gl=es\" target=\"_blank\" rel=\"noopener\">Youtube<\/a><\/p>\n<p><strong>Et si je ne veux pas avoir ces cookies ou que je ne fais rien \u00e0 ce sujet?<\/strong><\/p>\n<p>Pour se conformer \u00e0 la l\u00e9gislation en vigueur, nous devons demander votre autorisation pour g\u00e9rer les cookies. Si vous d\u00e9cidez de ne pas autoriser le traitement en indiquant votre non-conformit\u00e9, nous n\u2019utiliserons que les cookies techniques, car ils sont essentiels pour la navigation sur notre site Web. Dans ce cas, nous ne conservons aucun cookie. Si vous continuez \u00e0 naviguer sur le site sans refuser votre autorisation, cela signifie que vous acceptez son utilisation.   <\/p>\n<p>Vous devez savoir que si vous refusez ou supprimez les cookies de navigation sur le Web, nous ne pourrons pas maintenir vos pr\u00e9f\u00e9rences, certaines fonctionnalit\u00e9s des pages ne seront pas op\u00e9rationnelles, nous ne pourrons pas offrir de services personnalis\u00e9s et chaque fois que vous devrez naviguer sur le Web, nous devrons demander \u00e0 nouveau l\u2019autorisation d\u2019utiliser les cookies.<\/p>\n<p>Si vous d\u00e9cidez cependant de modifier la configuration de votre acc\u00e8s \u00e0 la page Web, vous devez savoir qu&#8217;il est possible d&#8217;\u00e9liminer les cookies ou d&#8217;emp\u00eacher l&#8217;enregistrement de cette information dans votre \u00e9quipement \u00e0 tout moment en modifiant les param\u00e8tres correspondants selon le navigateur:<br \/>&#8211; <a href=\"https:\/\/support.google.com\/chrome\/answer\/95647?hl=es\" target=\"_blank\" rel=\"noopener\">Chrome<\/a><br \/>&#8211; <a href=\"https:\/\/support.google.com\/chrome\/answer\/114662?hl=es&amp;visit_id=637366229830463074-1900085083&amp;rd=1\" target=\"_blank\" rel=\"noopener\">Chrome pour Android<\/a><br \/>&#8211; <a href=\"https:\/\/support.microsoft.com\/es-es\/help\/17442\/windows-internet-explorer-delete-manage-cookies\" target=\"_blank\" rel=\"noopener\">Explorer<\/a><br \/>&#8211; <a href=\"https:\/\/www.mozilla.org\/es-ES\/privacy\/websites\/#cookies\" target=\"_blank\" rel=\"noopener\">Firefox<\/a><br \/>&#8211; <a href=\"https:\/\/help.opera.com\/en\/latest\/web-preferences\/#cookies\" target=\"_blank\" rel=\"noopener\">Opera<\/a><br \/>&#8211; <a href=\"https:\/\/www.apple.com\/legal\/privacy\/es\/cookies\/\" target=\"_blank\" rel=\"noopener\">Safari<\/a><br \/>&#8211; <a href=\"https:\/\/support.apple.com\/ca-es\/HT201265\" target=\"_blank\" rel=\"noopener\">Safari pour IOS<\/a><\/p>\n\t\t\t\t\t\t\t\t<\/div>\n\t\t\t\t<\/div>\n\t\t\t\t\t<\/div>\n\t\t<\/div>\n\t\t\t\t\t<\/div>\n\t\t<\/section>\n\t\t\t\t<\/div>\n\t\t","protected":false},"excerpt":{"rendered":"<p>POLITIQUE DE COOKIES Que sont les cookies Les cookies sont de petits fichiers de donn\u00e9es qui sont re\u00e7us dans le terminal \u00e0 partir du site Web visit\u00e9 et utilis\u00e9s pour enregistrer certaines interactions de navigation d\u2019un site Web en stockant des donn\u00e9es qui peuvent \u00eatre mises \u00e0 jour et r\u00e9cup\u00e9r\u00e9es. Ces fichiers sont stock\u00e9s sur [&hellip;]<\/p>\n","protected":false},"author":1,"featured_media":0,"parent":0,"menu_order":0,"comment_status":"closed","ping_status":"closed","template":"","meta":{"footnotes":""},"class_list":["post-2400","page","type-page","status-publish","hentry"],"_links":{"self":[{"href":"https:\/\/farell-i.com\/fr\/wp-json\/wp\/v2\/pages\/2400","targetHints":{"allow":["GET"]}}],"collection":[{"href":"https:\/\/farell-i.com\/fr\/wp-json\/wp\/v2\/pages"}],"about":[{"href":"https:\/\/farell-i.com\/fr\/wp-json\/wp\/v2\/types\/page"}],"author":[{"embeddable":true,"href":"https:\/\/farell-i.com\/fr\/wp-json\/wp\/v2\/users\/1"}],"replies":[{"embeddable":true,"href":"https:\/\/farell-i.com\/fr\/wp-json\/wp\/v2\/comments?post=2400"}],"version-history":[{"count":1,"href":"https:\/\/farell-i.com\/fr\/wp-json\/wp\/v2\/pages\/2400\/revisions"}],"predecessor-version":[{"id":2401,"href":"https:\/\/farell-i.com\/fr\/wp-json\/wp\/v2\/pages\/2400\/revisions\/2401"}],"wp:attachment":[{"href":"https:\/\/farell-i.com\/fr\/wp-json\/wp\/v2\/media?parent=2400"}],"curies":[{"name":"wp","href":"https:\/\/api.w.org\/{rel}","templated":true}]}}