{"id":2394,"date":"2024-05-29T23:35:34","date_gmt":"2024-05-29T21:35:34","guid":{"rendered":"https:\/\/devel.farell-i.com\/partners\/"},"modified":"2024-10-23T13:26:58","modified_gmt":"2024-10-23T11:26:58","slug":"partners","status":"publish","type":"page","link":"https:\/\/farell-i.com\/fr\/partners\/","title":{"rendered":"Partners"},"content":{"rendered":"\t\t<div data-elementor-type=\"wp-page\" data-elementor-id=\"2394\" class=\"elementor elementor-2394 elementor-598\" data-elementor-post-type=\"page\">\n\t\t\t\t\t\t<section class=\"elementor-section elementor-top-section elementor-element elementor-element-41ab6a8 elementor-section-height-min-height elementor-section-boxed elementor-section-height-default elementor-section-items-middle\" data-id=\"41ab6a8\" data-element_type=\"section\" data-e-type=\"section\">\n\t\t\t\t\t\t\t<div class=\"elementor-background-overlay\"><\/div>\n\t\t\t\t\t\t\t<div class=\"elementor-container elementor-column-gap-no\">\n\t\t\t\t\t<div class=\"elementor-column elementor-col-100 elementor-top-column elementor-element elementor-element-21f7f6b\" data-id=\"21f7f6b\" data-element_type=\"column\" data-e-type=\"column\">\n\t\t\t<div class=\"elementor-widget-wrap elementor-element-populated\">\n\t\t\t\t\t\t<div class=\"elementor-element elementor-element-dfd3cfe elementor-widget elementor-widget-heading\" data-id=\"dfd3cfe\" data-element_type=\"widget\" data-e-type=\"widget\" data-widget_type=\"heading.default\">\n\t\t\t\t<div class=\"elementor-widget-container\">\n\t\t\t\t\t<h2 class=\"elementor-heading-title elementor-size-default\">PARTNERS<\/h2>\t\t\t\t<\/div>\n\t\t\t\t<\/div>\n\t\t\t\t\t<\/div>\n\t\t<\/div>\n\t\t\t\t\t<\/div>\n\t\t<\/section>\n\t\t\t\t<section class=\"elementor-section elementor-top-section elementor-element elementor-element-ca00ebc elementor-section-boxed elementor-section-height-default elementor-section-height-default\" data-id=\"ca00ebc\" data-element_type=\"section\" data-e-type=\"section\">\n\t\t\t\t\t\t<div class=\"elementor-container elementor-column-gap-default\">\n\t\t\t\t\t<div class=\"elementor-column elementor-col-100 elementor-top-column elementor-element elementor-element-687863c\" data-id=\"687863c\" data-element_type=\"column\" data-e-type=\"column\">\n\t\t\t<div class=\"elementor-widget-wrap elementor-element-populated\">\n\t\t\t\t\t\t<div class=\"elementor-element elementor-element-8d4d26a elementor-widget elementor-widget-heading\" data-id=\"8d4d26a\" data-element_type=\"widget\" data-e-type=\"widget\" data-widget_type=\"heading.default\">\n\t\t\t\t<div class=\"elementor-widget-container\">\n\t\t\t\t\t<h2 class=\"elementor-heading-title elementor-size-default\">Depuis sa cr\u00e9ation, FARELL INSTRUMENTS a opt\u00e9 pour une collaboration constante avec des entreprises du monde entier pour se rapprocher des march\u00e9s o\u00f9 elles op\u00e8rent.<\/h2>\t\t\t\t<\/div>\n\t\t\t\t<\/div>\n\t\t\t\t<section class=\"elementor-section elementor-inner-section elementor-element elementor-element-73c40f1 elementor-section-full_width elementor-section-height-default elementor-section-height-default\" data-id=\"73c40f1\" data-element_type=\"section\" data-e-type=\"section\">\n\t\t\t\t\t\t<div class=\"elementor-container elementor-column-gap-no\">\n\t\t\t\t\t<div class=\"elementor-column elementor-col-50 elementor-inner-column elementor-element elementor-element-c4dcfd5\" data-id=\"c4dcfd5\" data-element_type=\"column\" data-e-type=\"column\">\n\t\t\t<div class=\"elementor-widget-wrap elementor-element-populated\">\n\t\t\t\t\t\t<div class=\"elementor-element elementor-element-94ecb6c elementor-widget elementor-widget-text-editor\" data-id=\"94ecb6c\" data-element_type=\"widget\" data-e-type=\"widget\" data-widget_type=\"text-editor.default\">\n\t\t\t\t<div class=\"elementor-widget-container\">\n\t\t\t\t\t\t\t\t\t<p style=\"font-weight: 400;\">La figure du PARTNER FARELL est le moteur d&#8217;une croissance continue qui permet \u00e0 FARELL INSTRUMENTS d&#8217;\u00eatre en contact permanent avec le march\u00e9, en apportant des connaissances et un soutien mutuel constant.<\/p>\n<p style=\"font-weight: 400;\">Les PARTNER FARELL sont \u00e9troitement li\u00e9s \u00e0 leurs march\u00e9s locaux et technologiques, \u00e9tant capables d&#8217;assimiler leurs besoins r\u00e9els. Les projets auxquels ils participent repr\u00e9sentent une augmentation d&#8217;exp\u00e9rience et d&#8217;apprentissage dans laquelle FARELL INSTRUMENTS veut \u00eatre pr\u00e9sent. <\/p>\n\t\t\t\t\t\t\t\t<\/div>\n\t\t\t\t<\/div>\n\t\t\t\t\t<\/div>\n\t\t<\/div>\n\t\t\t\t<div class=\"elementor-column elementor-col-50 elementor-inner-column elementor-element elementor-element-87d6aac\" data-id=\"87d6aac\" data-element_type=\"column\" data-e-type=\"column\">\n\t\t\t<div class=\"elementor-widget-wrap elementor-element-populated\">\n\t\t\t\t\t\t<div class=\"elementor-element elementor-element-1da33f5 elementor-widget elementor-widget-text-editor\" data-id=\"1da33f5\" data-element_type=\"widget\" data-e-type=\"widget\" data-widget_type=\"text-editor.default\">\n\t\t\t\t<div class=\"elementor-widget-container\">\n\t\t\t\t\t\t\t\t\t<div class=\"container\">\n<div class=\"row margin-bottom-60\">\n<div class=\"col-12 col-lg-6\">\n<div class=\"mb-3\">\n<p style=\"font-weight: 400;\">De son c\u00f4t\u00e9, l&#8217;entreprise d\u00e9veloppe en permanence les technologies les mieux adapt\u00e9es aux solutions apport\u00e9es \u00e0 ses clients par les FARELL PARTNERS, et apporte son savoir-faire \u00e0 travers des certifications, documentations, formations, et un support technique continu.<\/p>\n<p style=\"font-weight: 400;\">Toujours pr\u00e9sents pour nos collaborateurs actuels et futurs, nous fournissons une attention ininterrompue de n&#8217;importe lequel de nos d\u00e9partements.<br \/>Pour tout besoin, il suffit de <a href=\"https:\/\/farell-i.com\/fr\/contacter\/\"><u>contacter ici<\/u><\/a>.<\/p>\n<\/div>\n<\/div>\n<\/div>\n<\/div>\n\t\t\t\t\t\t\t\t<\/div>\n\t\t\t\t<\/div>\n\t\t\t\t\t<\/div>\n\t\t<\/div>\n\t\t\t\t\t<\/div>\n\t\t<\/section>\n\t\t\t\t\t<\/div>\n\t\t<\/div>\n\t\t\t\t\t<\/div>\n\t\t<\/section>\n\t\t\t\t<\/div>\n\t\t","protected":false},"excerpt":{"rendered":"<p>PARTNERS Depuis sa cr\u00e9ation, FARELL INSTRUMENTS a opt\u00e9 pour une collaboration constante avec des entreprises du monde entier pour se rapprocher des march\u00e9s o\u00f9 elles op\u00e8rent. La figure du PARTNER FARELL est le moteur d&#8217;une croissance continue qui permet \u00e0 FARELL INSTRUMENTS d&#8217;\u00eatre en contact permanent avec le march\u00e9, en apportant des connaissances et un [&hellip;]<\/p>\n","protected":false},"author":1,"featured_media":0,"parent":0,"menu_order":0,"comment_status":"closed","ping_status":"closed","template":"","meta":{"footnotes":""},"class_list":["post-2394","page","type-page","status-publish","hentry"],"_links":{"self":[{"href":"https:\/\/farell-i.com\/fr\/wp-json\/wp\/v2\/pages\/2394","targetHints":{"allow":["GET"]}}],"collection":[{"href":"https:\/\/farell-i.com\/fr\/wp-json\/wp\/v2\/pages"}],"about":[{"href":"https:\/\/farell-i.com\/fr\/wp-json\/wp\/v2\/types\/page"}],"author":[{"embeddable":true,"href":"https:\/\/farell-i.com\/fr\/wp-json\/wp\/v2\/users\/1"}],"replies":[{"embeddable":true,"href":"https:\/\/farell-i.com\/fr\/wp-json\/wp\/v2\/comments?post=2394"}],"version-history":[{"count":6,"href":"https:\/\/farell-i.com\/fr\/wp-json\/wp\/v2\/pages\/2394\/revisions"}],"predecessor-version":[{"id":2828,"href":"https:\/\/farell-i.com\/fr\/wp-json\/wp\/v2\/pages\/2394\/revisions\/2828"}],"wp:attachment":[{"href":"https:\/\/farell-i.com\/fr\/wp-json\/wp\/v2\/media?parent=2394"}],"curies":[{"name":"wp","href":"https:\/\/api.w.org\/{rel}","templated":true}]}}