{"id":2372,"date":"2024-05-28T19:54:57","date_gmt":"2024-05-28T17:54:57","guid":{"rendered":"https:\/\/devel.farell-i.com\/entreprise\/philosophie\/"},"modified":"2024-10-23T13:10:54","modified_gmt":"2024-10-23T11:10:54","slug":"philosophie","status":"publish","type":"page","link":"https:\/\/farell-i.com\/fr\/entreprise\/philosophie\/","title":{"rendered":"PHILOSOPHIE"},"content":{"rendered":"\t\t<div data-elementor-type=\"wp-page\" data-elementor-id=\"2372\" class=\"elementor elementor-2372 elementor-131\" data-elementor-post-type=\"page\">\n\t\t\t\t\t\t<section class=\"elementor-section elementor-top-section elementor-element elementor-element-41ab6a8 elementor-section-height-min-height elementor-section-boxed elementor-section-height-default elementor-section-items-middle\" data-id=\"41ab6a8\" data-element_type=\"section\" data-e-type=\"section\">\n\t\t\t\t\t\t\t<div class=\"elementor-background-overlay\"><\/div>\n\t\t\t\t\t\t\t<div class=\"elementor-container elementor-column-gap-no\">\n\t\t\t\t\t<div class=\"elementor-column elementor-col-100 elementor-top-column elementor-element elementor-element-21f7f6b\" data-id=\"21f7f6b\" data-element_type=\"column\" data-e-type=\"column\">\n\t\t\t<div class=\"elementor-widget-wrap elementor-element-populated\">\n\t\t\t\t\t\t<div class=\"elementor-element elementor-element-dfd3cfe elementor-widget elementor-widget-heading\" data-id=\"dfd3cfe\" data-element_type=\"widget\" data-e-type=\"widget\" data-widget_type=\"heading.default\">\n\t\t\t\t<div class=\"elementor-widget-container\">\n\t\t\t\t\t<h2 class=\"elementor-heading-title elementor-size-default\">PHILOSOPHIE<\/h2>\t\t\t\t<\/div>\n\t\t\t\t<\/div>\n\t\t\t\t\t<\/div>\n\t\t<\/div>\n\t\t\t\t\t<\/div>\n\t\t<\/section>\n\t\t\t\t<section class=\"elementor-section elementor-top-section elementor-element elementor-element-ca00ebc elementor-section-boxed elementor-section-height-default elementor-section-height-default\" data-id=\"ca00ebc\" data-element_type=\"section\" data-e-type=\"section\">\n\t\t\t\t\t\t<div class=\"elementor-container elementor-column-gap-default\">\n\t\t\t\t\t<div class=\"elementor-column elementor-col-100 elementor-top-column elementor-element elementor-element-687863c\" data-id=\"687863c\" data-element_type=\"column\" data-e-type=\"column\">\n\t\t\t<div class=\"elementor-widget-wrap elementor-element-populated\">\n\t\t\t\t\t\t<div class=\"elementor-element elementor-element-8d4d26a elementor-widget elementor-widget-heading\" data-id=\"8d4d26a\" data-element_type=\"widget\" data-e-type=\"widget\" data-widget_type=\"heading.default\">\n\t\t\t\t<div class=\"elementor-widget-container\">\n\t\t\t\t\t<h2 class=\"elementor-heading-title elementor-size-default\">La durabilit\u00e9 future doit non seulement prendre en compte la bonne gestion des ressources, mais aussi l'utilisation minimale d'\u00e9nergie pour y parvenir.<\/h2>\t\t\t\t<\/div>\n\t\t\t\t<\/div>\n\t\t\t\t<section class=\"elementor-section elementor-inner-section elementor-element elementor-element-73c40f1 elementor-section-full_width elementor-section-height-default elementor-section-height-default\" data-id=\"73c40f1\" data-element_type=\"section\" data-e-type=\"section\">\n\t\t\t\t\t\t<div class=\"elementor-container elementor-column-gap-no\">\n\t\t\t\t\t<div class=\"elementor-column elementor-col-50 elementor-inner-column elementor-element elementor-element-c4dcfd5\" data-id=\"c4dcfd5\" data-element_type=\"column\" data-e-type=\"column\">\n\t\t\t<div class=\"elementor-widget-wrap elementor-element-populated\">\n\t\t\t\t\t\t<div class=\"elementor-element elementor-element-94ecb6c elementor-widget elementor-widget-text-editor\" data-id=\"94ecb6c\" data-element_type=\"widget\" data-e-type=\"widget\" data-widget_type=\"text-editor.default\">\n\t\t\t\t<div class=\"elementor-widget-container\">\n\t\t\t\t\t\t\t\t\t<p>Depuis ses d\u00e9buts jusqu&#8217;\u00e0 aujourd&#8217;hui, la <strong>mission<\/strong> de <strong>FARELL INSTRUMENTS<\/strong> a \u00e9t\u00e9 tr\u00e8s claire: fournir une <strong>technologie innovante<\/strong> qui permet une meilleure efficacit\u00e9 dans l&#8217;utilisation de toutes sortes de ressources d&#8217;int\u00e9r\u00eat mondial, naturelles et artificielles. Cette <strong>technologie<\/strong> et <strong>nos connaissances<\/strong> servent \u00e0 <strong>aider nos clients \u00e0 fournir des solutions dans les projets de modernisation de la gestion des ressources<\/strong>. <\/p>\n<p>Notre <strong>vision<\/strong> est celle d&#8217;un <strong>monde plus durable<\/strong>, o\u00f9 la <strong>technologie<\/strong> aide \u00e0 \u00eatre <strong>plus efficace<\/strong> et o\u00f9 les rares ressources disponibles peuvent \u00eatre utilis\u00e9es \u00e0 leur juste mesure. La<strong> durabilit\u00e9 future <\/strong>doit non seulement prendre en compte la <strong>bonne gestion des ressources<\/strong>, mais aussi l&#8217;utilisation <strong>minimale d&#8217;\u00e9nergie <\/strong>pour y parvenir. <\/p>\n\t\t\t\t\t\t\t\t<\/div>\n\t\t\t\t<\/div>\n\t\t\t\t\t<\/div>\n\t\t<\/div>\n\t\t\t\t<div class=\"elementor-column elementor-col-50 elementor-inner-column elementor-element elementor-element-87d6aac\" data-id=\"87d6aac\" data-element_type=\"column\" data-e-type=\"column\">\n\t\t\t<div class=\"elementor-widget-wrap elementor-element-populated\">\n\t\t\t\t\t\t<div class=\"elementor-element elementor-element-1da33f5 elementor-widget elementor-widget-text-editor\" data-id=\"1da33f5\" data-element_type=\"widget\" data-e-type=\"widget\" data-widget_type=\"text-editor.default\">\n\t\t\t\t<div class=\"elementor-widget-container\">\n\t\t\t\t\t\t\t\t\t<div class=\"container\">\n<div class=\"row margin-bottom-60\">\n<div class=\"col-12 col-lg-6\">\n<div class=\"mb-3\">\n<p>Afin d&#8217;atteindre nos objectifs, nous nous sommes fix\u00e9s des <strong>valeurs<\/strong> ax\u00e9es sur les bienfaits pour l&#8217;environnement et pour tous les agents qui participent \u00e0 sa r\u00e9alisation. Celles-ci vont de notre <strong>engagement envers la durabilit\u00e9<\/strong>, <strong>l&#8217;excellence<\/strong> de nos <strong>produits et services<\/strong>, ainsi qu&#8217;une attention extr\u00eame aux <strong>nouvelles innovations <\/strong>et aux besoins qui se pr\u00e9sentent. <\/p>\n<\/div>\n<\/div>\n<\/div>\n<\/div>\n\t\t\t\t\t\t\t\t<\/div>\n\t\t\t\t<\/div>\n\t\t\t\t\t<\/div>\n\t\t<\/div>\n\t\t\t\t\t<\/div>\n\t\t<\/section>\n\t\t\t\t\t<\/div>\n\t\t<\/div>\n\t\t\t\t\t<\/div>\n\t\t<\/section>\n\t\t\t\t<\/div>\n\t\t","protected":false},"excerpt":{"rendered":"<p>PHILOSOPHIE La durabilit\u00e9 future doit non seulement prendre en compte la bonne gestion des ressources, mais aussi l&#8217;utilisation minimale d&#8217;\u00e9nergie pour y parvenir. Depuis ses d\u00e9buts jusqu&#8217;\u00e0 aujourd&#8217;hui, la mission de FARELL INSTRUMENTS a \u00e9t\u00e9 tr\u00e8s claire: fournir une technologie innovante qui permet une meilleure efficacit\u00e9 dans l&#8217;utilisation de toutes sortes de ressources d&#8217;int\u00e9r\u00eat mondial, [&hellip;]<\/p>\n","protected":false},"author":1,"featured_media":0,"parent":2340,"menu_order":0,"comment_status":"closed","ping_status":"closed","template":"","meta":{"footnotes":""},"class_list":["post-2372","page","type-page","status-publish","hentry"],"_links":{"self":[{"href":"https:\/\/farell-i.com\/fr\/wp-json\/wp\/v2\/pages\/2372","targetHints":{"allow":["GET"]}}],"collection":[{"href":"https:\/\/farell-i.com\/fr\/wp-json\/wp\/v2\/pages"}],"about":[{"href":"https:\/\/farell-i.com\/fr\/wp-json\/wp\/v2\/types\/page"}],"author":[{"embeddable":true,"href":"https:\/\/farell-i.com\/fr\/wp-json\/wp\/v2\/users\/1"}],"replies":[{"embeddable":true,"href":"https:\/\/farell-i.com\/fr\/wp-json\/wp\/v2\/comments?post=2372"}],"version-history":[{"count":3,"href":"https:\/\/farell-i.com\/fr\/wp-json\/wp\/v2\/pages\/2372\/revisions"}],"predecessor-version":[{"id":2812,"href":"https:\/\/farell-i.com\/fr\/wp-json\/wp\/v2\/pages\/2372\/revisions\/2812"}],"up":[{"embeddable":true,"href":"https:\/\/farell-i.com\/fr\/wp-json\/wp\/v2\/pages\/2340"}],"wp:attachment":[{"href":"https:\/\/farell-i.com\/fr\/wp-json\/wp\/v2\/media?parent=2372"}],"curies":[{"name":"wp","href":"https:\/\/api.w.org\/{rel}","templated":true}]}}