{"id":2366,"date":"2024-05-28T20:57:36","date_gmt":"2024-05-28T18:57:36","guid":{"rendered":"https:\/\/devel.farell-i.com\/entreprise\/farrell-dans-le-monde\/"},"modified":"2026-04-13T13:01:06","modified_gmt":"2026-04-13T11:01:06","slug":"farrell-dans-le-monde","status":"publish","type":"page","link":"https:\/\/farell-i.com\/fr\/entreprise\/farrell-dans-le-monde\/","title":{"rendered":"FARRELL DANS LE MONDE"},"content":{"rendered":"\t\t<div data-elementor-type=\"wp-page\" data-elementor-id=\"2366\" class=\"elementor elementor-2366 elementor-282\" data-elementor-post-type=\"page\">\n\t\t\t\t\t\t<section class=\"elementor-section elementor-top-section elementor-element elementor-element-41ab6a8 elementor-section-full_width elementor-section-height-min-height elementor-section-height-default elementor-section-items-middle\" data-id=\"41ab6a8\" data-element_type=\"section\" data-e-type=\"section\">\n\t\t\t\t\t\t\t<div class=\"elementor-background-overlay\"><\/div>\n\t\t\t\t\t\t\t<div class=\"elementor-container elementor-column-gap-no\">\n\t\t\t\t\t<div class=\"elementor-column elementor-col-100 elementor-top-column elementor-element elementor-element-21f7f6b\" data-id=\"21f7f6b\" data-element_type=\"column\" data-e-type=\"column\">\n\t\t\t<div class=\"elementor-widget-wrap elementor-element-populated\">\n\t\t\t\t\t\t<div class=\"elementor-element elementor-element-dfd3cfe elementor-widget elementor-widget-heading\" data-id=\"dfd3cfe\" data-element_type=\"widget\" data-e-type=\"widget\" data-widget_type=\"heading.default\">\n\t\t\t\t<div class=\"elementor-widget-container\">\n\t\t\t\t\t<h2 class=\"elementor-heading-title elementor-size-default\">FARELL DANS LE MONDE<\/h2>\t\t\t\t<\/div>\n\t\t\t\t<\/div>\n\t\t\t\t\t<\/div>\n\t\t<\/div>\n\t\t\t\t\t<\/div>\n\t\t<\/section>\n\t\t\t\t<section class=\"elementor-section elementor-top-section elementor-element elementor-element-ca00ebc elementor-section-boxed elementor-section-height-default elementor-section-height-default\" data-id=\"ca00ebc\" data-element_type=\"section\" data-e-type=\"section\">\n\t\t\t\t\t\t<div class=\"elementor-container elementor-column-gap-default\">\n\t\t\t\t\t<div class=\"elementor-column elementor-col-100 elementor-top-column elementor-element elementor-element-687863c\" data-id=\"687863c\" data-element_type=\"column\" data-e-type=\"column\">\n\t\t\t<div class=\"elementor-widget-wrap elementor-element-populated\">\n\t\t\t\t\t\t<div class=\"elementor-element elementor-element-8d4d26a elementor-widget elementor-widget-heading\" data-id=\"8d4d26a\" data-element_type=\"widget\" data-e-type=\"widget\" data-widget_type=\"heading.default\">\n\t\t\t\t<div class=\"elementor-widget-container\">\n\t\t\t\t\t<h2 class=\"elementor-heading-title elementor-size-default\">Pour FARELL INSTRUMENTS, l'internationalisation de ses syst\u00e8mes et services a \u00e9t\u00e9 fondamentale, car le d\u00e9veloppement technologique peut fournir des solutions de gestion des ressources dans n'importe quel domaine et g\u00e9ographie.\n<\/h2>\t\t\t\t<\/div>\n\t\t\t\t<\/div>\n\t\t\t\t<section class=\"elementor-section elementor-inner-section elementor-element elementor-element-73c40f1 elementor-section-full_width elementor-section-height-default elementor-section-height-default\" data-id=\"73c40f1\" data-element_type=\"section\" data-e-type=\"section\">\n\t\t\t\t\t\t<div class=\"elementor-container elementor-column-gap-no\">\n\t\t\t\t\t<div class=\"elementor-column elementor-col-50 elementor-inner-column elementor-element elementor-element-c4dcfd5\" data-id=\"c4dcfd5\" data-element_type=\"column\" data-e-type=\"column\">\n\t\t\t<div class=\"elementor-widget-wrap elementor-element-populated\">\n\t\t\t\t\t\t<div class=\"elementor-element elementor-element-94ecb6c elementor-widget elementor-widget-text-editor\" data-id=\"94ecb6c\" data-element_type=\"widget\" data-e-type=\"widget\" data-widget_type=\"text-editor.default\">\n\t\t\t\t<div class=\"elementor-widget-container\">\n\t\t\t\t\t\t\t\t\t<div class=\"col-12 col-lg-6 \">\n<div class=\"mb-3\">\n<p>C&#8217;est pourquoi, d\u00e8s le d\u00e9but, il y avait un fort engagement \u00e0 pouvoir atteindre des collaborateurs et des clients de tous les continents, et \u00e0 se concentrer sur une solution globale pour les syst\u00e8mes de contr\u00f4le \u00e0 distance.<\/p>\n<\/div>\n<\/div>\n\t\t\t\t\t\t\t\t<\/div>\n\t\t\t\t<\/div>\n\t\t\t\t\t<\/div>\n\t\t<\/div>\n\t\t\t\t<div class=\"elementor-column elementor-col-50 elementor-inner-column elementor-element elementor-element-87d6aac\" data-id=\"87d6aac\" data-element_type=\"column\" data-e-type=\"column\">\n\t\t\t<div class=\"elementor-widget-wrap elementor-element-populated\">\n\t\t\t\t\t\t<div class=\"elementor-element elementor-element-1da33f5 elementor-widget elementor-widget-text-editor\" data-id=\"1da33f5\" data-element_type=\"widget\" data-e-type=\"widget\" data-widget_type=\"text-editor.default\">\n\t\t\t\t<div class=\"elementor-widget-container\">\n\t\t\t\t\t\t\t\t\t<div class=\"container\">\n<div class=\"row margin-bottom-60\">\n<div class=\"col-12 col-lg-6\">\n<div class=\"mb-3\">\n<p>Aujourd&#8217;hui, FARELL INSTRUMENTS a collabor\u00e9 \u00e0 des projets sur les cinq continents, vendant plus de 100 000 unit\u00e9s de nos plus de 100 r\u00e9f\u00e9rences au cours de ces ann\u00e9es, depuis la cr\u00e9ation de l&#8217;entreprise en 1989.<\/p>\n<\/div>\n<\/div>\n<\/div>\n<\/div>\n\t\t\t\t\t\t\t\t<\/div>\n\t\t\t\t<\/div>\n\t\t\t\t\t<\/div>\n\t\t<\/div>\n\t\t\t\t\t<\/div>\n\t\t<\/section>\n\t\t\t\t\t<\/div>\n\t\t<\/div>\n\t\t\t\t\t<\/div>\n\t\t<\/section>\n\t\t\t\t<section class=\"elementor-section elementor-top-section elementor-element elementor-element-e44c508 elementor-section-boxed elementor-section-height-default elementor-section-height-default\" data-id=\"e44c508\" data-element_type=\"section\" data-e-type=\"section\">\n\t\t\t\t\t\t<div class=\"elementor-container elementor-column-gap-no\">\n\t\t\t\t\t<div class=\"elementor-column elementor-col-100 elementor-top-column elementor-element elementor-element-f05ce8d\" data-id=\"f05ce8d\" data-element_type=\"column\" data-e-type=\"column\">\n\t\t\t<div class=\"elementor-widget-wrap elementor-element-populated\">\n\t\t\t\t\t\t<div class=\"elementor-element elementor-element-9cbb2e0 elementor-widget elementor-widget-image\" data-id=\"9cbb2e0\" data-element_type=\"widget\" data-e-type=\"widget\" data-widget_type=\"image.default\">\n\t\t\t\t<div class=\"elementor-widget-container\">\n\t\t\t\t\t\t\t\t\t\t\t\t\t\t\t<img fetchpriority=\"high\" decoding=\"async\" width=\"1400\" height=\"887\" src=\"https:\/\/farell-i.com\/wp-content\/uploads\/2024\/05\/MAPA.webp\" class=\"attachment-full size-full wp-image-894\" alt=\"\" srcset=\"https:\/\/farell-i.com\/wp-content\/uploads\/2024\/05\/MAPA.webp 1400w, https:\/\/farell-i.com\/wp-content\/uploads\/2024\/05\/MAPA-300x190.webp 300w, https:\/\/farell-i.com\/wp-content\/uploads\/2024\/05\/MAPA-1024x649.webp 1024w, https:\/\/farell-i.com\/wp-content\/uploads\/2024\/05\/MAPA-768x487.webp 768w\" sizes=\"(max-width: 1400px) 100vw, 1400px\" \/>\t\t\t\t\t\t\t\t\t\t\t\t\t\t\t<\/div>\n\t\t\t\t<\/div>\n\t\t\t\t\t<\/div>\n\t\t<\/div>\n\t\t\t\t\t<\/div>\n\t\t<\/section>\n\t\t\t\t<\/div>\n\t\t","protected":false},"excerpt":{"rendered":"<p>FARELL DANS LE MONDE Pour FARELL INSTRUMENTS, l&#8217;internationalisation de ses syst\u00e8mes et services a \u00e9t\u00e9 fondamentale, car le d\u00e9veloppement technologique peut fournir des solutions de gestion des ressources dans n&#8217;importe quel domaine et g\u00e9ographie. C&#8217;est pourquoi, d\u00e8s le d\u00e9but, il y avait un fort engagement \u00e0 pouvoir atteindre des collaborateurs et des clients de tous [&hellip;]<\/p>\n","protected":false},"author":1,"featured_media":0,"parent":2340,"menu_order":0,"comment_status":"closed","ping_status":"closed","template":"","meta":{"footnotes":""},"class_list":["post-2366","page","type-page","status-publish","hentry"],"_links":{"self":[{"href":"https:\/\/farell-i.com\/fr\/wp-json\/wp\/v2\/pages\/2366","targetHints":{"allow":["GET"]}}],"collection":[{"href":"https:\/\/farell-i.com\/fr\/wp-json\/wp\/v2\/pages"}],"about":[{"href":"https:\/\/farell-i.com\/fr\/wp-json\/wp\/v2\/types\/page"}],"author":[{"embeddable":true,"href":"https:\/\/farell-i.com\/fr\/wp-json\/wp\/v2\/users\/1"}],"replies":[{"embeddable":true,"href":"https:\/\/farell-i.com\/fr\/wp-json\/wp\/v2\/comments?post=2366"}],"version-history":[{"count":6,"href":"https:\/\/farell-i.com\/fr\/wp-json\/wp\/v2\/pages\/2366\/revisions"}],"predecessor-version":[{"id":5418,"href":"https:\/\/farell-i.com\/fr\/wp-json\/wp\/v2\/pages\/2366\/revisions\/5418"}],"up":[{"embeddable":true,"href":"https:\/\/farell-i.com\/fr\/wp-json\/wp\/v2\/pages\/2340"}],"wp:attachment":[{"href":"https:\/\/farell-i.com\/fr\/wp-json\/wp\/v2\/media?parent=2366"}],"curies":[{"name":"wp","href":"https:\/\/api.w.org\/{rel}","templated":true}]}}