{"id":2360,"date":"2024-05-28T20:16:24","date_gmt":"2024-05-28T18:16:24","guid":{"rendered":"https:\/\/devel.farell-i.com\/entreprise\/experience\/"},"modified":"2024-10-23T13:16:11","modified_gmt":"2024-10-23T11:16:11","slug":"experience","status":"publish","type":"page","link":"https:\/\/farell-i.com\/fr\/entreprise\/experience\/","title":{"rendered":"EXP\u00c9RIENCE"},"content":{"rendered":"\t\t<div data-elementor-type=\"wp-page\" data-elementor-id=\"2360\" class=\"elementor elementor-2360 elementor-162\" data-elementor-post-type=\"page\">\n\t\t\t\t\t\t<section class=\"elementor-section elementor-top-section elementor-element elementor-element-41ab6a8 elementor-section-full_width elementor-section-height-min-height elementor-section-height-default elementor-section-items-middle\" data-id=\"41ab6a8\" data-element_type=\"section\" data-e-type=\"section\">\n\t\t\t\t\t\t\t<div class=\"elementor-background-overlay\"><\/div>\n\t\t\t\t\t\t\t<div class=\"elementor-container elementor-column-gap-no\">\n\t\t\t\t\t<div class=\"elementor-column elementor-col-100 elementor-top-column elementor-element elementor-element-21f7f6b\" data-id=\"21f7f6b\" data-element_type=\"column\" data-e-type=\"column\">\n\t\t\t<div class=\"elementor-widget-wrap elementor-element-populated\">\n\t\t\t\t\t\t<div class=\"elementor-element elementor-element-dfd3cfe elementor-widget elementor-widget-heading\" data-id=\"dfd3cfe\" data-element_type=\"widget\" data-e-type=\"widget\" data-widget_type=\"heading.default\">\n\t\t\t\t<div class=\"elementor-widget-container\">\n\t\t\t\t\t<h2 class=\"elementor-heading-title elementor-size-default\">EXP\u00c9RIENCE<\/h2>\t\t\t\t<\/div>\n\t\t\t\t<\/div>\n\t\t\t\t\t<\/div>\n\t\t<\/div>\n\t\t\t\t\t<\/div>\n\t\t<\/section>\n\t\t\t\t<section class=\"elementor-section elementor-top-section elementor-element elementor-element-ca00ebc elementor-section-boxed elementor-section-height-default elementor-section-height-default\" data-id=\"ca00ebc\" data-element_type=\"section\" data-e-type=\"section\">\n\t\t\t\t\t\t<div class=\"elementor-container elementor-column-gap-default\">\n\t\t\t\t\t<div class=\"elementor-column elementor-col-100 elementor-top-column elementor-element elementor-element-687863c\" data-id=\"687863c\" data-element_type=\"column\" data-e-type=\"column\">\n\t\t\t<div class=\"elementor-widget-wrap elementor-element-populated\">\n\t\t\t\t\t\t<div class=\"elementor-element elementor-element-8d4d26a elementor-widget elementor-widget-heading\" data-id=\"8d4d26a\" data-element_type=\"widget\" data-e-type=\"widget\" data-widget_type=\"heading.default\">\n\t\t\t\t<div class=\"elementor-widget-container\">\n\t\t\t\t\t<h2 class=\"elementor-heading-title elementor-size-default\">FARELL INSTRUMENTS a connu une croissance et une \u00e9volution qui lui ont permis d'\u00eatre une r\u00e9f\u00e9rence dans de nombreux secteurs et march\u00e9s.\n\n<\/h2>\t\t\t\t<\/div>\n\t\t\t\t<\/div>\n\t\t\t\t<section class=\"elementor-section elementor-inner-section elementor-element elementor-element-73c40f1 elementor-section-full_width elementor-section-height-default elementor-section-height-default\" data-id=\"73c40f1\" data-element_type=\"section\" data-e-type=\"section\">\n\t\t\t\t\t\t<div class=\"elementor-container elementor-column-gap-no\">\n\t\t\t\t\t<div class=\"elementor-column elementor-col-50 elementor-inner-column elementor-element elementor-element-c4dcfd5\" data-id=\"c4dcfd5\" data-element_type=\"column\" data-e-type=\"column\">\n\t\t\t<div class=\"elementor-widget-wrap elementor-element-populated\">\n\t\t\t\t\t\t<div class=\"elementor-element elementor-element-94ecb6c elementor-widget elementor-widget-text-editor\" data-id=\"94ecb6c\" data-element_type=\"widget\" data-e-type=\"widget\" data-widget_type=\"text-editor.default\">\n\t\t\t\t<div class=\"elementor-widget-container\">\n\t\t\t\t\t\t\t\t\t<p>Lorsque, \u00e0 la fin des ann\u00e9es 80, Josep Picanyol et Jos\u00e9 Luis Prieto ont lanc\u00e9 le projet FARELL INSTRUMENTS, ils avaient deux pr\u00e9misses au-dessus de toute autre: la qualit\u00e9 et le design. Ces deux principes sont devenus les deux piliers de base de l\u2019entreprise depuis sa cr\u00e9ation jusqu\u2019\u00e0 nos jours : excellence et originalit\u00e9. <\/p>\n<p>Issus tous les deux des secteurs professionnels de l&#8217;\u00e9nergie, des t\u00e9l\u00e9communications et du contr\u00f4le, ces deux ing\u00e9nieurs avaient une attitude et un engagement forts envers le progr\u00e8s technologique et l&#8217;innovation. Ses comp\u00e9tences et ses pr\u00e9occupations ont permis \u00e0 l&#8217;entreprise de d\u00e9marrer son activit\u00e9 en 1989, sp\u00e9cialis\u00e9e dans le d\u00e9veloppement, la production et la commercialisation d&#8217;\u00e9quipements et de syst\u00e8mes de t\u00e9l\u00e9communications professionnels pour diff\u00e9rents secteurs. <\/p>\n\t\t\t\t\t\t\t\t<\/div>\n\t\t\t\t<\/div>\n\t\t\t\t\t<\/div>\n\t\t<\/div>\n\t\t\t\t<div class=\"elementor-column elementor-col-50 elementor-inner-column elementor-element elementor-element-87d6aac\" data-id=\"87d6aac\" data-element_type=\"column\" data-e-type=\"column\">\n\t\t\t<div class=\"elementor-widget-wrap elementor-element-populated\">\n\t\t\t\t\t\t<div class=\"elementor-element elementor-element-1da33f5 elementor-widget elementor-widget-text-editor\" data-id=\"1da33f5\" data-element_type=\"widget\" data-e-type=\"widget\" data-widget_type=\"text-editor.default\">\n\t\t\t\t<div class=\"elementor-widget-container\">\n\t\t\t\t\t\t\t\t\t<p>Dans la volont\u00e9 d&#8217;offrir l&#8217;excellence, avec des solutions sp\u00e9cifiques efficientes et efficaces pour chaque secteur, et l&#8217;originalit\u00e9, avec leurs propres conceptions et d\u00e9veloppements nouveaux sur le march\u00e9, ils se sont toujours entour\u00e9s d&#8217;une excellente \u00e9quipe de professionnels pour pouvoir progresser dans la direction qu&#8217;ils avaient trac\u00e9e, qu&#8217;ils avaient soulev\u00e9e.<\/p>\n<p>Pendant ce temps, FARELL INSTRUMENTS a connu une croissance et une \u00e9volution qui lui ont permis d&#8217;\u00eatre une r\u00e9f\u00e9rence dans de nombreux secteurs et march\u00e9s, avec lesquels elle est d\u00e9sormais une entreprise reconnue pour sa multitude de solutions technologiques au niveau mondial, sans perdre son essence initiale. d&#8217;\u00eatre un projet centr\u00e9 sur les m\u00eames valeurs, et dans lequel toute l&#8217;\u00e9quipe participe \u00e0 cette reconnaissance.<\/p>\n\t\t\t\t\t\t\t\t<\/div>\n\t\t\t\t<\/div>\n\t\t\t\t\t<\/div>\n\t\t<\/div>\n\t\t\t\t\t<\/div>\n\t\t<\/section>\n\t\t\t\t\t<\/div>\n\t\t<\/div>\n\t\t\t\t\t<\/div>\n\t\t<\/section>\n\t\t\t\t<\/div>\n\t\t","protected":false},"excerpt":{"rendered":"<p>EXP\u00c9RIENCE FARELL INSTRUMENTS a connu une croissance et une \u00e9volution qui lui ont permis d&#8217;\u00eatre une r\u00e9f\u00e9rence dans de nombreux secteurs et march\u00e9s. Lorsque, \u00e0 la fin des ann\u00e9es 80, Josep Picanyol et Jos\u00e9 Luis Prieto ont lanc\u00e9 le projet FARELL INSTRUMENTS, ils avaient deux pr\u00e9misses au-dessus de toute autre: la qualit\u00e9 et le design. [&hellip;]<\/p>\n","protected":false},"author":1,"featured_media":0,"parent":2340,"menu_order":0,"comment_status":"closed","ping_status":"closed","template":"","meta":{"footnotes":""},"class_list":["post-2360","page","type-page","status-publish","hentry"],"_links":{"self":[{"href":"https:\/\/farell-i.com\/fr\/wp-json\/wp\/v2\/pages\/2360","targetHints":{"allow":["GET"]}}],"collection":[{"href":"https:\/\/farell-i.com\/fr\/wp-json\/wp\/v2\/pages"}],"about":[{"href":"https:\/\/farell-i.com\/fr\/wp-json\/wp\/v2\/types\/page"}],"author":[{"embeddable":true,"href":"https:\/\/farell-i.com\/fr\/wp-json\/wp\/v2\/users\/1"}],"replies":[{"embeddable":true,"href":"https:\/\/farell-i.com\/fr\/wp-json\/wp\/v2\/comments?post=2360"}],"version-history":[{"count":3,"href":"https:\/\/farell-i.com\/fr\/wp-json\/wp\/v2\/pages\/2360\/revisions"}],"predecessor-version":[{"id":2814,"href":"https:\/\/farell-i.com\/fr\/wp-json\/wp\/v2\/pages\/2360\/revisions\/2814"}],"up":[{"embeddable":true,"href":"https:\/\/farell-i.com\/fr\/wp-json\/wp\/v2\/pages\/2340"}],"wp:attachment":[{"href":"https:\/\/farell-i.com\/fr\/wp-json\/wp\/v2\/media?parent=2360"}],"curies":[{"name":"wp","href":"https:\/\/api.w.org\/{rel}","templated":true}]}}