{"id":2344,"date":"2024-05-29T23:39:11","date_gmt":"2024-05-29T21:39:11","guid":{"rendered":"https:\/\/devel.farell-i.com\/actualite\/"},"modified":"2025-01-17T07:27:48","modified_gmt":"2025-01-17T06:27:48","slug":"actualite","status":"publish","type":"page","link":"https:\/\/farell-i.com\/fr\/actualite\/","title":{"rendered":"Actualit\u00e9"},"content":{"rendered":"\t\t<div data-elementor-type=\"wp-page\" data-elementor-id=\"2344\" class=\"elementor elementor-2344 elementor-612\" data-elementor-post-type=\"page\">\n\t\t\t\t\t\t<section class=\"elementor-section elementor-top-section elementor-element elementor-element-3909ea3 elementor-section-full_width elementor-section-height-default elementor-section-height-default\" data-id=\"3909ea3\" data-element_type=\"section\" data-e-type=\"section\">\n\t\t\t\t\t\t<div class=\"elementor-container elementor-column-gap-no\">\n\t\t\t\t\t<div class=\"elementor-column elementor-col-100 elementor-top-column elementor-element elementor-element-626d7c6\" data-id=\"626d7c6\" data-element_type=\"column\" data-e-type=\"column\">\n\t\t\t<div class=\"elementor-widget-wrap elementor-element-populated\">\n\t\t\t\t\t\t<div class=\"elementor-element elementor-element-1b46702 elementor-widget elementor-widget-heading\" data-id=\"1b46702\" data-element_type=\"widget\" data-e-type=\"widget\" data-widget_type=\"heading.default\">\n\t\t\t\t<div class=\"elementor-widget-container\">\n\t\t\t\t\t<h2 class=\"elementor-heading-title elementor-size-default\">ACTUALIT\u00c9<\/h2>\t\t\t\t<\/div>\n\t\t\t\t<\/div>\n\t\t\t\t\t<\/div>\n\t\t<\/div>\n\t\t\t\t\t<\/div>\n\t\t<\/section>\n\t\t\t\t<section class=\"elementor-section elementor-top-section elementor-element elementor-element-5596a7a elementor-section-boxed elementor-section-height-default elementor-section-height-default\" data-id=\"5596a7a\" data-element_type=\"section\" data-e-type=\"section\">\n\t\t\t\t\t\t<div class=\"elementor-container elementor-column-gap-default\">\n\t\t\t\t\t<div class=\"elementor-column elementor-col-100 elementor-top-column elementor-element elementor-element-de289e2\" data-id=\"de289e2\" data-element_type=\"column\" data-e-type=\"column\">\n\t\t\t<div class=\"elementor-widget-wrap elementor-element-populated\">\n\t\t\t\t\t\t<div class=\"elementor-element elementor-element-6d4e4ab elementor-grid-3 elementor-grid-tablet-2 elementor-grid-mobile-1 elementor-posts--thumbnail-top elementor-widget elementor-widget-posts\" data-id=\"6d4e4ab\" data-element_type=\"widget\" data-e-type=\"widget\" data-settings=\"{&quot;pagination_type&quot;:&quot;numbers_and_prev_next&quot;,&quot;classic_columns&quot;:&quot;3&quot;,&quot;classic_columns_tablet&quot;:&quot;2&quot;,&quot;classic_columns_mobile&quot;:&quot;1&quot;,&quot;classic_row_gap&quot;:{&quot;unit&quot;:&quot;px&quot;,&quot;size&quot;:35,&quot;sizes&quot;:[]},&quot;classic_row_gap_tablet&quot;:{&quot;unit&quot;:&quot;px&quot;,&quot;size&quot;:&quot;&quot;,&quot;sizes&quot;:[]},&quot;classic_row_gap_mobile&quot;:{&quot;unit&quot;:&quot;px&quot;,&quot;size&quot;:&quot;&quot;,&quot;sizes&quot;:[]}}\" data-widget_type=\"posts.classic\">\n\t\t\t\t<div class=\"elementor-widget-container\">\n\t\t\t\t\t\t\t<div class=\"elementor-posts-container elementor-posts elementor-posts--skin-classic elementor-grid\" role=\"list\">\n\t\t\t\t<article class=\"elementor-post elementor-grid-item post-5401 post type-post status-publish format-standard has-post-thumbnail hentry category-actualites\" role=\"listitem\">\n\t\t\t\t<a class=\"elementor-post__thumbnail__link\" href=\"https:\/\/farell-i.com\/fr\/vacances-de-noel-2025\/\" tabindex=\"-1\" >\n\t\t\t<div class=\"elementor-post__thumbnail\"><img fetchpriority=\"high\" decoding=\"async\" width=\"2000\" height=\"1400\" src=\"https:\/\/farell-i.com\/wp-content\/uploads\/2025\/01\/NADAL.png\" class=\"attachment-full size-full wp-image-3711\" alt=\"\" srcset=\"https:\/\/farell-i.com\/wp-content\/uploads\/2025\/01\/NADAL.png 2000w, https:\/\/farell-i.com\/wp-content\/uploads\/2025\/01\/NADAL-300x210.png 300w, https:\/\/farell-i.com\/wp-content\/uploads\/2025\/01\/NADAL-1024x717.png 1024w, https:\/\/farell-i.com\/wp-content\/uploads\/2025\/01\/NADAL-768x538.png 768w, https:\/\/farell-i.com\/wp-content\/uploads\/2025\/01\/NADAL-1536x1075.png 1536w\" sizes=\"(max-width: 2000px) 100vw, 2000px\" \/><\/div>\n\t\t<\/a>\n\t\t\t\t<div class=\"elementor-post__text\">\n\t\t\t\t<h3 class=\"elementor-post__title\">\n\t\t\t<a href=\"https:\/\/farell-i.com\/fr\/vacances-de-noel-2025\/\" >\n\t\t\t\tVacances de No\u00ebl 2025\t\t\t<\/a>\n\t\t<\/h3>\n\t\t\t\t<div class=\"elementor-post__meta-data\">\n\t\t\t\t\t<span class=\"elementor-post-date\">\n\t\t\t22\/12\/2025\t\t<\/span>\n\t\t\t\t<\/div>\n\t\t\t\t<div class=\"elementor-post__excerpt\">\n\t\t\t<p>Notre entreprise sera ferm\u00e9e pour vacances du 24 d\u00e9cembre 2025 au 6 janvier 2026.<\/p>\n\t\t<\/div>\n\t\t\t\t<\/div>\n\t\t\t\t<\/article>\n\t\t\t\t<article class=\"elementor-post elementor-grid-item post-5388 post type-post status-publish format-standard has-post-thumbnail hentry category-actualites\" role=\"listitem\">\n\t\t\t\t<a class=\"elementor-post__thumbnail__link\" href=\"https:\/\/farell-i.com\/fr\/succes-du-taf-ce-2025\/\" tabindex=\"-1\" >\n\t\t\t<div class=\"elementor-post__thumbnail\"><img decoding=\"async\" width=\"2000\" height=\"1399\" src=\"https:\/\/farell-i.com\/wp-content\/uploads\/2024\/10\/Tuberia-Agua-TAF.jpg\" class=\"attachment-full size-full wp-image-1876\" alt=\"\" srcset=\"https:\/\/farell-i.com\/wp-content\/uploads\/2024\/10\/Tuberia-Agua-TAF.jpg 2000w, https:\/\/farell-i.com\/wp-content\/uploads\/2024\/10\/Tuberia-Agua-TAF-300x210.jpg 300w, https:\/\/farell-i.com\/wp-content\/uploads\/2024\/10\/Tuberia-Agua-TAF-1024x716.jpg 1024w, https:\/\/farell-i.com\/wp-content\/uploads\/2024\/10\/Tuberia-Agua-TAF-768x537.jpg 768w, https:\/\/farell-i.com\/wp-content\/uploads\/2024\/10\/Tuberia-Agua-TAF-1536x1074.jpg 1536w\" sizes=\"(max-width: 2000px) 100vw, 2000px\" \/><\/div>\n\t\t<\/a>\n\t\t\t\t<div class=\"elementor-post__text\">\n\t\t\t\t<h3 class=\"elementor-post__title\">\n\t\t\t<a href=\"https:\/\/farell-i.com\/fr\/succes-du-taf-ce-2025\/\" >\n\t\t\t\tSucc\u00e8s du TAF+ ce 2025\t\t\t<\/a>\n\t\t<\/h3>\n\t\t\t\t<div class=\"elementor-post__meta-data\">\n\t\t\t\t\t<span class=\"elementor-post-date\">\n\t\t\t08\/12\/2025\t\t<\/span>\n\t\t\t\t<\/div>\n\t\t\t\t<div class=\"elementor-post__excerpt\">\n\t\t\t<p>Les ventes du syst\u00e8me FARELL INSTRUMENTS TAF+ ont augment\u00e9 significativement ce 2025.<\/p>\n\t\t<\/div>\n\t\t\t\t<\/div>\n\t\t\t\t<\/article>\n\t\t\t\t<article class=\"elementor-post elementor-grid-item post-5370 post type-post status-publish format-standard has-post-thumbnail hentry category-actualites\" role=\"listitem\">\n\t\t\t\t<a class=\"elementor-post__thumbnail__link\" href=\"https:\/\/farell-i.com\/fr\/17-ans-a-montcada-i-reixac\/\" tabindex=\"-1\" >\n\t\t\t<div class=\"elementor-post__thumbnail\"><img decoding=\"async\" width=\"2560\" height=\"1792\" src=\"https:\/\/farell-i.com\/wp-content\/uploads\/2025\/01\/Seu-Farell-MiR-scaled.jpg\" class=\"attachment-full size-full wp-image-3731\" alt=\"\" srcset=\"https:\/\/farell-i.com\/wp-content\/uploads\/2025\/01\/Seu-Farell-MiR-scaled.jpg 2560w, https:\/\/farell-i.com\/wp-content\/uploads\/2025\/01\/Seu-Farell-MiR-300x210.jpg 300w, https:\/\/farell-i.com\/wp-content\/uploads\/2025\/01\/Seu-Farell-MiR-1024x717.jpg 1024w, https:\/\/farell-i.com\/wp-content\/uploads\/2025\/01\/Seu-Farell-MiR-768x538.jpg 768w, https:\/\/farell-i.com\/wp-content\/uploads\/2025\/01\/Seu-Farell-MiR-1536x1075.jpg 1536w, https:\/\/farell-i.com\/wp-content\/uploads\/2025\/01\/Seu-Farell-MiR-2048x1434.jpg 2048w\" sizes=\"(max-width: 2560px) 100vw, 2560px\" \/><\/div>\n\t\t<\/a>\n\t\t\t\t<div class=\"elementor-post__text\">\n\t\t\t\t<h3 class=\"elementor-post__title\">\n\t\t\t<a href=\"https:\/\/farell-i.com\/fr\/17-ans-a-montcada-i-reixac\/\" >\n\t\t\t\t17 ans \u00e0 Montcada i Reixac\t\t\t<\/a>\n\t\t<\/h3>\n\t\t\t\t<div class=\"elementor-post__meta-data\">\n\t\t\t\t\t<span class=\"elementor-post-date\">\n\t\t\t18\/11\/2025\t\t<\/span>\n\t\t\t\t<\/div>\n\t\t\t\t<div class=\"elementor-post__excerpt\">\n\t\t\t<p>Cela fait 17 ans que le si\u00e8ge social de FARELL INSTRUMENTS a d\u00e9m\u00e9nag\u00e9 \u00e0 Montcada i Reixac.<\/p>\n\t\t<\/div>\n\t\t\t\t<\/div>\n\t\t\t\t<\/article>\n\t\t\t\t<article class=\"elementor-post elementor-grid-item post-5339 post type-post status-publish format-standard has-post-thumbnail hentry category-non-classifiee\" role=\"listitem\">\n\t\t\t\t<a class=\"elementor-post__thumbnail__link\" href=\"https:\/\/farell-i.com\/fr\/reussite-tests-norme-une-318002-3\/\" tabindex=\"-1\" >\n\t\t\t<div class=\"elementor-post__thumbnail\"><img loading=\"lazy\" decoding=\"async\" width=\"1000\" height=\"700\" src=\"https:\/\/farell-i.com\/wp-content\/uploads\/2024\/10\/UNE.png\" class=\"attachment-full size-full wp-image-2121\" alt=\"\" srcset=\"https:\/\/farell-i.com\/wp-content\/uploads\/2024\/10\/UNE.png 1000w, https:\/\/farell-i.com\/wp-content\/uploads\/2024\/10\/UNE-300x210.png 300w, https:\/\/farell-i.com\/wp-content\/uploads\/2024\/10\/UNE-768x538.png 768w\" sizes=\"(max-width: 1000px) 100vw, 1000px\" \/><\/div>\n\t\t<\/a>\n\t\t\t\t<div class=\"elementor-post__text\">\n\t\t\t\t<h3 class=\"elementor-post__title\">\n\t\t\t<a href=\"https:\/\/farell-i.com\/fr\/reussite-tests-norme-une-318002-3\/\" >\n\t\t\t\tNorme UNE 318002-3 approuv\u00e9\t\t\t<\/a>\n\t\t<\/h3>\n\t\t\t\t<div class=\"elementor-post__meta-data\">\n\t\t\t\t\t<span class=\"elementor-post-date\">\n\t\t\t23\/10\/2025\t\t<\/span>\n\t\t\t\t<\/div>\n\t\t\t\t<div class=\"elementor-post__excerpt\">\n\t\t\t<p>FARELL INSTRUMENTS, dans sa ligne d&#8217;am\u00e9lioration constante du syst\u00e8me de contr\u00f4le \u00e0 distance d&#8217;irrigation IRRIMATION, a d\u00e9j\u00e0 r\u00e9ussi les tests de mise en \u0153uvre de la norme d&#8217;interop\u00e9rabilit\u00e9 UNE 318002-3.<\/p>\n\t\t<\/div>\n\t\t\t\t<\/div>\n\t\t\t\t<\/article>\n\t\t\t\t<article class=\"elementor-post elementor-grid-item post-5357 post type-post status-publish format-standard has-post-thumbnail hentry category-actualites\" role=\"listitem\">\n\t\t\t\t<a class=\"elementor-post__thumbnail__link\" href=\"https:\/\/farell-i.com\/fr\/tarifs-du-4eme-trimestre-2025\/\" tabindex=\"-1\" >\n\t\t\t<div class=\"elementor-post__thumbnail\"><img loading=\"lazy\" decoding=\"async\" width=\"2000\" height=\"1400\" src=\"https:\/\/farell-i.com\/wp-content\/uploads\/2024\/10\/Tarifas-1.png\" class=\"attachment-full size-full wp-image-1696\" alt=\"\" srcset=\"https:\/\/farell-i.com\/wp-content\/uploads\/2024\/10\/Tarifas-1.png 2000w, https:\/\/farell-i.com\/wp-content\/uploads\/2024\/10\/Tarifas-1-300x210.png 300w, https:\/\/farell-i.com\/wp-content\/uploads\/2024\/10\/Tarifas-1-1024x717.png 1024w, https:\/\/farell-i.com\/wp-content\/uploads\/2024\/10\/Tarifas-1-768x538.png 768w, https:\/\/farell-i.com\/wp-content\/uploads\/2024\/10\/Tarifas-1-1536x1075.png 1536w\" sizes=\"(max-width: 2000px) 100vw, 2000px\" \/><\/div>\n\t\t<\/a>\n\t\t\t\t<div class=\"elementor-post__text\">\n\t\t\t\t<h3 class=\"elementor-post__title\">\n\t\t\t<a href=\"https:\/\/farell-i.com\/fr\/tarifs-du-4eme-trimestre-2025\/\" >\n\t\t\t\tTarifs du 4\u00e8me trimestre 2025\t\t\t<\/a>\n\t\t<\/h3>\n\t\t\t\t<div class=\"elementor-post__meta-data\">\n\t\t\t\t\t<span class=\"elementor-post-date\">\n\t\t\t06\/10\/2025\t\t<\/span>\n\t\t\t\t<\/div>\n\t\t\t\t<div class=\"elementor-post__excerpt\">\n\t\t\t<p>Les tarifs actualis\u00e9s pour l&#8217;ensemble de la gamme de produits FARELL INSTRUMENTS pour ce quatri\u00e8me trimestre 2025 sont d\u00e9sormais disponibles.<\/p>\n\t\t<\/div>\n\t\t\t\t<\/div>\n\t\t\t\t<\/article>\n\t\t\t\t<article class=\"elementor-post elementor-grid-item post-5330 post type-post status-publish format-standard has-post-thumbnail hentry category-actualites\" role=\"listitem\">\n\t\t\t\t<a class=\"elementor-post__thumbnail__link\" href=\"https:\/\/farell-i.com\/fr\/journee-mondiale-de-lagriculture-2\/\" tabindex=\"-1\" >\n\t\t\t<div class=\"elementor-post__thumbnail\"><img loading=\"lazy\" decoding=\"async\" width=\"637\" height=\"446\" src=\"https:\/\/farell-i.com\/wp-content\/uploads\/2024\/10\/Agricultor-Noticia.png\" class=\"attachment-full size-full wp-image-1712\" alt=\"\" srcset=\"https:\/\/farell-i.com\/wp-content\/uploads\/2024\/10\/Agricultor-Noticia.png 637w, https:\/\/farell-i.com\/wp-content\/uploads\/2024\/10\/Agricultor-Noticia-300x210.png 300w\" sizes=\"(max-width: 637px) 100vw, 637px\" \/><\/div>\n\t\t<\/a>\n\t\t\t\t<div class=\"elementor-post__text\">\n\t\t\t\t<h3 class=\"elementor-post__title\">\n\t\t\t<a href=\"https:\/\/farell-i.com\/fr\/journee-mondiale-de-lagriculture-2\/\" >\n\t\t\t\tJourn\u00e9e Mondiale de l&#8217;Agriculture\t\t\t<\/a>\n\t\t<\/h3>\n\t\t\t\t<div class=\"elementor-post__meta-data\">\n\t\t\t\t\t<span class=\"elementor-post-date\">\n\t\t\t09\/09\/2025\t\t<\/span>\n\t\t\t\t<\/div>\n\t\t\t\t<div class=\"elementor-post__excerpt\">\n\t\t\t<p>FARELL INSTRUMENTS continue de soutenir l&#8217;innovation dans le d\u00e9veloppement technologique en tant qu&#8217;outil de promotion du d\u00e9veloppement agricole.<\/p>\n\t\t<\/div>\n\t\t\t\t<\/div>\n\t\t\t\t<\/article>\n\t\t\t\t<article class=\"elementor-post elementor-grid-item post-5322 post type-post status-publish format-standard has-post-thumbnail hentry category-actualites\" role=\"listitem\">\n\t\t\t\t<a class=\"elementor-post__thumbnail__link\" href=\"https:\/\/farell-i.com\/fr\/nous-reprenons-lactivite-a-100-2\/\" tabindex=\"-1\" >\n\t\t\t<div class=\"elementor-post__thumbnail\"><img loading=\"lazy\" decoding=\"async\" width=\"2560\" height=\"1792\" src=\"https:\/\/farell-i.com\/wp-content\/uploads\/2024\/10\/TORNADA-scaled.jpg\" class=\"attachment-full size-full wp-image-1723\" alt=\"\" srcset=\"https:\/\/farell-i.com\/wp-content\/uploads\/2024\/10\/TORNADA-scaled.jpg 2560w, https:\/\/farell-i.com\/wp-content\/uploads\/2024\/10\/TORNADA-300x210.jpg 300w, https:\/\/farell-i.com\/wp-content\/uploads\/2024\/10\/TORNADA-1024x717.jpg 1024w, https:\/\/farell-i.com\/wp-content\/uploads\/2024\/10\/TORNADA-768x538.jpg 768w, https:\/\/farell-i.com\/wp-content\/uploads\/2024\/10\/TORNADA-1536x1075.jpg 1536w, https:\/\/farell-i.com\/wp-content\/uploads\/2024\/10\/TORNADA-2048x1434.jpg 2048w\" sizes=\"(max-width: 2560px) 100vw, 2560px\" \/><\/div>\n\t\t<\/a>\n\t\t\t\t<div class=\"elementor-post__text\">\n\t\t\t\t<h3 class=\"elementor-post__title\">\n\t\t\t<a href=\"https:\/\/farell-i.com\/fr\/nous-reprenons-lactivite-a-100-2\/\" >\n\t\t\t\tNous reprenons l&#8217;activit\u00e9 \u00e0 100%\t\t\t<\/a>\n\t\t<\/h3>\n\t\t\t\t<div class=\"elementor-post__meta-data\">\n\t\t\t\t\t<span class=\"elementor-post-date\">\n\t\t\t01\/09\/2025\t\t<\/span>\n\t\t\t\t<\/div>\n\t\t\t\t<div class=\"elementor-post__excerpt\">\n\t\t\t<p>Notre entreprise revient avec toute l&#8217;\u00e9quipe FARELL INSTRUMENTS pour servir en permanence les clients et les projets, dans les d\u00e9lais habituels.<\/p>\n\t\t<\/div>\n\t\t\t\t<\/div>\n\t\t\t\t<\/article>\n\t\t\t\t<article class=\"elementor-post elementor-grid-item post-5313 post type-post status-publish format-standard has-post-thumbnail hentry category-actualites\" role=\"listitem\">\n\t\t\t\t<a class=\"elementor-post__thumbnail__link\" href=\"https:\/\/farell-i.com\/fr\/vacances-dete-2025\/\" tabindex=\"-1\" >\n\t\t\t<div class=\"elementor-post__thumbnail\"><img loading=\"lazy\" decoding=\"async\" width=\"2000\" height=\"1400\" src=\"https:\/\/farell-i.com\/wp-content\/uploads\/2024\/10\/vacances.png\" class=\"attachment-full size-full wp-image-1732\" alt=\"\" srcset=\"https:\/\/farell-i.com\/wp-content\/uploads\/2024\/10\/vacances.png 2000w, https:\/\/farell-i.com\/wp-content\/uploads\/2024\/10\/vacances-300x210.png 300w, https:\/\/farell-i.com\/wp-content\/uploads\/2024\/10\/vacances-1024x717.png 1024w, https:\/\/farell-i.com\/wp-content\/uploads\/2024\/10\/vacances-768x538.png 768w, https:\/\/farell-i.com\/wp-content\/uploads\/2024\/10\/vacances-1536x1075.png 1536w\" sizes=\"(max-width: 2000px) 100vw, 2000px\" \/><\/div>\n\t\t<\/a>\n\t\t\t\t<div class=\"elementor-post__text\">\n\t\t\t\t<h3 class=\"elementor-post__title\">\n\t\t\t<a href=\"https:\/\/farell-i.com\/fr\/vacances-dete-2025\/\" >\n\t\t\t\tVacances d&#8217;\u00e9t\u00e9 2025\t\t\t<\/a>\n\t\t<\/h3>\n\t\t\t\t<div class=\"elementor-post__meta-data\">\n\t\t\t\t\t<span class=\"elementor-post-date\">\n\t\t\t07\/08\/2025\t\t<\/span>\n\t\t\t\t<\/div>\n\t\t\t\t<div class=\"elementor-post__excerpt\">\n\t\t\t<p>Notre entreprise sera ferm\u00e9e pour vacances du 10 au 25 ao\u00fbt 2024.<\/p>\n\t\t<\/div>\n\t\t\t\t<\/div>\n\t\t\t\t<\/article>\n\t\t\t\t<article class=\"elementor-post elementor-grid-item post-5297 post type-post status-publish format-standard has-post-thumbnail hentry category-actualites\" role=\"listitem\">\n\t\t\t\t<a class=\"elementor-post__thumbnail__link\" href=\"https:\/\/farell-i.com\/fr\/engagement-pour-une-production-continue-pour-minimiser-les-couts-3\/\" tabindex=\"-1\" >\n\t\t\t<div class=\"elementor-post__thumbnail\"><img loading=\"lazy\" decoding=\"async\" width=\"1000\" height=\"700\" src=\"https:\/\/farell-i.com\/wp-content\/uploads\/2025\/01\/PRODUCCION.png\" class=\"attachment-full size-full wp-image-3702\" alt=\"\" srcset=\"https:\/\/farell-i.com\/wp-content\/uploads\/2025\/01\/PRODUCCION.png 1000w, https:\/\/farell-i.com\/wp-content\/uploads\/2025\/01\/PRODUCCION-300x210.png 300w, https:\/\/farell-i.com\/wp-content\/uploads\/2025\/01\/PRODUCCION-768x538.png 768w\" sizes=\"(max-width: 1000px) 100vw, 1000px\" \/><\/div>\n\t\t<\/a>\n\t\t\t\t<div class=\"elementor-post__text\">\n\t\t\t\t<h3 class=\"elementor-post__title\">\n\t\t\t<a href=\"https:\/\/farell-i.com\/fr\/engagement-pour-une-production-continue-pour-minimiser-les-couts-3\/\" >\n\t\t\t\tEngagement pour une production continue pour minimiser les co\u00fbts\t\t\t<\/a>\n\t\t<\/h3>\n\t\t\t\t<div class=\"elementor-post__meta-data\">\n\t\t\t\t\t<span class=\"elementor-post-date\">\n\t\t\t01\/08\/2025\t\t<\/span>\n\t\t\t\t<\/div>\n\t\t\t\t<div class=\"elementor-post__excerpt\">\n\t\t\t<p>FARELL INSTRUMENTS continue de miser sur le maintien des d\u00e9lais de livraison \u00e0 ses clients, m\u00eame avec le manque d&#8217;approvisionnement de ces derni\u00e8res ann\u00e9es.<\/p>\n\t\t<\/div>\n\t\t\t\t<\/div>\n\t\t\t\t<\/article>\n\t\t\t\t<article class=\"elementor-post elementor-grid-item post-5305 post type-post status-publish format-standard has-post-thumbnail hentry category-actualites\" role=\"listitem\">\n\t\t\t\t<a class=\"elementor-post__thumbnail__link\" href=\"https:\/\/farell-i.com\/fr\/journee-de-la-dette-ecologique-2\/\" tabindex=\"-1\" >\n\t\t\t<div class=\"elementor-post__thumbnail\"><img loading=\"lazy\" decoding=\"async\" width=\"2000\" height=\"1400\" src=\"https:\/\/farell-i.com\/wp-content\/uploads\/2024\/08\/EARTH-OVERSHOOT-DAY-NOTICIA.jpg\" class=\"attachment-full size-full wp-image-1750\" alt=\"\" srcset=\"https:\/\/farell-i.com\/wp-content\/uploads\/2024\/08\/EARTH-OVERSHOOT-DAY-NOTICIA.jpg 2000w, https:\/\/farell-i.com\/wp-content\/uploads\/2024\/08\/EARTH-OVERSHOOT-DAY-NOTICIA-300x210.jpg 300w, https:\/\/farell-i.com\/wp-content\/uploads\/2024\/08\/EARTH-OVERSHOOT-DAY-NOTICIA-1024x717.jpg 1024w, https:\/\/farell-i.com\/wp-content\/uploads\/2024\/08\/EARTH-OVERSHOOT-DAY-NOTICIA-768x538.jpg 768w, https:\/\/farell-i.com\/wp-content\/uploads\/2024\/08\/EARTH-OVERSHOOT-DAY-NOTICIA-1536x1075.jpg 1536w\" sizes=\"(max-width: 2000px) 100vw, 2000px\" \/><\/div>\n\t\t<\/a>\n\t\t\t\t<div class=\"elementor-post__text\">\n\t\t\t\t<h3 class=\"elementor-post__title\">\n\t\t\t<a href=\"https:\/\/farell-i.com\/fr\/journee-de-la-dette-ecologique-2\/\" >\n\t\t\t\tJourn\u00e9e de la Dette \u00c9cologique\t\t\t<\/a>\n\t\t<\/h3>\n\t\t\t\t<div class=\"elementor-post__meta-data\">\n\t\t\t\t\t<span class=\"elementor-post-date\">\n\t\t\t24\/07\/2025\t\t<\/span>\n\t\t\t\t<\/div>\n\t\t\t\t<div class=\"elementor-post__excerpt\">\n\t\t\t<p>\u00c0 l&#8217;occasion du Earth Overshoot Day, jour o\u00f9 nous avons \u00e9puis\u00e9 les ressources que la Terre peut r\u00e9g\u00e9n\u00e9rer en un an, nous restons d\u00e9termin\u00e9s \u00e0 changer cette r\u00e9alit\u00e9.<\/p>\n\t\t<\/div>\n\t\t\t\t<\/div>\n\t\t\t\t<\/article>\n\t\t\t\t<article class=\"elementor-post elementor-grid-item post-5263 post type-post status-publish format-standard has-post-thumbnail hentry category-actualites\" role=\"listitem\">\n\t\t\t\t<a class=\"elementor-post__thumbnail__link\" href=\"https:\/\/farell-i.com\/fr\/tarifs-du-3eme-trimestre-2025\/\" tabindex=\"-1\" >\n\t\t\t<div class=\"elementor-post__thumbnail\"><img loading=\"lazy\" decoding=\"async\" width=\"2000\" height=\"1400\" src=\"https:\/\/farell-i.com\/wp-content\/uploads\/2024\/10\/Tarifas-1-1.png\" class=\"attachment-full size-full wp-image-1778\" alt=\"\" srcset=\"https:\/\/farell-i.com\/wp-content\/uploads\/2024\/10\/Tarifas-1-1.png 2000w, https:\/\/farell-i.com\/wp-content\/uploads\/2024\/10\/Tarifas-1-1-300x210.png 300w, https:\/\/farell-i.com\/wp-content\/uploads\/2024\/10\/Tarifas-1-1-1024x717.png 1024w, https:\/\/farell-i.com\/wp-content\/uploads\/2024\/10\/Tarifas-1-1-768x538.png 768w, https:\/\/farell-i.com\/wp-content\/uploads\/2024\/10\/Tarifas-1-1-1536x1075.png 1536w\" sizes=\"(max-width: 2000px) 100vw, 2000px\" \/><\/div>\n\t\t<\/a>\n\t\t\t\t<div class=\"elementor-post__text\">\n\t\t\t\t<h3 class=\"elementor-post__title\">\n\t\t\t<a href=\"https:\/\/farell-i.com\/fr\/tarifs-du-3eme-trimestre-2025\/\" >\n\t\t\t\tTarifs du 3\u00e8me trimestre 2025\t\t\t<\/a>\n\t\t<\/h3>\n\t\t\t\t<div class=\"elementor-post__meta-data\">\n\t\t\t\t\t<span class=\"elementor-post-date\">\n\t\t\t04\/07\/2025\t\t<\/span>\n\t\t\t\t<\/div>\n\t\t\t\t<div class=\"elementor-post__excerpt\">\n\t\t\t<p>Les tarifs actualis\u00e9s pour l&#8217;ensemble de la gamme de produits FARELL INSTRUMENTS pour ce troisi\u00e8me trimestre 2024 sont d\u00e9sormais disponibles.<\/p>\n\t\t<\/div>\n\t\t\t\t<\/div>\n\t\t\t\t<\/article>\n\t\t\t\t<article class=\"elementor-post elementor-grid-item post-5272 post type-post status-publish format-standard has-post-thumbnail hentry category-actualites\" role=\"listitem\">\n\t\t\t\t<a class=\"elementor-post__thumbnail__link\" href=\"https:\/\/farell-i.com\/fr\/specialistes-de-la-telecommande-2\/\" tabindex=\"-1\" >\n\t\t\t<div class=\"elementor-post__thumbnail\"><img loading=\"lazy\" decoding=\"async\" width=\"2199\" height=\"1540\" src=\"https:\/\/farell-i.com\/wp-content\/uploads\/2024\/10\/ESPECIALISTAS-EN-TELECONTROL.png\" class=\"attachment-full size-full wp-image-1756\" alt=\"\" srcset=\"https:\/\/farell-i.com\/wp-content\/uploads\/2024\/10\/ESPECIALISTAS-EN-TELECONTROL.png 2199w, https:\/\/farell-i.com\/wp-content\/uploads\/2024\/10\/ESPECIALISTAS-EN-TELECONTROL-300x210.png 300w, https:\/\/farell-i.com\/wp-content\/uploads\/2024\/10\/ESPECIALISTAS-EN-TELECONTROL-1024x717.png 1024w, https:\/\/farell-i.com\/wp-content\/uploads\/2024\/10\/ESPECIALISTAS-EN-TELECONTROL-768x538.png 768w, https:\/\/farell-i.com\/wp-content\/uploads\/2024\/10\/ESPECIALISTAS-EN-TELECONTROL-1536x1076.png 1536w, https:\/\/farell-i.com\/wp-content\/uploads\/2024\/10\/ESPECIALISTAS-EN-TELECONTROL-2048x1434.png 2048w\" sizes=\"(max-width: 2199px) 100vw, 2199px\" \/><\/div>\n\t\t<\/a>\n\t\t\t\t<div class=\"elementor-post__text\">\n\t\t\t\t<h3 class=\"elementor-post__title\">\n\t\t\t<a href=\"https:\/\/farell-i.com\/fr\/specialistes-de-la-telecommande-2\/\" >\n\t\t\t\tSp\u00e9cialistes de la t\u00e9l\u00e9commande\t\t\t<\/a>\n\t\t<\/h3>\n\t\t\t\t<div class=\"elementor-post__meta-data\">\n\t\t\t\t\t<span class=\"elementor-post-date\">\n\t\t\t25\/06\/2025\t\t<\/span>\n\t\t\t\t<\/div>\n\t\t\t\t<div class=\"elementor-post__excerpt\">\n\t\t\t<p>Apr\u00e8s plus de 36 ans, FARELL INSTRUMENTS poursuit son engagement ax\u00e9 sur le d\u00e9veloppement de syst\u00e8mes de contr\u00f4le \u00e0 distance pour tous types de projets industriels.<\/p>\n\t\t<\/div>\n\t\t\t\t<\/div>\n\t\t\t\t<\/article>\n\t\t\t\t<\/div>\n\t\t\n\t\t\t\t<div class=\"e-load-more-anchor\" data-page=\"1\" data-max-page=\"7\" data-next-page=\"https:\/\/farell-i.com\/fr\/wp-json\/wp\/v2\/pages\/2344\/page\/2\/\"><\/div>\n\t\t\t\t<nav class=\"elementor-pagination\" aria-label=\"Pagination\">\n\t\t\t<span class=\"page-numbers prev\">\u00ab Pr\u00e9c\u00e9dent<\/span>\n<span aria-current=\"page\" class=\"page-numbers current\"><span class=\"elementor-screen-only\">Page<\/span>1<\/span>\n<a class=\"page-numbers\" href=\"https:\/\/farell-i.com\/fr\/wp-json\/wp\/v2\/pages\/2344\/page\/2\/\"><span class=\"elementor-screen-only\">Page<\/span>2<\/a>\n<a class=\"page-numbers\" href=\"https:\/\/farell-i.com\/fr\/wp-json\/wp\/v2\/pages\/2344\/page\/3\/\"><span class=\"elementor-screen-only\">Page<\/span>3<\/a>\n<a class=\"page-numbers\" href=\"https:\/\/farell-i.com\/fr\/wp-json\/wp\/v2\/pages\/2344\/page\/4\/\"><span class=\"elementor-screen-only\">Page<\/span>4<\/a>\n<a class=\"page-numbers\" href=\"https:\/\/farell-i.com\/fr\/wp-json\/wp\/v2\/pages\/2344\/page\/5\/\"><span class=\"elementor-screen-only\">Page<\/span>5<\/a>\n<a class=\"page-numbers\" href=\"https:\/\/farell-i.com\/fr\/wp-json\/wp\/v2\/pages\/2344\/page\/6\/\"><span class=\"elementor-screen-only\">Page<\/span>6<\/a>\n<a class=\"page-numbers\" href=\"https:\/\/farell-i.com\/fr\/wp-json\/wp\/v2\/pages\/2344\/page\/7\/\"><span class=\"elementor-screen-only\">Page<\/span>7<\/a>\n<a class=\"page-numbers next\" href=\"https:\/\/farell-i.com\/fr\/wp-json\/wp\/v2\/pages\/2344\/page\/2\/\">Suivant \u00bb<\/a>\t\t<\/nav>\n\t\t\t\t\t\t<\/div>\n\t\t\t\t<\/div>\n\t\t\t\t\t<\/div>\n\t\t<\/div>\n\t\t\t\t\t<\/div>\n\t\t<\/section>\n\t\t\t\t<\/div>\n\t\t","protected":false},"excerpt":{"rendered":"<p>ACTUALIT\u00c9<\/p>\n","protected":false},"author":1,"featured_media":0,"parent":0,"menu_order":0,"comment_status":"closed","ping_status":"closed","template":"","meta":{"footnotes":""},"class_list":["post-2344","page","type-page","status-publish","hentry"],"_links":{"self":[{"href":"https:\/\/farell-i.com\/fr\/wp-json\/wp\/v2\/pages\/2344","targetHints":{"allow":["GET"]}}],"collection":[{"href":"https:\/\/farell-i.com\/fr\/wp-json\/wp\/v2\/pages"}],"about":[{"href":"https:\/\/farell-i.com\/fr\/wp-json\/wp\/v2\/types\/page"}],"author":[{"embeddable":true,"href":"https:\/\/farell-i.com\/fr\/wp-json\/wp\/v2\/users\/1"}],"replies":[{"embeddable":true,"href":"https:\/\/farell-i.com\/fr\/wp-json\/wp\/v2\/comments?post=2344"}],"version-history":[{"count":8,"href":"https:\/\/farell-i.com\/fr\/wp-json\/wp\/v2\/pages\/2344\/revisions"}],"predecessor-version":[{"id":3774,"href":"https:\/\/farell-i.com\/fr\/wp-json\/wp\/v2\/pages\/2344\/revisions\/3774"}],"wp:attachment":[{"href":"https:\/\/farell-i.com\/fr\/wp-json\/wp\/v2\/media?parent=2344"}],"curies":[{"name":"wp","href":"https:\/\/api.w.org\/{rel}","templated":true}]}}