{"id":3569,"date":"2025-01-08T14:51:17","date_gmt":"2025-01-08T13:51:17","guid":{"rendered":"https:\/\/farell-i.com\/?page_id=3569"},"modified":"2025-11-03T21:29:25","modified_gmt":"2025-11-03T20:29:25","slug":"sistemas-de-riego-2","status":"publish","type":"page","link":"https:\/\/farell-i.com\/es\/soluciones\/sistemas-de-riego-2\/","title":{"rendered":"TELEMANDOS"},"content":{"rendered":"\t\t<div data-elementor-type=\"wp-page\" data-elementor-id=\"3569\" class=\"elementor elementor-3569 elementor-3566\" data-elementor-post-type=\"page\">\n\t\t\t\t\t\t<section class=\"elementor-section elementor-top-section elementor-element elementor-element-41ab6a8 elementor-section-height-min-height elementor-section-boxed elementor-section-height-default elementor-section-items-middle\" data-id=\"41ab6a8\" data-element_type=\"section\" data-e-type=\"section\">\n\t\t\t\t\t\t\t<div class=\"elementor-background-overlay\"><\/div>\n\t\t\t\t\t\t\t<div class=\"elementor-container elementor-column-gap-no\">\n\t\t\t\t\t<div class=\"elementor-column elementor-col-100 elementor-top-column elementor-element elementor-element-21f7f6b\" data-id=\"21f7f6b\" data-element_type=\"column\" data-e-type=\"column\">\n\t\t\t<div class=\"elementor-widget-wrap elementor-element-populated\">\n\t\t\t\t\t\t<div class=\"elementor-element elementor-element-dfd3cfe elementor-widget elementor-widget-heading\" data-id=\"dfd3cfe\" data-element_type=\"widget\" data-e-type=\"widget\" data-widget_type=\"heading.default\">\n\t\t\t\t<div class=\"elementor-widget-container\">\n\t\t\t\t\t<h2 class=\"elementor-heading-title elementor-size-default\">TELEMANDOS<\/h2>\t\t\t\t<\/div>\n\t\t\t\t<\/div>\n\t\t\t\t\t<\/div>\n\t\t<\/div>\n\t\t\t\t\t<\/div>\n\t\t<\/section>\n\t\t\t\t<section class=\"elementor-section elementor-top-section elementor-element elementor-element-ca00ebc elementor-section-boxed elementor-section-height-default elementor-section-height-default\" data-id=\"ca00ebc\" data-element_type=\"section\" data-e-type=\"section\">\n\t\t\t\t\t\t<div class=\"elementor-container elementor-column-gap-default\">\n\t\t\t\t\t<div class=\"elementor-column elementor-col-100 elementor-top-column elementor-element elementor-element-687863c\" data-id=\"687863c\" data-element_type=\"column\" data-e-type=\"column\">\n\t\t\t<div class=\"elementor-widget-wrap elementor-element-populated\">\n\t\t\t\t\t\t<section class=\"elementor-section elementor-inner-section elementor-element elementor-element-73c40f1 elementor-section-full_width elementor-section-height-default elementor-section-height-default\" data-id=\"73c40f1\" data-element_type=\"section\" data-e-type=\"section\">\n\t\t\t\t\t\t<div class=\"elementor-container elementor-column-gap-no\">\n\t\t\t\t\t<div class=\"elementor-column elementor-col-50 elementor-inner-column elementor-element elementor-element-c4dcfd5\" data-id=\"c4dcfd5\" data-element_type=\"column\" data-e-type=\"column\">\n\t\t\t<div class=\"elementor-widget-wrap elementor-element-populated\">\n\t\t\t\t\t\t<div class=\"elementor-element elementor-element-3565cf6 elementor-widget elementor-widget-heading\" data-id=\"3565cf6\" data-element_type=\"widget\" data-e-type=\"widget\" data-widget_type=\"heading.default\">\n\t\t\t\t<div class=\"elementor-widget-container\">\n\t\t\t\t\t<h2 class=\"elementor-heading-title elementor-size-default\">La importancia de los telemandos en el control y automatizaci\u00f3n de procesos ha ido en aumento en las \u00faltimas d\u00e9cadas, suponiendo un avance en el control y automatizaci\u00f3n de procesos, mediciones y otras funciones.<\/h2>\t\t\t\t<\/div>\n\t\t\t\t<\/div>\n\t\t\t\t<div class=\"elementor-element elementor-element-94ecb6c elementor-widget elementor-widget-text-editor\" data-id=\"94ecb6c\" data-element_type=\"widget\" data-e-type=\"widget\" data-widget_type=\"text-editor.default\">\n\t\t\t\t<div class=\"elementor-widget-container\">\n\t\t\t\t\t\t\t\t\t<p>Actualmente, el uso de <strong>telemando<\/strong> se ha convertido en una herramienta esencial para <strong>mejorar la eficiencia, la comodidad y la seguridad<\/strong> en una amplia gama de sectores. Desde el hogar hasta la industria, los telemandos permiten <strong>controlar dispositivos y sistemas de forma remota<\/strong> , optimizando procesos y reduciendo la necesidad de intervenci\u00f3n manual. <\/p>\n\t\t\t\t\t\t\t\t<\/div>\n\t\t\t\t<\/div>\n\t\t\t\t\t<\/div>\n\t\t<\/div>\n\t\t\t\t<div class=\"elementor-column elementor-col-50 elementor-inner-column elementor-element elementor-element-87d6aac\" data-id=\"87d6aac\" data-element_type=\"column\" data-e-type=\"column\">\n\t\t\t<div class=\"elementor-widget-wrap elementor-element-populated\">\n\t\t\t\t\t\t<div class=\"elementor-element elementor-element-1da33f5 elementor-widget elementor-widget-text-editor\" data-id=\"1da33f5\" data-element_type=\"widget\" data-e-type=\"widget\" data-widget_type=\"text-editor.default\">\n\t\t\t\t<div class=\"elementor-widget-container\">\n\t\t\t\t\t\t\t\t\t<p>A nivel industrial, los <strong>telemandos<\/strong> permiten supervisar y controlar maquinaria y sistemas a distancia. Por ejemplo, en sectores como la construcci\u00f3n, la miner\u00eda, la hidr\u00e1ulica, o la log\u00edstica, se utilizan para operar gr\u00faas, robots y veh\u00edculos sin necesidad de que los operadores est\u00e9n f\u00edsicamente presentes, como de la misma forma para transmitir se\u00f1ales de control. Esto no s\u00f3lo mejora la seguridad al reducir la exposici\u00f3n a entornos peligrosos, sino que tambi\u00e9n <strong>aumenta la precisi\u00f3n y la productividad en las operaciones<\/strong> .  <\/p>\n<p>La <strong>integraci\u00f3n de telemando<\/strong> con sistemas automatizados permite una <strong>gesti\u00f3n m\u00e1s eficiente de recursos<\/strong> . De esta forma, se contribuye a reducir el impacto ambiental y los costes operativos. <\/p>\n\t\t\t\t\t\t\t\t<\/div>\n\t\t\t\t<\/div>\n\t\t\t\t\t<\/div>\n\t\t<\/div>\n\t\t\t\t\t<\/div>\n\t\t<\/section>\n\t\t\t\t\t<\/div>\n\t\t<\/div>\n\t\t\t\t\t<\/div>\n\t\t<\/section>\n\t\t\t\t<section class=\"elementor-section elementor-top-section elementor-element elementor-element-c7534f4 elementor-section-boxed elementor-section-height-default elementor-section-height-default\" data-id=\"c7534f4\" data-element_type=\"section\" data-e-type=\"section\">\n\t\t\t\t\t\t<div class=\"elementor-container elementor-column-gap-no\">\n\t\t\t\t\t<div class=\"elementor-column elementor-col-100 elementor-top-column elementor-element elementor-element-312367a\" data-id=\"312367a\" data-element_type=\"column\" data-e-type=\"column\">\n\t\t\t<div class=\"elementor-widget-wrap elementor-element-populated\">\n\t\t\t\t\t\t<div class=\"elementor-element elementor-element-f5887df elementor-widget elementor-widget-heading\" data-id=\"f5887df\" data-element_type=\"widget\" data-e-type=\"widget\" data-widget_type=\"heading.default\">\n\t\t\t\t<div class=\"elementor-widget-container\">\n\t\t\t\t\t<h2 class=\"elementor-heading-title elementor-size-default\">PRODUCTOS<\/h2>\t\t\t\t<\/div>\n\t\t\t\t<\/div>\n\t\t\t\t<section class=\"elementor-section elementor-inner-section elementor-element elementor-element-9e167d5 elementor-section-full_width elementor-section-height-default elementor-section-height-default\" data-id=\"9e167d5\" data-element_type=\"section\" data-e-type=\"section\">\n\t\t\t\t\t\t<div class=\"elementor-container elementor-column-gap-default\">\n\t\t\t\t\t<div class=\"elementor-column elementor-col-33 elementor-inner-column elementor-element elementor-element-0542e13\" data-id=\"0542e13\" data-element_type=\"column\" data-e-type=\"column\" data-settings=\"{&quot;background_background&quot;:&quot;classic&quot;}\">\n\t\t\t<div class=\"elementor-widget-wrap elementor-element-populated\">\n\t\t\t\t\t\t<div class=\"elementor-element elementor-element-0eb1ec9 elementor-widget elementor-widget-image\" data-id=\"0eb1ec9\" data-element_type=\"widget\" data-e-type=\"widget\" data-widget_type=\"image.default\">\n\t\t\t\t<div class=\"elementor-widget-container\">\n\t\t\t\t\t\t\t\t\t\t\t\t\t\t\t<img fetchpriority=\"high\" decoding=\"async\" width=\"700\" height=\"800\" src=\"https:\/\/farell-i.com\/wp-content\/uploads\/2024\/05\/Farell-0057.webp\" class=\"attachment-large size-large wp-image-925\" alt=\"\" srcset=\"https:\/\/farell-i.com\/wp-content\/uploads\/2024\/05\/Farell-0057.webp 700w, https:\/\/farell-i.com\/wp-content\/uploads\/2024\/05\/Farell-0057-263x300.webp 263w\" sizes=\"(max-width: 700px) 100vw, 700px\" \/>\t\t\t\t\t\t\t\t\t\t\t\t\t\t\t<\/div>\n\t\t\t\t<\/div>\n\t\t\t\t<div class=\"elementor-element elementor-element-8d8e4d0 elementor-widget elementor-widget-heading\" data-id=\"8d8e4d0\" data-element_type=\"widget\" data-e-type=\"widget\" data-widget_type=\"heading.default\">\n\t\t\t\t<div class=\"elementor-widget-container\">\n\t\t\t\t\t<h2 class=\"elementor-heading-title elementor-size-default\">TAF+<\/h2>\t\t\t\t<\/div>\n\t\t\t\t<\/div>\n\t\t\t\t\t<\/div>\n\t\t<\/div>\n\t\t\t\t<div class=\"elementor-column elementor-col-33 elementor-inner-column elementor-element elementor-element-9fe41b8\" data-id=\"9fe41b8\" data-element_type=\"column\" data-e-type=\"column\" data-settings=\"{&quot;background_background&quot;:&quot;classic&quot;}\">\n\t\t\t<div class=\"elementor-widget-wrap elementor-element-populated\">\n\t\t\t\t\t\t<div class=\"elementor-element elementor-element-d073414 elementor-widget elementor-widget-image\" data-id=\"d073414\" data-element_type=\"widget\" data-e-type=\"widget\" data-widget_type=\"image.default\">\n\t\t\t\t<div class=\"elementor-widget-container\">\n\t\t\t\t\t\t\t\t\t\t\t\t\t\t\t<img decoding=\"async\" width=\"700\" height=\"800\" src=\"https:\/\/farell-i.com\/wp-content\/uploads\/2024\/05\/UMF-100-1.webp\" class=\"attachment-large size-large wp-image-904\" alt=\"\" srcset=\"https:\/\/farell-i.com\/wp-content\/uploads\/2024\/05\/UMF-100-1.webp 700w, https:\/\/farell-i.com\/wp-content\/uploads\/2024\/05\/UMF-100-1-263x300.webp 263w\" sizes=\"(max-width: 700px) 100vw, 700px\" \/>\t\t\t\t\t\t\t\t\t\t\t\t\t\t\t<\/div>\n\t\t\t\t<\/div>\n\t\t\t\t<div class=\"elementor-element elementor-element-4c32d80 elementor-widget elementor-widget-heading\" data-id=\"4c32d80\" data-element_type=\"widget\" data-e-type=\"widget\" data-widget_type=\"heading.default\">\n\t\t\t\t<div class=\"elementor-widget-container\">\n\t\t\t\t\t<h2 class=\"elementor-heading-title elementor-size-default\">UMF-100<\/h2>\t\t\t\t<\/div>\n\t\t\t\t<\/div>\n\t\t\t\t\t<\/div>\n\t\t<\/div>\n\t\t\t\t<div class=\"elementor-column elementor-col-33 elementor-inner-column elementor-element elementor-element-4dd5c32\" data-id=\"4dd5c32\" data-element_type=\"column\" data-e-type=\"column\" data-settings=\"{&quot;background_background&quot;:&quot;classic&quot;}\">\n\t\t\t<div class=\"elementor-widget-wrap\">\n\t\t\t\t\t\t\t<\/div>\n\t\t<\/div>\n\t\t\t\t\t<\/div>\n\t\t<\/section>\n\t\t\t\t\t<\/div>\n\t\t<\/div>\n\t\t\t\t\t<\/div>\n\t\t<\/section>\n\t\t\t\t<\/div>\n\t\t","protected":false},"excerpt":{"rendered":"<p>TELEMANDOS La importancia de los telemandos en el control y automatizaci\u00f3n de procesos ha ido en aumento en las \u00faltimas d\u00e9cadas, suponiendo un avance en el control y automatizaci\u00f3n de procesos, mediciones y otras funciones. Actualmente, el uso de telemando se ha convertido en una herramienta esencial para mejorar la eficiencia, la comodidad y la [&hellip;]<\/p>\n","protected":false},"author":1,"featured_media":0,"parent":2410,"menu_order":0,"comment_status":"closed","ping_status":"closed","template":"","meta":{"footnotes":""},"class_list":["post-3569","page","type-page","status-publish","hentry"],"_links":{"self":[{"href":"https:\/\/farell-i.com\/es\/wp-json\/wp\/v2\/pages\/3569","targetHints":{"allow":["GET"]}}],"collection":[{"href":"https:\/\/farell-i.com\/es\/wp-json\/wp\/v2\/pages"}],"about":[{"href":"https:\/\/farell-i.com\/es\/wp-json\/wp\/v2\/types\/page"}],"author":[{"embeddable":true,"href":"https:\/\/farell-i.com\/es\/wp-json\/wp\/v2\/users\/1"}],"replies":[{"embeddable":true,"href":"https:\/\/farell-i.com\/es\/wp-json\/wp\/v2\/comments?post=3569"}],"version-history":[{"count":15,"href":"https:\/\/farell-i.com\/es\/wp-json\/wp\/v2\/pages\/3569\/revisions"}],"predecessor-version":[{"id":5144,"href":"https:\/\/farell-i.com\/es\/wp-json\/wp\/v2\/pages\/3569\/revisions\/5144"}],"up":[{"embeddable":true,"href":"https:\/\/farell-i.com\/es\/wp-json\/wp\/v2\/pages\/2410"}],"wp:attachment":[{"href":"https:\/\/farell-i.com\/es\/wp-json\/wp\/v2\/media?parent=3569"}],"curies":[{"name":"wp","href":"https:\/\/api.w.org\/{rel}","templated":true}]}}