{"id":3559,"date":"2024-05-30T01:33:19","date_gmt":"2024-05-29T23:33:19","guid":{"rendered":"https:\/\/farell-i.com\/aviso-legal\/"},"modified":"2026-01-30T11:26:00","modified_gmt":"2026-01-30T10:26:00","slug":"aviso-legal","status":"publish","type":"page","link":"https:\/\/farell-i.com\/es\/aviso-legal\/","title":{"rendered":"Aviso legal"},"content":{"rendered":"\t\t<div data-elementor-type=\"wp-page\" data-elementor-id=\"3559\" class=\"elementor elementor-3559 elementor-736\" data-elementor-post-type=\"page\">\n\t\t\t\t\t\t<section class=\"elementor-section elementor-top-section elementor-element elementor-element-d98c779 elementor-section-full_width elementor-section-height-default elementor-section-height-default\" data-id=\"d98c779\" data-element_type=\"section\" data-e-type=\"section\">\n\t\t\t\t\t\t<div class=\"elementor-container elementor-column-gap-no\">\n\t\t\t\t\t<div class=\"elementor-column elementor-col-100 elementor-top-column elementor-element elementor-element-9f237ca\" data-id=\"9f237ca\" data-element_type=\"column\" data-e-type=\"column\">\n\t\t\t<div class=\"elementor-widget-wrap elementor-element-populated\">\n\t\t\t\t\t\t<div class=\"elementor-element elementor-element-c29f8d0 elementor-widget elementor-widget-heading\" data-id=\"c29f8d0\" data-element_type=\"widget\" data-e-type=\"widget\" data-widget_type=\"heading.default\">\n\t\t\t\t<div class=\"elementor-widget-container\">\n\t\t\t\t\t<h2 class=\"elementor-heading-title elementor-size-default\">AVISO LEGAL<\/h2>\t\t\t\t<\/div>\n\t\t\t\t<\/div>\n\t\t\t\t\t<\/div>\n\t\t<\/div>\n\t\t\t\t\t<\/div>\n\t\t<\/section>\n\t\t\t\t<section class=\"elementor-section elementor-top-section elementor-element elementor-element-a97b33e elementor-section-boxed elementor-section-height-default elementor-section-height-default\" data-id=\"a97b33e\" data-element_type=\"section\" data-e-type=\"section\">\n\t\t\t\t\t\t<div class=\"elementor-container elementor-column-gap-no\">\n\t\t\t\t\t<div class=\"elementor-column elementor-col-100 elementor-top-column elementor-element elementor-element-0254aad\" data-id=\"0254aad\" data-element_type=\"column\" data-e-type=\"column\">\n\t\t\t<div class=\"elementor-widget-wrap elementor-element-populated\">\n\t\t\t\t\t\t<div class=\"elementor-element elementor-element-159e431 elementor-widget elementor-widget-text-editor\" data-id=\"159e431\" data-element_type=\"widget\" data-e-type=\"widget\" data-widget_type=\"text-editor.default\">\n\t\t\t\t<div class=\"elementor-widget-container\">\n\t\t\t\t\t\t\t\t\t<p>Este aviso e informaci\u00f3n legales regulan el uso de la web www.farell-i.com (en adelante, &#8216;Web&#8217;) que FARELL INSTRUMENTS SLU (en adelante, EMPRESA) pone a disposici\u00f3n de los usuarios de Internet.<\/p><p>LA EMPRESA tiene domicilio social en la calle Telem\u00e1tica 17 del Pol\u00edgono Industrial La Ferrer\u00eda, 08110 Montcada i Reixac, Barcelona, Espa\u00f1a, y CIF n\u00famero B58834797, y est\u00e1 inscrita en el Registro Mercantil de Barcelona, Tomo 26385, Folio 68, Hoja B-77781.<\/p><p>Mediante la Web, la EMPRESA facilita a los Usuarios el acceso y la utilizaci\u00f3n de diversos servicios y contenidos relacionados con la propia empresa, como pueden ser productos, situaci\u00f3n&#8230;<\/p><p><strong>Obligaci\u00f3n de utilizar correctamente la Web y los Servicios<\/strong><\/p><p>El Usuario se compromete a utilizar la Web y los Servicios de conformidad con la ley y el presente Aviso Legal, as\u00ed como con la moral y las buenas costumbres generalmente aceptadas y de orden p\u00fablico.<\/p><p>El Usuario se compromete a utilizar los contenidos puestos a disposici\u00f3n de los Usuarios en la Web -entendiendo por contenidos, sin que esta enumeraci\u00f3n tenga car\u00e1cter limitativo, los textos, fotograf\u00edas, gr\u00e1ficos, im\u00e1genes, iconos, tecnolog\u00eda, software, enlaces y otros contenidos audiovisuales o sonoros, as\u00ed como el dise\u00f1o gr\u00e1fico y c\u00f3digos fuente (en adelante, &#8216;Contenidos&#8217;) &#8211; de conformidad con la ley y, en particular, se compromete a abstenerse de:<\/p><p>a. reproducir, copiar, distribuir, poner a disposici\u00f3n o de cualquier otra forma comunicar p\u00fablicamente, transformar o modificar los Contenidos, excepto si dispone de la autorizaci\u00f3n del titular de los correspondientes derechos;<\/p><p>b. suprimir, manipular o de cualquier otra manera alterar el copyright y dem\u00e1s datos identificativos de la reserva de derechos de la EMPRESA o de sus titulares, de las huellas digitales o de cualquier otro medio t\u00e9cnico establecidos para su reconocimiento.<\/p><p><strong>Disponibilidad y continuidad, utilidad y fiabilidad<\/strong><\/p><p>LA EMPRESA no garantiza la disponibilidad y continuidad del funcionamiento de la Web y de los Servicios. Cuando ello sea razonablemente posible, la EMPRESA advertir\u00e1 previamente de las interrupciones en el funcionamiento de la Web y de los Servicios.<\/p><p>LA EMPRESA EXCLUYE, CON TODA LA EXTENSI\u00d3N PERMITIDA POR EL ORDENAMIENTO JUR\u00cdDICO, CUALQUIER RESPONSABILIDAD POR LOS DA\u00d1OS Y PERJUICIOS DE TODA NATURALEZA QUE PUEDAN CAUSA DE LA FALTA DE DISPONIBILIDAD O DE CONTINUIDAD DEL FUNCIONAMIENTO DE LA WEB Y DE LOS SERVICIOS, LA DEFRAUDACI\u00d3N DE LA UTILIDAD QUE LOS USUARIOS HUBIEREN PODIDO ATRIBUIR A LA WEB Y LOS SERVICIOS, LA FIABILIDAD DEL PORTAL Y DE LOS SERVICIOS, Y EN PARTICULAR, AUNQUE NO EXCLUSIVAMENTE, LOS FALLOS EN EL ACCESO A LAS DISTINTAS P\u00c1GINAS DE LA WEB.<\/p><p><strong>Pol\u00edtica de privacidad<\/strong><\/p><p>Mediante este aviso, FARELL INSTRUMENTS SLU domiciliada en Montcada i Reixac (Barcelona 08110), en la c \/ Telem\u00e1tica 17 con direcci\u00f3n de correo electr\u00f3nico <a title=\"administracion@farell-i.com\" href=\"mailto:administracion@farell-i.com\">administracion@farell-i.com<\/a> (en adelante, EMPRESA), informa a los Usuarios de la web www.farell-i.com (en adelante, la Web) sobre su pol\u00edtica de protecci\u00f3n de datos de car\u00e1cter personal (en adelante, datos personales) para que los Usuarios determinen entrega y voluntariamente si desean facilitar a la EMPRESA los datos personales que se les pueda solicitar o que se puedan obtener de los Usuarios mediante el formulario de contacto de la Web o el formulario de registro. LA EMPRESA se reserva el derecho de modificar la presente pol\u00edtica para adaptarla a novedades legislativas o jurisprudenciales, as\u00ed como a pr\u00e1cticas de la industria. En los supuestos mencionados, la EMPRESA anunciar\u00e1 en esta p\u00e1gina los cambios introducidos con razonable antelaci\u00f3n a su puesta en pr\u00e1ctica.<\/p><p>Los Datos Personales recogidos ser\u00e1n objeto de tratamiento automatizado e incorporados al correspondiente fichero automatizado por la EMPRESA, siendo titular y responsable de su propio fichero (en adelante, el Archivo). LA EMPRESA proporciona a los Usuarios los recursos t\u00e9cnicos adecuados para que, con car\u00e1cter previo, puedan acceder a este aviso sobre Pol\u00edtica de privacidad. S\u00f3lo en los campos en que se indique lo contrario, las respuestas a las preguntas sobre los Datos personales son voluntarias, sin que la falta de respuesta implique una reducci\u00f3n en la calidad o cantidad de los servicios correspondientes, a menos que se indique otra cosa.<\/p><p>El Usuario garantiza que los Datos Personales facilitados a la EMPRESA son veraces y, en caso de que sufren cualquier modificaci\u00f3n, se hace responsable de comunicarle esto.<\/p><p>La recogida y tratamiento automatizado de los Datos personales tiene como finalidad el mantenimiento de la relaci\u00f3n contractual, en su caso, establecida con la EMPRESA, la gesti\u00f3n, administraci\u00f3n, prestaci\u00f3n, ampliaci\u00f3n y mejora de los Servicios, el env\u00edo de autorizaciones los Servicios, el env\u00edo, por medios tradicionales y electr\u00f3nicos, de informaci\u00f3n t\u00e9cnica, operativa y comercial acerca de los Productos y Servicios ofrecidos por la EMPRESA, actualmente y en el futuro. La finalidad de la recogida y tratamiento automatizado de los Datos Personales incluye igualmente el env\u00edo de formularios de encuestas, que el Usuario no queda obligado a contestar.<\/p><p>LA EMPRESA ha adoptado los medios y medidas t\u00e9cnicas de seguridad del Archivo necesarios para evitar la p\u00e9rdida, mal uso, alteraci\u00f3n, acceso no autorizado y robo de los Datos Personales facilitados a la EMPRESA. Sin embargo, el Usuario debe ser consciente de que las medidas de seguridad en Internet no son inexpugnables.<\/p><p>Los Usuarios tienen reconocidos y podr\u00e1n ejercitar los derechos de acceso, cancelaci\u00f3n, rectificaci\u00f3n y oposici\u00f3n al tratamiento de sus datos; adem\u00e1s, tienen reconocido el derecho de ser informados de las cesiones realizadas contactando con la EMPRESA mediante la direcci\u00f3n electr\u00f3nica <a title=\"administracion@farell-i.com\" href=\"mailto:administracion@farell-i.com\">administracion@farell-i.com<\/a><\/p>\t\t\t\t\t\t\t\t<\/div>\n\t\t\t\t<\/div>\n\t\t\t\t\t<\/div>\n\t\t<\/div>\n\t\t\t\t\t<\/div>\n\t\t<\/section>\n\t\t\t\t<\/div>\n\t\t","protected":false},"excerpt":{"rendered":"<p>AVISO LEGAL Este aviso e informaci\u00f3n legales regulan el uso de la web www.farell-i.com (en adelante, &#8216;Web&#8217;) que FARELL INSTRUMENTS SLU (en adelante, EMPRESA) pone a disposici\u00f3n de los usuarios de Internet. LA EMPRESA tiene domicilio social en la calle Telem\u00e1tica 17 del Pol\u00edgono Industrial La Ferrer\u00eda, 08110 Montcada i Reixac, Barcelona, Espa\u00f1a, y CIF [&hellip;]<\/p>\n","protected":false},"author":1,"featured_media":0,"parent":0,"menu_order":0,"comment_status":"closed","ping_status":"closed","template":"","meta":{"footnotes":""},"class_list":["post-3559","page","type-page","status-publish","hentry"],"_links":{"self":[{"href":"https:\/\/farell-i.com\/es\/wp-json\/wp\/v2\/pages\/3559","targetHints":{"allow":["GET"]}}],"collection":[{"href":"https:\/\/farell-i.com\/es\/wp-json\/wp\/v2\/pages"}],"about":[{"href":"https:\/\/farell-i.com\/es\/wp-json\/wp\/v2\/types\/page"}],"author":[{"embeddable":true,"href":"https:\/\/farell-i.com\/es\/wp-json\/wp\/v2\/users\/1"}],"replies":[{"embeddable":true,"href":"https:\/\/farell-i.com\/es\/wp-json\/wp\/v2\/comments?post=3559"}],"version-history":[{"count":7,"href":"https:\/\/farell-i.com\/es\/wp-json\/wp\/v2\/pages\/3559\/revisions"}],"predecessor-version":[{"id":5238,"href":"https:\/\/farell-i.com\/es\/wp-json\/wp\/v2\/pages\/3559\/revisions\/5238"}],"wp:attachment":[{"href":"https:\/\/farell-i.com\/es\/wp-json\/wp\/v2\/media?parent=3559"}],"curies":[{"name":"wp","href":"https:\/\/api.w.org\/{rel}","templated":true}]}}