{"id":2416,"date":"2024-05-29T18:43:04","date_gmt":"2024-05-29T16:43:04","guid":{"rendered":"https:\/\/devel.farell-i.com\/soluciones\/distribucion-de-agua\/"},"modified":"2024-11-04T15:53:03","modified_gmt":"2024-11-04T14:53:03","slug":"distribucion-de-agua","status":"publish","type":"page","link":"https:\/\/farell-i.com\/es\/soluciones\/distribucion-de-agua\/","title":{"rendered":"DISTRIBUCI\u00d3N DE AGUA"},"content":{"rendered":"\t\t<div data-elementor-type=\"wp-page\" data-elementor-id=\"2416\" class=\"elementor elementor-2416 elementor-484\" data-elementor-post-type=\"page\">\n\t\t\t\t\t\t<section class=\"elementor-section elementor-top-section elementor-element elementor-element-41ab6a8 elementor-section-height-min-height elementor-section-boxed elementor-section-height-default elementor-section-items-middle\" data-id=\"41ab6a8\" data-element_type=\"section\" data-e-type=\"section\">\n\t\t\t\t\t\t\t<div class=\"elementor-background-overlay\"><\/div>\n\t\t\t\t\t\t\t<div class=\"elementor-container elementor-column-gap-no\">\n\t\t\t\t\t<div class=\"elementor-column elementor-col-100 elementor-top-column elementor-element elementor-element-21f7f6b\" data-id=\"21f7f6b\" data-element_type=\"column\" data-e-type=\"column\">\n\t\t\t<div class=\"elementor-widget-wrap elementor-element-populated\">\n\t\t\t\t\t\t<div class=\"elementor-element elementor-element-dfd3cfe elementor-widget elementor-widget-heading\" data-id=\"dfd3cfe\" data-element_type=\"widget\" data-e-type=\"widget\" data-widget_type=\"heading.default\">\n\t\t\t\t<div class=\"elementor-widget-container\">\n\t\t\t\t\t<h2 class=\"elementor-heading-title elementor-size-default\">DISTRIBUCI\u00d3N DE AGUA\n<\/h2>\t\t\t\t<\/div>\n\t\t\t\t<\/div>\n\t\t\t\t\t<\/div>\n\t\t<\/div>\n\t\t\t\t\t<\/div>\n\t\t<\/section>\n\t\t\t\t<section class=\"elementor-section elementor-top-section elementor-element elementor-element-ca00ebc elementor-section-boxed elementor-section-height-default elementor-section-height-default\" data-id=\"ca00ebc\" data-element_type=\"section\" data-e-type=\"section\">\n\t\t\t\t\t\t<div class=\"elementor-container elementor-column-gap-default\">\n\t\t\t\t\t<div class=\"elementor-column elementor-col-100 elementor-top-column elementor-element elementor-element-687863c\" data-id=\"687863c\" data-element_type=\"column\" data-e-type=\"column\">\n\t\t\t<div class=\"elementor-widget-wrap elementor-element-populated\">\n\t\t\t\t\t\t<section class=\"elementor-section elementor-inner-section elementor-element elementor-element-73c40f1 elementor-section-full_width elementor-section-height-default elementor-section-height-default\" data-id=\"73c40f1\" data-element_type=\"section\" data-e-type=\"section\">\n\t\t\t\t\t\t<div class=\"elementor-container elementor-column-gap-no\">\n\t\t\t\t\t<div class=\"elementor-column elementor-col-50 elementor-inner-column elementor-element elementor-element-c4dcfd5\" data-id=\"c4dcfd5\" data-element_type=\"column\" data-e-type=\"column\">\n\t\t\t<div class=\"elementor-widget-wrap elementor-element-populated\">\n\t\t\t\t\t\t<div class=\"elementor-element elementor-element-3565cf6 elementor-widget elementor-widget-heading\" data-id=\"3565cf6\" data-element_type=\"widget\" data-e-type=\"widget\" data-widget_type=\"heading.default\">\n\t\t\t\t<div class=\"elementor-widget-container\">\n\t\t\t\t\t<h2 class=\"elementor-heading-title elementor-size-default\">Los equipos y sistemas v\u00eda radio de FARELL INSTRUMENTS est\u00e1n dise\u00f1ados para dar soluci\u00f3n a las necesidades de informaci\u00f3n y comunicaci\u00f3n de los agentes responsables de la administraci\u00f3n de los recursos hidr\u00e1ulicos.\n<\/h2>\t\t\t\t<\/div>\n\t\t\t\t<\/div>\n\t\t\t\t<div class=\"elementor-element elementor-element-94ecb6c elementor-widget elementor-widget-text-editor\" data-id=\"94ecb6c\" data-element_type=\"widget\" data-e-type=\"widget\" data-widget_type=\"text-editor.default\">\n\t\t\t\t<div class=\"elementor-widget-container\">\n\t\t\t\t\t\t\t\t\t<p style=\"font-weight: 400;\">Las dificultades que nos plantea la cada vez mayor escasez de recursos hidr\u00e1ulicos y un uso excesivo de los mismos, ha provocado una situaci\u00f3n de extrema urgencia en la gesti\u00f3n de \u00e9stos. La tecnolog\u00eda permite saber y administrar los recursos de una forma m\u00e1s eficiente, para que las dificultades de nuestros tiempos no vayan a m\u00e1s. As\u00ed, las administraciones y corporaciones que se encargan de su gesti\u00f3n pueden actuar con mayor conocimiento y reducir la incertidumbre.  <\/p>\n<p style=\"font-weight: 400;\">Los sistemas de distribuci\u00f3n de agua dise\u00f1ados y fabricados \u00edntegramente en la empresa pueden abastecer de una soluci\u00f3n tecnol\u00f3gica para cualquier tipo de proyecto, tanto en envergadura como en magnitud. La distancia y el volumen de recursos acostumbra a ser una barrera dif\u00edcil de superar, pero FARELL INSTRUMENTS se ha focalizado en desarrollar electr\u00f3nica de telecomunicaciones para conseguirlo. <\/p>\n\t\t\t\t\t\t\t\t<\/div>\n\t\t\t\t<\/div>\n\t\t\t\t\t<\/div>\n\t\t<\/div>\n\t\t\t\t<div class=\"elementor-column elementor-col-50 elementor-inner-column elementor-element elementor-element-87d6aac\" data-id=\"87d6aac\" data-element_type=\"column\" data-e-type=\"column\">\n\t\t\t<div class=\"elementor-widget-wrap elementor-element-populated\">\n\t\t\t\t\t\t<div class=\"elementor-element elementor-element-1da33f5 elementor-widget elementor-widget-text-editor\" data-id=\"1da33f5\" data-element_type=\"widget\" data-e-type=\"widget\" data-widget_type=\"text-editor.default\">\n\t\t\t\t<div class=\"elementor-widget-container\">\n\t\t\t\t\t\t\t\t\t<p>Pero no todas las necesidades hidr\u00e1ulicas son de gran envergadura y abasto, sino que mucho de los recursos se gestionan de forma local, y d\u00f3nde las soluciones que se aportan est\u00e1n m\u00e1s enfocadas en poder llegar a esos puntos sin autonom\u00eda para equipos de control. El telecontrol y los telemandos aut\u00f3nomos permiten captar y actuar sobre esta multitud de ubicaciones de forma local para poder abastecer a los usuarios. <\/p>\n\t\t\t\t\t\t\t\t<\/div>\n\t\t\t\t<\/div>\n\t\t\t\t\t<\/div>\n\t\t<\/div>\n\t\t\t\t\t<\/div>\n\t\t<\/section>\n\t\t\t\t\t<\/div>\n\t\t<\/div>\n\t\t\t\t\t<\/div>\n\t\t<\/section>\n\t\t\t\t<section class=\"elementor-section elementor-top-section elementor-element elementor-element-c7534f4 elementor-section-boxed elementor-section-height-default elementor-section-height-default\" data-id=\"c7534f4\" data-element_type=\"section\" data-e-type=\"section\">\n\t\t\t\t\t\t<div class=\"elementor-container elementor-column-gap-no\">\n\t\t\t\t\t<div class=\"elementor-column elementor-col-100 elementor-top-column elementor-element elementor-element-312367a\" data-id=\"312367a\" data-element_type=\"column\" data-e-type=\"column\">\n\t\t\t<div class=\"elementor-widget-wrap elementor-element-populated\">\n\t\t\t\t\t\t<div class=\"elementor-element elementor-element-f5887df elementor-widget elementor-widget-heading\" data-id=\"f5887df\" data-element_type=\"widget\" data-e-type=\"widget\" data-widget_type=\"heading.default\">\n\t\t\t\t<div class=\"elementor-widget-container\">\n\t\t\t\t\t<h2 class=\"elementor-heading-title elementor-size-default\">PRODUCTOS<\/h2>\t\t\t\t<\/div>\n\t\t\t\t<\/div>\n\t\t\t\t<section class=\"elementor-section elementor-inner-section elementor-element elementor-element-9e167d5 elementor-section-full_width elementor-section-height-default elementor-section-height-default\" data-id=\"9e167d5\" data-element_type=\"section\" data-e-type=\"section\">\n\t\t\t\t\t\t<div class=\"elementor-container elementor-column-gap-default\">\n\t\t\t\t\t<div class=\"elementor-column elementor-col-33 elementor-inner-column elementor-element elementor-element-790d01e\" data-id=\"790d01e\" data-element_type=\"column\" data-e-type=\"column\" data-settings=\"{&quot;background_background&quot;:&quot;classic&quot;}\">\n\t\t\t<div class=\"elementor-widget-wrap elementor-element-populated\">\n\t\t\t\t\t\t<div class=\"elementor-element elementor-element-a82b269 elementor-widget elementor-widget-image\" data-id=\"a82b269\" data-element_type=\"widget\" data-e-type=\"widget\" data-widget_type=\"image.default\">\n\t\t\t\t<div class=\"elementor-widget-container\">\n\t\t\t\t\t\t\t\t\t\t\t\t\t\t\t<img fetchpriority=\"high\" decoding=\"async\" width=\"700\" height=\"800\" src=\"https:\/\/farell-i.com\/wp-content\/uploads\/2024\/05\/Sistema-WaveJOKER-1.webp\" class=\"attachment-large size-large wp-image-928\" alt=\"\" srcset=\"https:\/\/farell-i.com\/wp-content\/uploads\/2024\/05\/Sistema-WaveJOKER-1.webp 700w, https:\/\/farell-i.com\/wp-content\/uploads\/2024\/05\/Sistema-WaveJOKER-1-263x300.webp 263w\" sizes=\"(max-width: 700px) 100vw, 700px\" \/>\t\t\t\t\t\t\t\t\t\t\t\t\t\t\t<\/div>\n\t\t\t\t<\/div>\n\t\t\t\t<div class=\"elementor-element elementor-element-629e263 elementor-widget elementor-widget-heading\" data-id=\"629e263\" data-element_type=\"widget\" data-e-type=\"widget\" data-widget_type=\"heading.default\">\n\t\t\t\t<div class=\"elementor-widget-container\">\n\t\t\t\t\t<h2 class=\"elementor-heading-title elementor-size-default\">WAVEJOKER<\/h2>\t\t\t\t<\/div>\n\t\t\t\t<\/div>\n\t\t\t\t\t<\/div>\n\t\t<\/div>\n\t\t\t\t<div class=\"elementor-column elementor-col-33 elementor-inner-column elementor-element elementor-element-70bf6cb\" data-id=\"70bf6cb\" data-element_type=\"column\" data-e-type=\"column\" data-settings=\"{&quot;background_background&quot;:&quot;classic&quot;}\">\n\t\t\t<div class=\"elementor-widget-wrap elementor-element-populated\">\n\t\t\t\t\t\t<div class=\"elementor-element elementor-element-09412b8 elementor-widget elementor-widget-image\" data-id=\"09412b8\" data-element_type=\"widget\" data-e-type=\"widget\" data-widget_type=\"image.default\">\n\t\t\t\t<div class=\"elementor-widget-container\">\n\t\t\t\t\t\t\t\t\t\t\t\t\t\t\t<img decoding=\"async\" width=\"700\" height=\"800\" src=\"https:\/\/farell-i.com\/wp-content\/uploads\/2024\/05\/Farell-0057.webp\" class=\"attachment-large size-large wp-image-925\" alt=\"\" srcset=\"https:\/\/farell-i.com\/wp-content\/uploads\/2024\/05\/Farell-0057.webp 700w, https:\/\/farell-i.com\/wp-content\/uploads\/2024\/05\/Farell-0057-263x300.webp 263w\" sizes=\"(max-width: 700px) 100vw, 700px\" \/>\t\t\t\t\t\t\t\t\t\t\t\t\t\t\t<\/div>\n\t\t\t\t<\/div>\n\t\t\t\t<div class=\"elementor-element elementor-element-83d107f elementor-widget elementor-widget-heading\" data-id=\"83d107f\" data-element_type=\"widget\" data-e-type=\"widget\" data-widget_type=\"heading.default\">\n\t\t\t\t<div class=\"elementor-widget-container\">\n\t\t\t\t\t<h2 class=\"elementor-heading-title elementor-size-default\">TAF+<\/h2>\t\t\t\t<\/div>\n\t\t\t\t<\/div>\n\t\t\t\t\t<\/div>\n\t\t<\/div>\n\t\t\t\t<div class=\"elementor-column elementor-col-33 elementor-inner-column elementor-element elementor-element-b876815\" data-id=\"b876815\" data-element_type=\"column\" data-e-type=\"column\" data-settings=\"{&quot;background_background&quot;:&quot;classic&quot;}\">\n\t\t\t<div class=\"elementor-widget-wrap\">\n\t\t\t\t\t\t\t<\/div>\n\t\t<\/div>\n\t\t\t\t\t<\/div>\n\t\t<\/section>\n\t\t\t\t\t<\/div>\n\t\t<\/div>\n\t\t\t\t\t<\/div>\n\t\t<\/section>\n\t\t\t\t<\/div>\n\t\t","protected":false},"excerpt":{"rendered":"<p>DISTRIBUCI\u00d3N DE AGUA Los equipos y sistemas v\u00eda radio de FARELL INSTRUMENTS est\u00e1n dise\u00f1ados para dar soluci\u00f3n a las necesidades de informaci\u00f3n y comunicaci\u00f3n de los agentes responsables de la administraci\u00f3n de los recursos hidr\u00e1ulicos. Las dificultades que nos plantea la cada vez mayor escasez de recursos hidr\u00e1ulicos y un uso excesivo de los mismos, [&hellip;]<\/p>\n","protected":false},"author":1,"featured_media":0,"parent":2410,"menu_order":0,"comment_status":"closed","ping_status":"closed","template":"","meta":{"footnotes":""},"class_list":["post-2416","page","type-page","status-publish","hentry"],"_links":{"self":[{"href":"https:\/\/farell-i.com\/es\/wp-json\/wp\/v2\/pages\/2416","targetHints":{"allow":["GET"]}}],"collection":[{"href":"https:\/\/farell-i.com\/es\/wp-json\/wp\/v2\/pages"}],"about":[{"href":"https:\/\/farell-i.com\/es\/wp-json\/wp\/v2\/types\/page"}],"author":[{"embeddable":true,"href":"https:\/\/farell-i.com\/es\/wp-json\/wp\/v2\/users\/1"}],"replies":[{"embeddable":true,"href":"https:\/\/farell-i.com\/es\/wp-json\/wp\/v2\/comments?post=2416"}],"version-history":[{"count":10,"href":"https:\/\/farell-i.com\/es\/wp-json\/wp\/v2\/pages\/2416\/revisions"}],"predecessor-version":[{"id":3323,"href":"https:\/\/farell-i.com\/es\/wp-json\/wp\/v2\/pages\/2416\/revisions\/3323"}],"up":[{"embeddable":true,"href":"https:\/\/farell-i.com\/es\/wp-json\/wp\/v2\/pages\/2410"}],"wp:attachment":[{"href":"https:\/\/farell-i.com\/es\/wp-json\/wp\/v2\/media?parent=2416"}],"curies":[{"name":"wp","href":"https:\/\/api.w.org\/{rel}","templated":true}]}}