{"id":2410,"date":"2024-05-28T22:21:37","date_gmt":"2024-05-28T20:21:37","guid":{"rendered":"https:\/\/devel.farell-i.com\/soluciones\/"},"modified":"2025-01-10T09:34:11","modified_gmt":"2025-01-10T08:34:11","slug":"soluciones","status":"publish","type":"page","link":"https:\/\/farell-i.com\/es\/soluciones\/","title":{"rendered":"Soluciones"},"content":{"rendered":"\t\t<div data-elementor-type=\"wp-page\" data-elementor-id=\"2410\" class=\"elementor elementor-2410 elementor-289\" data-elementor-post-type=\"page\">\n\t\t\t\t\t\t<section class=\"elementor-section elementor-top-section elementor-element elementor-element-4d60ac7 elementor-section-boxed elementor-section-height-default elementor-section-height-default\" data-id=\"4d60ac7\" data-element_type=\"section\" data-e-type=\"section\">\n\t\t\t\t\t\t<div class=\"elementor-container elementor-column-gap-default\">\n\t\t\t\t\t<div class=\"elementor-column elementor-col-100 elementor-top-column elementor-element elementor-element-859060d\" data-id=\"859060d\" data-element_type=\"column\" data-e-type=\"column\">\n\t\t\t<div class=\"elementor-widget-wrap elementor-element-populated\">\n\t\t\t\t\t\t<div class=\"elementor-element elementor-element-d187a3e elementor-widget elementor-widget-heading\" data-id=\"d187a3e\" data-element_type=\"widget\" data-e-type=\"widget\" data-widget_type=\"heading.default\">\n\t\t\t\t<div class=\"elementor-widget-container\">\n\t\t\t\t\t<h2 class=\"elementor-heading-title elementor-size-default\">SOLUCIONES\n<\/h2>\t\t\t\t<\/div>\n\t\t\t\t<\/div>\n\t\t\t\t<div class=\"elementor-element elementor-element-f964c06 elementor-widget elementor-widget-heading\" data-id=\"f964c06\" data-element_type=\"widget\" data-e-type=\"widget\" data-widget_type=\"heading.default\">\n\t\t\t\t<div class=\"elementor-widget-container\">\n\t\t\t\t\t<h2 class=\"elementor-heading-title elementor-size-default\">FARELL INSTRUMENTS es una empresa especializada en el dise\u00f1o y la fabricaci\u00f3n de equipos de telecontrol y telemetr\u00eda v\u00eda radio. Desde un inicio la empresa ha sido uno en lo referente al sector, focaliz\u00e1ndose en el desarrollo de sistemas innovadores y originales para poder aportar al mercado una completa gama de soluciones en diferentes \u00e1mbitos. \n<\/h2>\t\t\t\t<\/div>\n\t\t\t\t<\/div>\n\t\t\t\t<section class=\"elementor-section elementor-inner-section elementor-element elementor-element-dac50b4 elementor-section-full_width elementor-section-height-default elementor-section-height-default\" data-id=\"dac50b4\" data-element_type=\"section\" data-e-type=\"section\">\n\t\t\t\t\t\t<div class=\"elementor-container elementor-column-gap-no\">\n\t\t\t\t\t<div class=\"elementor-column elementor-col-50 elementor-inner-column elementor-element elementor-element-45a234c\" data-id=\"45a234c\" data-element_type=\"column\" data-e-type=\"column\">\n\t\t\t<div class=\"elementor-widget-wrap elementor-element-populated\">\n\t\t\t\t\t\t<div class=\"elementor-element elementor-element-4ecc45a elementor-widget elementor-widget-text-editor\" data-id=\"4ecc45a\" data-element_type=\"widget\" data-e-type=\"widget\" data-widget_type=\"text-editor.default\">\n\t\t\t\t<div class=\"elementor-widget-container\">\n\t\t\t\t\t\t\t\t\t<p style=\"font-weight: 400;\">Ser dise\u00f1adores de todos los equipos y procesos productivos nos permite poder evolucionar constantemente y de forma flexible a las demandas del mercado. <\/p>\n<p style=\"font-weight: 400;\">Como especialistas en telecomunicaciones, a la gama la transmisi\u00f3n de datos, desarrollamos radio m\u00f3dems industriales para multitud de funciones. Estos equipos permiten dar soluciones para cualquier tipo de red, sea cual sea la arquitectura y la medida. Del mismo modo, los sistemas dise\u00f1ados son capaces de integrarse con cualquier protocolo est\u00e1ndar o espec\u00edfico.  <\/p>\n\t\t\t\t\t\t\t\t<\/div>\n\t\t\t\t<\/div>\n\t\t\t\t\t<\/div>\n\t\t<\/div>\n\t\t\t\t<div class=\"elementor-column elementor-col-50 elementor-inner-column elementor-element elementor-element-8dd6150\" data-id=\"8dd6150\" data-element_type=\"column\" data-e-type=\"column\">\n\t\t\t<div class=\"elementor-widget-wrap elementor-element-populated\">\n\t\t\t\t\t\t<div class=\"elementor-element elementor-element-393867f elementor-widget elementor-widget-text-editor\" data-id=\"393867f\" data-element_type=\"widget\" data-e-type=\"widget\" data-widget_type=\"text-editor.default\">\n\t\t\t\t<div class=\"elementor-widget-container\">\n\t\t\t\t\t\t\t\t\t<p style=\"font-weight: 400;\">Partiendo de la electr\u00f3nica de telecomunicaciones, la empresa ha focalizado sus esfuerzos tambi\u00e9n para hacer sistemas espec\u00edficos para el sector del agua. La excelencia y originalidad de los equipos fabricados nos permiten dar soluciones nuevas a los sistemas de riego, cubriendo las necesidades de nuestros clientes en la modernizaci\u00f3n agr\u00edcola actual. <\/p>\n<p style=\"font-weight: 400;\">Del mismo modo, estamos especializados al dar soluciones a las administraciones y empresas l\u00edderes en la distribuci\u00f3n y abastecimiento de agua, para una gesti\u00f3n m\u00e1s eficiente.<\/p>\n\t\t\t\t\t\t\t\t<\/div>\n\t\t\t\t<\/div>\n\t\t\t\t\t<\/div>\n\t\t<\/div>\n\t\t\t\t\t<\/div>\n\t\t<\/section>\n\t\t\t\t\t<\/div>\n\t\t<\/div>\n\t\t\t\t\t<\/div>\n\t\t<\/section>\n\t\t\t\t<section class=\"elementor-section elementor-top-section elementor-element elementor-element-3f0140c elementor-section-boxed elementor-section-height-default elementor-section-height-default\" data-id=\"3f0140c\" data-element_type=\"section\" data-e-type=\"section\">\n\t\t\t\t\t\t<div class=\"elementor-container elementor-column-gap-default\">\n\t\t\t\t\t<div class=\"elementor-column elementor-col-100 elementor-top-column elementor-element elementor-element-6245df6\" data-id=\"6245df6\" data-element_type=\"column\" data-e-type=\"column\">\n\t\t\t<div class=\"elementor-widget-wrap elementor-element-populated\">\n\t\t\t\t\t\t<section class=\"elementor-section elementor-inner-section elementor-element elementor-element-5190839 elementor-section-full_width elementor-section-height-default elementor-section-height-default\" data-id=\"5190839\" data-element_type=\"section\" data-e-type=\"section\">\n\t\t\t\t\t\t<div class=\"elementor-container elementor-column-gap-default\">\n\t\t\t\t\t<div class=\"elementor-column elementor-col-50 elementor-inner-column elementor-element elementor-element-0608235\" data-id=\"0608235\" data-element_type=\"column\" data-e-type=\"column\">\n\t\t\t<div class=\"elementor-widget-wrap elementor-element-populated\">\n\t\t\t\t\t\t<div class=\"elementor-element elementor-element-b40c6bc elementor-widget elementor-widget-image\" data-id=\"b40c6bc\" data-element_type=\"widget\" data-e-type=\"widget\" data-widget_type=\"image.default\">\n\t\t\t\t<div class=\"elementor-widget-container\">\n\t\t\t\t\t\t\t\t\t\t\t\t\t\t\t\t<a href=\"https:\/\/farell-i.com\/es\/soluciones\/transmision-de-datos\/\">\n\t\t\t\t\t\t\t<img fetchpriority=\"high\" decoding=\"async\" width=\"450\" height=\"430\" src=\"https:\/\/farell-i.com\/wp-content\/uploads\/2024\/05\/transmission-de-datps-detall-farell.webp\" class=\"attachment-large size-large wp-image-865\" alt=\"\" srcset=\"https:\/\/farell-i.com\/wp-content\/uploads\/2024\/05\/transmission-de-datps-detall-farell.webp 450w, https:\/\/farell-i.com\/wp-content\/uploads\/2024\/05\/transmission-de-datps-detall-farell-300x287.webp 300w\" sizes=\"(max-width: 450px) 100vw, 450px\" \/>\t\t\t\t\t\t\t\t<\/a>\n\t\t\t\t\t\t\t\t\t\t\t\t\t\t\t<\/div>\n\t\t\t\t<\/div>\n\t\t\t\t<div class=\"elementor-element elementor-element-f9b63e9 elementor-widget elementor-widget-heading\" data-id=\"f9b63e9\" data-element_type=\"widget\" data-e-type=\"widget\" data-widget_type=\"heading.default\">\n\t\t\t\t<div class=\"elementor-widget-container\">\n\t\t\t\t\t<h2 class=\"elementor-heading-title elementor-size-default\"><a href=\"https:\/\/farell-i.com\/es\/soluciones\/transmision-de-datos\/\">Transmisi\u00f3n de datos<\/a><\/h2>\t\t\t\t<\/div>\n\t\t\t\t<\/div>\n\t\t\t\t\t<\/div>\n\t\t<\/div>\n\t\t\t\t<div class=\"elementor-column elementor-col-50 elementor-inner-column elementor-element elementor-element-ef84574\" data-id=\"ef84574\" data-element_type=\"column\" data-e-type=\"column\">\n\t\t\t<div class=\"elementor-widget-wrap elementor-element-populated\">\n\t\t\t\t\t\t<div class=\"elementor-element elementor-element-c8eb5fb elementor-widget elementor-widget-image\" data-id=\"c8eb5fb\" data-element_type=\"widget\" data-e-type=\"widget\" data-widget_type=\"image.default\">\n\t\t\t\t<div class=\"elementor-widget-container\">\n\t\t\t\t\t\t\t\t\t\t\t\t\t\t\t\t<a href=\"https:\/\/farell-i.com\/es\/soluciones\/distribucion-de-agua\/\">\n\t\t\t\t\t\t\t<img decoding=\"async\" width=\"450\" height=\"430\" src=\"https:\/\/farell-i.com\/wp-content\/uploads\/2024\/05\/distribucion-de-agua-detal-imgl-farell.webp\" class=\"attachment-large size-large wp-image-859\" alt=\"\" srcset=\"https:\/\/farell-i.com\/wp-content\/uploads\/2024\/05\/distribucion-de-agua-detal-imgl-farell.webp 450w, https:\/\/farell-i.com\/wp-content\/uploads\/2024\/05\/distribucion-de-agua-detal-imgl-farell-300x287.webp 300w\" sizes=\"(max-width: 450px) 100vw, 450px\" \/>\t\t\t\t\t\t\t\t<\/a>\n\t\t\t\t\t\t\t\t\t\t\t\t\t\t\t<\/div>\n\t\t\t\t<\/div>\n\t\t\t\t<div class=\"elementor-element elementor-element-302c362 elementor-widget elementor-widget-heading\" data-id=\"302c362\" data-element_type=\"widget\" data-e-type=\"widget\" data-widget_type=\"heading.default\">\n\t\t\t\t<div class=\"elementor-widget-container\">\n\t\t\t\t\t<h2 class=\"elementor-heading-title elementor-size-default\"><a href=\"https:\/\/farell-i.com\/es\/soluciones\/distribucion-de-agua\/\">Distribuci\u00f3n de agua<\/a><\/h2>\t\t\t\t<\/div>\n\t\t\t\t<\/div>\n\t\t\t\t\t<\/div>\n\t\t<\/div>\n\t\t\t\t\t<\/div>\n\t\t<\/section>\n\t\t\t\t\t<\/div>\n\t\t<\/div>\n\t\t\t\t\t<\/div>\n\t\t<\/section>\n\t\t\t\t<section class=\"elementor-section elementor-top-section elementor-element elementor-element-89d796a elementor-section-boxed elementor-section-height-default elementor-section-height-default\" data-id=\"89d796a\" data-element_type=\"section\" data-e-type=\"section\">\n\t\t\t\t\t\t<div class=\"elementor-container elementor-column-gap-default\">\n\t\t\t\t\t<div class=\"elementor-column elementor-col-100 elementor-top-column elementor-element elementor-element-777d37d\" data-id=\"777d37d\" data-element_type=\"column\" data-e-type=\"column\">\n\t\t\t<div class=\"elementor-widget-wrap elementor-element-populated\">\n\t\t\t\t\t\t<section class=\"elementor-section elementor-inner-section elementor-element elementor-element-042959f elementor-section-full_width elementor-section-height-default elementor-section-height-default\" data-id=\"042959f\" data-element_type=\"section\" data-e-type=\"section\">\n\t\t\t\t\t\t<div class=\"elementor-container elementor-column-gap-default\">\n\t\t\t\t\t<div class=\"elementor-column elementor-col-50 elementor-inner-column elementor-element elementor-element-ed86719\" data-id=\"ed86719\" data-element_type=\"column\" data-e-type=\"column\">\n\t\t\t<div class=\"elementor-widget-wrap elementor-element-populated\">\n\t\t\t\t\t\t<div class=\"elementor-element elementor-element-c8273b5 elementor-widget elementor-widget-image\" data-id=\"c8273b5\" data-element_type=\"widget\" data-e-type=\"widget\" data-widget_type=\"image.default\">\n\t\t\t\t<div class=\"elementor-widget-container\">\n\t\t\t\t\t\t\t\t\t\t\t\t\t\t\t\t<a href=\"https:\/\/farell-i.com\/es\/soluciones\/sistemas-de-riego\/\">\n\t\t\t\t\t\t\t<img decoding=\"async\" width=\"450\" height=\"430\" src=\"https:\/\/farell-i.com\/wp-content\/uploads\/2024\/05\/distribucion-de-agua-detall-farell.webp\" class=\"attachment-large size-large wp-image-862\" alt=\"\" srcset=\"https:\/\/farell-i.com\/wp-content\/uploads\/2024\/05\/distribucion-de-agua-detall-farell.webp 450w, https:\/\/farell-i.com\/wp-content\/uploads\/2024\/05\/distribucion-de-agua-detall-farell-300x287.webp 300w\" sizes=\"(max-width: 450px) 100vw, 450px\" \/>\t\t\t\t\t\t\t\t<\/a>\n\t\t\t\t\t\t\t\t\t\t\t\t\t\t\t<\/div>\n\t\t\t\t<\/div>\n\t\t\t\t<div class=\"elementor-element elementor-element-af3ce31 elementor-widget elementor-widget-heading\" data-id=\"af3ce31\" data-element_type=\"widget\" data-e-type=\"widget\" data-widget_type=\"heading.default\">\n\t\t\t\t<div class=\"elementor-widget-container\">\n\t\t\t\t\t<h2 class=\"elementor-heading-title elementor-size-default\"><a href=\"https:\/\/farell-i.com\/es\/soluciones\/sistemas-de-riego\/\">Sistemas de riego<\/a><\/h2>\t\t\t\t<\/div>\n\t\t\t\t<\/div>\n\t\t\t\t\t<\/div>\n\t\t<\/div>\n\t\t\t\t<div class=\"elementor-column elementor-col-50 elementor-inner-column elementor-element elementor-element-ed57579\" data-id=\"ed57579\" data-element_type=\"column\" data-e-type=\"column\">\n\t\t\t<div class=\"elementor-widget-wrap elementor-element-populated\">\n\t\t\t\t\t\t<div class=\"elementor-element elementor-element-aacbcd6 elementor-widget elementor-widget-image\" data-id=\"aacbcd6\" data-element_type=\"widget\" data-e-type=\"widget\" data-widget_type=\"image.default\">\n\t\t\t\t<div class=\"elementor-widget-container\">\n\t\t\t\t\t\t\t\t\t\t\t\t\t\t\t\t<a href=\"https:\/\/farell-i.com\/es\/soluciones\/sistemas-de-riego-2\/\">\n\t\t\t\t\t\t\t<img loading=\"lazy\" decoding=\"async\" width=\"450\" height=\"430\" src=\"https:\/\/farell-i.com\/wp-content\/uploads\/2025\/01\/4-Farell_Banner_Web_450x430px.jpg\" class=\"attachment-large size-large wp-image-3672\" alt=\"\" srcset=\"https:\/\/farell-i.com\/wp-content\/uploads\/2025\/01\/4-Farell_Banner_Web_450x430px.jpg 450w, https:\/\/farell-i.com\/wp-content\/uploads\/2025\/01\/4-Farell_Banner_Web_450x430px-300x287.jpg 300w\" sizes=\"(max-width: 450px) 100vw, 450px\" \/>\t\t\t\t\t\t\t\t<\/a>\n\t\t\t\t\t\t\t\t\t\t\t\t\t\t\t<\/div>\n\t\t\t\t<\/div>\n\t\t\t\t<div class=\"elementor-element elementor-element-892a399 elementor-widget elementor-widget-heading\" data-id=\"892a399\" data-element_type=\"widget\" data-e-type=\"widget\" data-widget_type=\"heading.default\">\n\t\t\t\t<div class=\"elementor-widget-container\">\n\t\t\t\t\t<h2 class=\"elementor-heading-title elementor-size-default\"><a href=\"https:\/\/farell-i.com\/es\/soluciones\/sistemas-de-riego-2\/\">TELEMANDOS<\/a><\/h2>\t\t\t\t<\/div>\n\t\t\t\t<\/div>\n\t\t\t\t\t<\/div>\n\t\t<\/div>\n\t\t\t\t\t<\/div>\n\t\t<\/section>\n\t\t\t\t\t<\/div>\n\t\t<\/div>\n\t\t\t\t\t<\/div>\n\t\t<\/section>\n\t\t\t\t<\/div>\n\t\t","protected":false},"excerpt":{"rendered":"<p>SOLUCIONES FARELL INSTRUMENTS es una empresa especializada en el dise\u00f1o y la fabricaci\u00f3n de equipos de telecontrol y telemetr\u00eda v\u00eda radio. Desde un inicio la empresa ha sido uno en lo referente al sector, focaliz\u00e1ndose en el desarrollo de sistemas innovadores y originales para poder aportar al mercado una completa gama de soluciones en diferentes [&hellip;]<\/p>\n","protected":false},"author":1,"featured_media":0,"parent":0,"menu_order":0,"comment_status":"closed","ping_status":"closed","template":"","meta":{"footnotes":""},"class_list":["post-2410","page","type-page","status-publish","hentry"],"_links":{"self":[{"href":"https:\/\/farell-i.com\/es\/wp-json\/wp\/v2\/pages\/2410","targetHints":{"allow":["GET"]}}],"collection":[{"href":"https:\/\/farell-i.com\/es\/wp-json\/wp\/v2\/pages"}],"about":[{"href":"https:\/\/farell-i.com\/es\/wp-json\/wp\/v2\/types\/page"}],"author":[{"embeddable":true,"href":"https:\/\/farell-i.com\/es\/wp-json\/wp\/v2\/users\/1"}],"replies":[{"embeddable":true,"href":"https:\/\/farell-i.com\/es\/wp-json\/wp\/v2\/comments?post=2410"}],"version-history":[{"count":14,"href":"https:\/\/farell-i.com\/es\/wp-json\/wp\/v2\/pages\/2410\/revisions"}],"predecessor-version":[{"id":3678,"href":"https:\/\/farell-i.com\/es\/wp-json\/wp\/v2\/pages\/2410\/revisions\/3678"}],"wp:attachment":[{"href":"https:\/\/farell-i.com\/es\/wp-json\/wp\/v2\/media?parent=2410"}],"curies":[{"name":"wp","href":"https:\/\/api.w.org\/{rel}","templated":true}]}}