{"id":2402,"date":"2024-05-30T01:36:26","date_gmt":"2024-05-29T23:36:26","guid":{"rendered":"https:\/\/devel.farell-i.com\/politica-de-cookies\/"},"modified":"2024-10-23T11:09:20","modified_gmt":"2024-10-23T09:09:20","slug":"politica-de-cookies","status":"publish","type":"page","link":"https:\/\/farell-i.com\/es\/politica-de-cookies\/","title":{"rendered":"Pol\u00edtica de cookies"},"content":{"rendered":"\t\t<div data-elementor-type=\"wp-page\" data-elementor-id=\"2402\" class=\"elementor elementor-2402 elementor-750\" data-elementor-post-type=\"page\">\n\t\t\t\t\t\t<section class=\"elementor-section elementor-top-section elementor-element elementor-element-d98c779 elementor-section-full_width elementor-section-height-default elementor-section-height-default\" data-id=\"d98c779\" data-element_type=\"section\" data-e-type=\"section\">\n\t\t\t\t\t\t<div class=\"elementor-container elementor-column-gap-no\">\n\t\t\t\t\t<div class=\"elementor-column elementor-col-100 elementor-top-column elementor-element elementor-element-9f237ca\" data-id=\"9f237ca\" data-element_type=\"column\" data-e-type=\"column\">\n\t\t\t<div class=\"elementor-widget-wrap elementor-element-populated\">\n\t\t\t\t\t\t<div class=\"elementor-element elementor-element-c29f8d0 elementor-widget elementor-widget-heading\" data-id=\"c29f8d0\" data-element_type=\"widget\" data-e-type=\"widget\" data-widget_type=\"heading.default\">\n\t\t\t\t<div class=\"elementor-widget-container\">\n\t\t\t\t\t<h2 class=\"elementor-heading-title elementor-size-default\">POL\u00cdTICA DE COOKIES <\/h2>\t\t\t\t<\/div>\n\t\t\t\t<\/div>\n\t\t\t\t\t<\/div>\n\t\t<\/div>\n\t\t\t\t\t<\/div>\n\t\t<\/section>\n\t\t\t\t<section class=\"elementor-section elementor-top-section elementor-element elementor-element-a97b33e elementor-section-boxed elementor-section-height-default elementor-section-height-default\" data-id=\"a97b33e\" data-element_type=\"section\" data-e-type=\"section\">\n\t\t\t\t\t\t<div class=\"elementor-container elementor-column-gap-no\">\n\t\t\t\t\t<div class=\"elementor-column elementor-col-100 elementor-top-column elementor-element elementor-element-0254aad\" data-id=\"0254aad\" data-element_type=\"column\" data-e-type=\"column\">\n\t\t\t<div class=\"elementor-widget-wrap elementor-element-populated\">\n\t\t\t\t\t\t<div class=\"elementor-element elementor-element-159e431 elementor-widget elementor-widget-text-editor\" data-id=\"159e431\" data-element_type=\"widget\" data-e-type=\"widget\" data-widget_type=\"text-editor.default\">\n\t\t\t\t<div class=\"elementor-widget-container\">\n\t\t\t\t\t\t\t\t\t<p><strong>Qu\u00e9 son las galletas<\/strong><\/p>\n<p>Las galletas son peque\u00f1os archivos de datos que se reciben al terminal desde el sitio web visitado y se utilizan para registrar algunas interacciones de la navegaci\u00f3n de un sitio web almacenando datos que podr\u00e1n ser actualizados y recuperados. Estos archivos se guardan al ordenador del usuario y contiene datos an\u00f3nimos que no son perjudiciales para su equipo. Se utilizan para recordar las preferencias del usuario, como el idioma seleccionado, datos de acceso o personalizaci\u00f3n de la p\u00e1gina.  <\/p>\n<p>Las galletas tambi\u00e9n se pueden utilizar para registrar informaci\u00f3n an\u00f3nima sobre como un visitante utiliza un lugar. Por ejemplo, desde qu\u00e9 p\u00e1gina web se ha accedido, o si se ha utilizado un baner publicitario para llegar. <\/p>\n<p><strong>\u00bfPor qu\u00e9 utilizamos galletas?<\/strong><\/p>\n<p>Esta web utiliza galletas estrictamente necesarias y esenciales porque usted utilice nuestro sitio web y le permitan moverse libremente, utilizar \u00e1reas seguras, opciones personalizadas&#8230; Adem\u00e1s utilizamos las galletas para recoger los datos relativos al an\u00e1lisis del uso de la web. Estas se utilizan para ayudar a mejorar el servicio al cliente, mesurando el uso y el rendimiento de la p\u00e1gina para optimizarla y personalizarla.  <\/p>\n<p><strong>\u00bfQu\u00e9 utilidad le damos a los diferentes tipos de galletas?<\/strong><\/p>\n<p>Galletas t\u00e9cnicas: son aquellas imprescindibles y estrictamente necesarias por el correcto funcionamiento de un portal web y la utilizaci\u00f3n de las diferentes opciones y servicios que ofrecen.<\/p>\n<p>Galletas de personalizaci\u00f3n: permiten al usuario especificar o personalizar algunas caracter\u00edsticas de las opciones generales de la p\u00e1gina web.<\/p>\n<p>Galletas anal\u00edticas: las utilizamos para crear perfiles de navegaci\u00f3n y poder conocer las preferencias de los usuarios con el fin de mejorar la oferta de productos y servicios.<\/p>\n<p>Galletas de publicidad: permiten guardar informaci\u00f3n del comportamiento por medio de la observaci\u00f3n de los h\u00e1bitos, estudiando los accesos y creando un perfil de preferencias del usuario para ofrecer publicidad relacionada con sus intereses.<\/p>\n<p>Seg\u00fan el plazo estas galletas las podemos definir como:<\/p>\n<p>Galletas de sesi\u00f3n: son aquellas que duran el tiempo que el usuario est\u00e1 navegando por la p\u00e1gina web y se eliminan cuando se acaba.<\/p>\n<p>Galletas permanentes: son aquellas que quedan guardadas al terminal del usuario, por un tiempo m\u00e1s largo, facilitando el control de las preferencias escogidas sin tener que repetir ciertos par\u00e1metros cada vez que se visite el sitio web.<\/p>\n<p><strong>Cookies de terceros<\/strong><\/p>\n<p>Galletas de an\u00e1lisis: permiten cuantificar el n\u00famero de usuarios y as\u00ed realizar la medici\u00f3n y an\u00e1lisis estad\u00edstico de la utilizaci\u00f3n que hacen los usuarios del servicio ofrecido. Por eso se analiza su navegaci\u00f3n en nuestra p\u00e1gina web para mejorar la oferta de productos o servicios que le ofrecemos. <\/p>\n<p>Conoce los terceros:<br \/>&#8211; <a href=\"https:\/\/developers.google.com\/analytics\/devguides\/collection\/analyticsjs\/cookie-usage?hl=es\" target=\"_blank\" rel=\"noopener\">Google analytics<\/a><\/p>\n<p>Galletas utilizadas por complementos de proveedores externos de contenido: permiten acceder a contenidos o servicios proporcionados por terceros, por ejemplo ver los videos alojados a Vimeo o YouTube.<\/p>\n<p>Conoce los terceros:<br \/>&#8211; <a href=\"https:\/\/www.adobe.com\/es\/privacy\/cookies.html\" target=\"_blank\" rel=\"noopener\">Adobe<\/a><br \/>&#8211; <a href=\"https:\/\/es-es.facebook.com\/policies\/cookies\/\" target=\"_blank\" rel=\"noopener\">Facebook<\/a><br \/>&#8211; <a href=\"https:\/\/policies.google.com\/technologies\/types?hl=es\" target=\"_blank\" rel=\"noopener\">Google maps<\/a><br \/>&#8211; <a href=\"https:\/\/help.instagram.com\/1896641480634370?ref=ig%2C\" target=\"_blank\" rel=\"noopener\">Instagram<\/a><br \/>&#8211; <a href=\"https:\/\/www.linkedin.com\/legal\/cookie-policy?_l=es_ES\" target=\"_blank\" rel=\"noopener\">Linkedin<\/a><br \/>&#8211; <a href=\"https:\/\/policy.pinterest.com\/es\/cookies\" target=\"_blank\" rel=\"noopener\">Pinterest<\/a><br \/>&#8211; <a href=\"https:\/\/twitter.com\/en\/privacy\" target=\"_blank\" rel=\"noopener\">Twitter<\/a><br \/>&#8211; <a href=\"https:\/\/vimeo.com\/cookie_policy\" target=\"_blank\" rel=\"noopener\">Vimeo<\/a><br \/>&#8211;          <a href=\"https:\/\/policies.google.com\/privacy?hl=es&amp;gl=es\" target=\"_blank\" rel=\"noopener\">Youtube<\/a><\/p>\n<p><strong>\u00bfY si no quiero tener estas galletas o no hago nada al respeto?<\/strong><\/p>\n<p>Para cumplir con la legislaci\u00f3n vigente, tenemos que pedir su permiso para gestionar galletas. Si decide no autorizar el tratamiento indicando la suya no conformidad, solo utilizaremos las galletas t\u00e9cnicas, puesto que son imprescindibles para la navegaci\u00f3n en nuestra web. En este caso, no guardamos ninguna galleta. En caso de continuar navegando por la web sin denegar su autorizaci\u00f3n implica que acepta el uso.   <\/p>\n<p>Tiene que tener en cuenta que si reh\u00fasa o elimina las galletas de navegaci\u00f3n por la web, no podremos mantener sus preferencias, algunas caracter\u00edsticas de las p\u00e1ginas no estar\u00e1n operativas, no podremos ofrecer servicios personalizados y cada vez que tenga que navegar por la web tendremos que volver a pedir la autorizaci\u00f3n por el uso de las galletas.<\/p>\n<p>Si aun as\u00ed, decide modificar la configuraci\u00f3n de su acceso a la p\u00e1gina web, tiene que saber que es posible eliminar las galletas o impedir que se registre esta informaci\u00f3n a su equipo en cualquier momento modificando los par\u00e1metros correspondiendo seg\u00fan el navegador:<br \/>&#8211; <a href=\"https:\/\/support.google.com\/chrome\/answer\/95647?hl=es\" target=\"_blank\" rel=\"noopener\">Chrome<\/a><br \/>&#8211; <a href=\"https:\/\/support.google.com\/chrome\/answer\/114662?hl=es&amp;visit_id=637366229830463074-1900085083&amp;rd=1\" target=\"_blank\" rel=\"noopener\">Chrome para Android<\/a><br \/>&#8211; <a href=\"https:\/\/support.microsoft.com\/es-es\/help\/17442\/windows-internet-explorer-delete-manage-cookies\" target=\"_blank\" rel=\"noopener\">Explorer<\/a><br \/>&#8211; <a href=\"https:\/\/www.mozilla.org\/es-ES\/privacy\/websites\/#cookies\" target=\"_blank\" rel=\"noopener\">Firefox<\/a><br \/>&#8211; <a href=\"https:\/\/help.opera.com\/en\/latest\/web-preferences\/#cookies\" target=\"_blank\" rel=\"noopener\">Opera<\/a><br \/>&#8211; <a href=\"https:\/\/www.apple.com\/legal\/privacy\/es\/cookies\/\" target=\"_blank\" rel=\"noopener\">Safari<\/a><br \/>&#8211; <a href=\"https:\/\/support.apple.com\/ca-es\/HT201265\" target=\"_blank\" rel=\"noopener\">Safari para IOS<\/a><\/p>\n\t\t\t\t\t\t\t\t<\/div>\n\t\t\t\t<\/div>\n\t\t\t\t\t<\/div>\n\t\t<\/div>\n\t\t\t\t\t<\/div>\n\t\t<\/section>\n\t\t\t\t<\/div>\n\t\t","protected":false},"excerpt":{"rendered":"<p>POL\u00cdTICA DE COOKIES Qu\u00e9 son las galletas Las galletas son peque\u00f1os archivos de datos que se reciben al terminal desde el sitio web visitado y se utilizan para registrar algunas interacciones de la navegaci\u00f3n de un sitio web almacenando datos que podr\u00e1n ser actualizados y recuperados. Estos archivos se guardan al ordenador del usuario y [&hellip;]<\/p>\n","protected":false},"author":1,"featured_media":0,"parent":0,"menu_order":0,"comment_status":"closed","ping_status":"closed","template":"","meta":{"footnotes":""},"class_list":["post-2402","page","type-page","status-publish","hentry"],"_links":{"self":[{"href":"https:\/\/farell-i.com\/es\/wp-json\/wp\/v2\/pages\/2402","targetHints":{"allow":["GET"]}}],"collection":[{"href":"https:\/\/farell-i.com\/es\/wp-json\/wp\/v2\/pages"}],"about":[{"href":"https:\/\/farell-i.com\/es\/wp-json\/wp\/v2\/types\/page"}],"author":[{"embeddable":true,"href":"https:\/\/farell-i.com\/es\/wp-json\/wp\/v2\/users\/1"}],"replies":[{"embeddable":true,"href":"https:\/\/farell-i.com\/es\/wp-json\/wp\/v2\/comments?post=2402"}],"version-history":[{"count":3,"href":"https:\/\/farell-i.com\/es\/wp-json\/wp\/v2\/pages\/2402\/revisions"}],"predecessor-version":[{"id":2720,"href":"https:\/\/farell-i.com\/es\/wp-json\/wp\/v2\/pages\/2402\/revisions\/2720"}],"wp:attachment":[{"href":"https:\/\/farell-i.com\/es\/wp-json\/wp\/v2\/media?parent=2402"}],"curies":[{"name":"wp","href":"https:\/\/api.w.org\/{rel}","templated":true}]}}