{"id":2386,"date":"2024-05-28T20:52:30","date_gmt":"2024-05-28T18:52:30","guid":{"rendered":"https:\/\/devel.farell-i.com\/empresa\/innovacion\/"},"modified":"2024-10-23T11:07:00","modified_gmt":"2024-10-23T09:07:00","slug":"innovacion","status":"publish","type":"page","link":"https:\/\/farell-i.com\/es\/empresa\/innovacion\/","title":{"rendered":"INNOVACI\u00d3N"},"content":{"rendered":"\t\t<div data-elementor-type=\"wp-page\" data-elementor-id=\"2386\" class=\"elementor elementor-2386 elementor-265\" data-elementor-post-type=\"page\">\n\t\t\t\t\t\t<section class=\"elementor-section elementor-top-section elementor-element elementor-element-41ab6a8 elementor-section-height-min-height elementor-section-boxed elementor-section-height-default elementor-section-items-middle\" data-id=\"41ab6a8\" data-element_type=\"section\" data-e-type=\"section\">\n\t\t\t\t\t\t\t<div class=\"elementor-background-overlay\"><\/div>\n\t\t\t\t\t\t\t<div class=\"elementor-container elementor-column-gap-no\">\n\t\t\t\t\t<div class=\"elementor-column elementor-col-100 elementor-top-column elementor-element elementor-element-21f7f6b\" data-id=\"21f7f6b\" data-element_type=\"column\" data-e-type=\"column\">\n\t\t\t<div class=\"elementor-widget-wrap elementor-element-populated\">\n\t\t\t\t\t\t<div class=\"elementor-element elementor-element-dfd3cfe elementor-widget elementor-widget-heading\" data-id=\"dfd3cfe\" data-element_type=\"widget\" data-e-type=\"widget\" data-widget_type=\"heading.default\">\n\t\t\t\t<div class=\"elementor-widget-container\">\n\t\t\t\t\t<h2 class=\"elementor-heading-title elementor-size-default\">INNOVACI\u00d3N<\/h2>\t\t\t\t<\/div>\n\t\t\t\t<\/div>\n\t\t\t\t\t<\/div>\n\t\t<\/div>\n\t\t\t\t\t<\/div>\n\t\t<\/section>\n\t\t\t\t<section class=\"elementor-section elementor-top-section elementor-element elementor-element-ca00ebc elementor-section-boxed elementor-section-height-default elementor-section-height-default\" data-id=\"ca00ebc\" data-element_type=\"section\" data-e-type=\"section\">\n\t\t\t\t\t\t<div class=\"elementor-container elementor-column-gap-default\">\n\t\t\t\t\t<div class=\"elementor-column elementor-col-100 elementor-top-column elementor-element elementor-element-687863c\" data-id=\"687863c\" data-element_type=\"column\" data-e-type=\"column\">\n\t\t\t<div class=\"elementor-widget-wrap elementor-element-populated\">\n\t\t\t\t\t\t<div class=\"elementor-element elementor-element-8d4d26a elementor-widget elementor-widget-heading\" data-id=\"8d4d26a\" data-element_type=\"widget\" data-e-type=\"widget\" data-widget_type=\"heading.default\">\n\t\t\t\t<div class=\"elementor-widget-container\">\n\t\t\t\t\t<h2 class=\"elementor-heading-title elementor-size-default\">Apostamos por la inversi\u00f3n de forma continua\n\n<\/h2>\t\t\t\t<\/div>\n\t\t\t\t<\/div>\n\t\t\t\t<section class=\"elementor-section elementor-inner-section elementor-element elementor-element-73c40f1 elementor-section-full_width elementor-section-height-default elementor-section-height-default\" data-id=\"73c40f1\" data-element_type=\"section\" data-e-type=\"section\">\n\t\t\t\t\t\t<div class=\"elementor-container elementor-column-gap-no\">\n\t\t\t\t\t<div class=\"elementor-column elementor-col-50 elementor-inner-column elementor-element elementor-element-c4dcfd5\" data-id=\"c4dcfd5\" data-element_type=\"column\" data-e-type=\"column\">\n\t\t\t<div class=\"elementor-widget-wrap elementor-element-populated\">\n\t\t\t\t\t\t<div class=\"elementor-element elementor-element-94ecb6c elementor-widget elementor-widget-text-editor\" data-id=\"94ecb6c\" data-element_type=\"widget\" data-e-type=\"widget\" data-widget_type=\"text-editor.default\">\n\t\t\t\t<div class=\"elementor-widget-container\">\n\t\t\t\t\t\t\t\t\t<p>Apostamos por la inversi\u00f3n de forma continua, preferentemente en I+D, colaborando estrechamente con nuestros clientes para anticiparnos a las necesidades del mercado global.<\/p>\n<p>El dominio de las tecnolog\u00edas de radiofrecuencia, adquisici\u00f3n de se\u00f1ales, microprocesadores, DSP (Digital Signal Processing) y protocolos abiertos es nuestro pilar en el desarrollo de nuevas soluciones y sistemas.<\/p>\n\t\t\t\t\t\t\t\t<\/div>\n\t\t\t\t<\/div>\n\t\t\t\t\t<\/div>\n\t\t<\/div>\n\t\t\t\t<div class=\"elementor-column elementor-col-50 elementor-inner-column elementor-element elementor-element-87d6aac\" data-id=\"87d6aac\" data-element_type=\"column\" data-e-type=\"column\">\n\t\t\t<div class=\"elementor-widget-wrap elementor-element-populated\">\n\t\t\t\t\t\t<div class=\"elementor-element elementor-element-1da33f5 elementor-widget elementor-widget-text-editor\" data-id=\"1da33f5\" data-element_type=\"widget\" data-e-type=\"widget\" data-widget_type=\"text-editor.default\">\n\t\t\t\t<div class=\"elementor-widget-container\">\n\t\t\t\t\t\t\t\t\t<p>Es por ello que estamos alerta de cualquier novedad que pueda aportarnos el mercado, al igual que nos focalizamos tambi\u00e9n en el desarrollo de t\u00e9cnicas propias, especialmente en el campo de los equipos de extremo bajo consumo.<\/p>\n<p>La colaboraci\u00f3n con los agentes del sector es b\u00e1sica, especialmente con nuestros partners especializados, desde la fabricaci\u00f3n de componentes, proyectos de ingenier\u00eda, instalaci\u00f3n, desarrollo de software espec\u00edfico hasta la implantaci\u00f3n y el servicio posventa.<\/p>\n\t\t\t\t\t\t\t\t<\/div>\n\t\t\t\t<\/div>\n\t\t\t\t\t<\/div>\n\t\t<\/div>\n\t\t\t\t\t<\/div>\n\t\t<\/section>\n\t\t\t\t\t<\/div>\n\t\t<\/div>\n\t\t\t\t\t<\/div>\n\t\t<\/section>\n\t\t\t\t<\/div>\n\t\t","protected":false},"excerpt":{"rendered":"<p>INNOVACI\u00d3N Apostamos por la inversi\u00f3n de forma continua Apostamos por la inversi\u00f3n de forma continua, preferentemente en I+D, colaborando estrechamente con nuestros clientes para anticiparnos a las necesidades del mercado global. El dominio de las tecnolog\u00edas de radiofrecuencia, adquisici\u00f3n de se\u00f1ales, microprocesadores, DSP (Digital Signal Processing) y protocolos abiertos es nuestro pilar en el desarrollo [&hellip;]<\/p>\n","protected":false},"author":1,"featured_media":0,"parent":2348,"menu_order":0,"comment_status":"closed","ping_status":"closed","template":"","meta":{"footnotes":""},"class_list":["post-2386","page","type-page","status-publish","hentry"],"_links":{"self":[{"href":"https:\/\/farell-i.com\/es\/wp-json\/wp\/v2\/pages\/2386","targetHints":{"allow":["GET"]}}],"collection":[{"href":"https:\/\/farell-i.com\/es\/wp-json\/wp\/v2\/pages"}],"about":[{"href":"https:\/\/farell-i.com\/es\/wp-json\/wp\/v2\/types\/page"}],"author":[{"embeddable":true,"href":"https:\/\/farell-i.com\/es\/wp-json\/wp\/v2\/users\/1"}],"replies":[{"embeddable":true,"href":"https:\/\/farell-i.com\/es\/wp-json\/wp\/v2\/comments?post=2386"}],"version-history":[{"count":5,"href":"https:\/\/farell-i.com\/es\/wp-json\/wp\/v2\/pages\/2386\/revisions"}],"predecessor-version":[{"id":2712,"href":"https:\/\/farell-i.com\/es\/wp-json\/wp\/v2\/pages\/2386\/revisions\/2712"}],"up":[{"embeddable":true,"href":"https:\/\/farell-i.com\/es\/wp-json\/wp\/v2\/pages\/2348"}],"wp:attachment":[{"href":"https:\/\/farell-i.com\/es\/wp-json\/wp\/v2\/media?parent=2386"}],"curies":[{"name":"wp","href":"https:\/\/api.w.org\/{rel}","templated":true}]}}