{"id":2374,"date":"2024-05-28T19:54:57","date_gmt":"2024-05-28T17:54:57","guid":{"rendered":"https:\/\/devel.farell-i.com\/empresa\/filosofia\/"},"modified":"2024-10-23T11:06:24","modified_gmt":"2024-10-23T09:06:24","slug":"filosofia","status":"publish","type":"page","link":"https:\/\/farell-i.com\/es\/empresa\/filosofia\/","title":{"rendered":"FILOSOF\u00cdA"},"content":{"rendered":"\t\t<div data-elementor-type=\"wp-page\" data-elementor-id=\"2374\" class=\"elementor elementor-2374 elementor-131\" data-elementor-post-type=\"page\">\n\t\t\t\t\t\t<section class=\"elementor-section elementor-top-section elementor-element elementor-element-41ab6a8 elementor-section-height-min-height elementor-section-boxed elementor-section-height-default elementor-section-items-middle\" data-id=\"41ab6a8\" data-element_type=\"section\" data-e-type=\"section\">\n\t\t\t\t\t\t\t<div class=\"elementor-background-overlay\"><\/div>\n\t\t\t\t\t\t\t<div class=\"elementor-container elementor-column-gap-no\">\n\t\t\t\t\t<div class=\"elementor-column elementor-col-100 elementor-top-column elementor-element elementor-element-21f7f6b\" data-id=\"21f7f6b\" data-element_type=\"column\" data-e-type=\"column\">\n\t\t\t<div class=\"elementor-widget-wrap elementor-element-populated\">\n\t\t\t\t\t\t<div class=\"elementor-element elementor-element-dfd3cfe elementor-widget elementor-widget-heading\" data-id=\"dfd3cfe\" data-element_type=\"widget\" data-e-type=\"widget\" data-widget_type=\"heading.default\">\n\t\t\t\t<div class=\"elementor-widget-container\">\n\t\t\t\t\t<h2 class=\"elementor-heading-title elementor-size-default\">FILOSOF\u00cdA<\/h2>\t\t\t\t<\/div>\n\t\t\t\t<\/div>\n\t\t\t\t\t<\/div>\n\t\t<\/div>\n\t\t\t\t\t<\/div>\n\t\t<\/section>\n\t\t\t\t<section class=\"elementor-section elementor-top-section elementor-element elementor-element-ca00ebc elementor-section-boxed elementor-section-height-default elementor-section-height-default\" data-id=\"ca00ebc\" data-element_type=\"section\" data-e-type=\"section\">\n\t\t\t\t\t\t<div class=\"elementor-container elementor-column-gap-default\">\n\t\t\t\t\t<div class=\"elementor-column elementor-col-100 elementor-top-column elementor-element elementor-element-687863c\" data-id=\"687863c\" data-element_type=\"column\" data-e-type=\"column\">\n\t\t\t<div class=\"elementor-widget-wrap elementor-element-populated\">\n\t\t\t\t\t\t<div class=\"elementor-element elementor-element-8d4d26a elementor-widget elementor-widget-heading\" data-id=\"8d4d26a\" data-element_type=\"widget\" data-e-type=\"widget\" data-widget_type=\"heading.default\">\n\t\t\t\t<div class=\"elementor-widget-container\">\n\t\t\t\t\t<h2 class=\"elementor-heading-title elementor-size-default\">La sostenibilidad futura no solo tiene que tener en cuenta la administraci\u00f3n correcta de recursos, sino tambi\u00e9n el m\u00ednimo uso de energ\u00eda para conseguirlo.<\/h2>\t\t\t\t<\/div>\n\t\t\t\t<\/div>\n\t\t\t\t<section class=\"elementor-section elementor-inner-section elementor-element elementor-element-73c40f1 elementor-section-full_width elementor-section-height-default elementor-section-height-default\" data-id=\"73c40f1\" data-element_type=\"section\" data-e-type=\"section\">\n\t\t\t\t\t\t<div class=\"elementor-container elementor-column-gap-no\">\n\t\t\t\t\t<div class=\"elementor-column elementor-col-50 elementor-inner-column elementor-element elementor-element-c4dcfd5\" data-id=\"c4dcfd5\" data-element_type=\"column\" data-e-type=\"column\">\n\t\t\t<div class=\"elementor-widget-wrap elementor-element-populated\">\n\t\t\t\t\t\t<div class=\"elementor-element elementor-element-94ecb6c elementor-widget elementor-widget-text-editor\" data-id=\"94ecb6c\" data-element_type=\"widget\" data-e-type=\"widget\" data-widget_type=\"text-editor.default\">\n\t\t\t\t<div class=\"elementor-widget-container\">\n\t\t\t\t\t\t\t\t\t<p>Desde sus inicios a la actualidad, la <strong>misi\u00f3n<\/strong> de <strong>FARELL INSTRUMENTS<\/strong> ha estado muy clara: aportar <strong>tecnolog\u00eda innovadora <\/strong>que permita una eficiencia mejor en el uso de todo tipo de recursos de inter\u00e9s global, tanto naturales como artificiales. Esta <strong>tecnolog\u00eda<\/strong> y <strong>nuestros conocimientos<\/strong> sirven para <strong>ayudar nuestros clientes a dar soluciones a los proyectos de modernizaci\u00f3n de gesti\u00f3n de recursos<\/strong>. <\/p>\n<p>La <strong>visi\u00f3n<\/strong> que tenemos es la de un <strong>mundo m\u00e1s sostenible<\/strong>, donde la <strong>tecnolog\u00eda<\/strong> ayude a ser <strong>m\u00e1s eficientes<\/strong>, y los escasos recursos de que se dispone puedan ser utilizados en la medida justa. La <strong>sostenibilidad futura<\/strong> no solo tiene que tener en cuenta la <strong>administraci\u00f3n correcta de recursos<\/strong>, sino tambi\u00e9n el <strong>m\u00ednimo uso de energ\u00eda <\/strong>para conseguirlo. <\/p>\n\t\t\t\t\t\t\t\t<\/div>\n\t\t\t\t<\/div>\n\t\t\t\t\t<\/div>\n\t\t<\/div>\n\t\t\t\t<div class=\"elementor-column elementor-col-50 elementor-inner-column elementor-element elementor-element-87d6aac\" data-id=\"87d6aac\" data-element_type=\"column\" data-e-type=\"column\">\n\t\t\t<div class=\"elementor-widget-wrap elementor-element-populated\">\n\t\t\t\t\t\t<div class=\"elementor-element elementor-element-1da33f5 elementor-widget elementor-widget-text-editor\" data-id=\"1da33f5\" data-element_type=\"widget\" data-e-type=\"widget\" data-widget_type=\"text-editor.default\">\n\t\t\t\t<div class=\"elementor-widget-container\">\n\t\t\t\t\t\t\t\t\t<div class=\"container\">\n<div class=\"row margin-bottom-60\">\n<div class=\"col-12 col-lg-6\">\n<div class=\"mb-3\">\n<p>Para poder cumplir nuestros objetivos, nos hemos marcado unos <strong>valores<\/strong> enfocados a aportar beneficios al medio ambiente y a todos los agentes que participan a su consecuci\u00f3n. Estos van desde nuestro <strong>compromiso con la sostenibilidad<\/strong>, la <strong>excelencia<\/strong> de nuestros <strong>productos y servicios<\/strong>, como una atenci\u00f3n extrema a las <strong>nuevas innovaciones y necesidades<\/strong> que se plantean. <\/p>\n<\/div>\n<\/div>\n<\/div>\n<\/div>\n\t\t\t\t\t\t\t\t<\/div>\n\t\t\t\t<\/div>\n\t\t\t\t\t<\/div>\n\t\t<\/div>\n\t\t\t\t\t<\/div>\n\t\t<\/section>\n\t\t\t\t\t<\/div>\n\t\t<\/div>\n\t\t\t\t\t<\/div>\n\t\t<\/section>\n\t\t\t\t<\/div>\n\t\t","protected":false},"excerpt":{"rendered":"<p>FILOSOF\u00cdA La sostenibilidad futura no solo tiene que tener en cuenta la administraci\u00f3n correcta de recursos, sino tambi\u00e9n el m\u00ednimo uso de energ\u00eda para conseguirlo. Desde sus inicios a la actualidad, la misi\u00f3n de FARELL INSTRUMENTS ha estado muy clara: aportar tecnolog\u00eda innovadora que permita una eficiencia mejor en el uso de todo tipo de [&hellip;]<\/p>\n","protected":false},"author":1,"featured_media":0,"parent":2348,"menu_order":0,"comment_status":"closed","ping_status":"closed","template":"","meta":{"footnotes":""},"class_list":["post-2374","page","type-page","status-publish","hentry"],"_links":{"self":[{"href":"https:\/\/farell-i.com\/es\/wp-json\/wp\/v2\/pages\/2374","targetHints":{"allow":["GET"]}}],"collection":[{"href":"https:\/\/farell-i.com\/es\/wp-json\/wp\/v2\/pages"}],"about":[{"href":"https:\/\/farell-i.com\/es\/wp-json\/wp\/v2\/types\/page"}],"author":[{"embeddable":true,"href":"https:\/\/farell-i.com\/es\/wp-json\/wp\/v2\/users\/1"}],"replies":[{"embeddable":true,"href":"https:\/\/farell-i.com\/es\/wp-json\/wp\/v2\/comments?post=2374"}],"version-history":[{"count":7,"href":"https:\/\/farell-i.com\/es\/wp-json\/wp\/v2\/pages\/2374\/revisions"}],"predecessor-version":[{"id":2708,"href":"https:\/\/farell-i.com\/es\/wp-json\/wp\/v2\/pages\/2374\/revisions\/2708"}],"up":[{"embeddable":true,"href":"https:\/\/farell-i.com\/es\/wp-json\/wp\/v2\/pages\/2348"}],"wp:attachment":[{"href":"https:\/\/farell-i.com\/es\/wp-json\/wp\/v2\/media?parent=2374"}],"curies":[{"name":"wp","href":"https:\/\/api.w.org\/{rel}","templated":true}]}}