{"id":2346,"date":"2024-05-29T23:39:11","date_gmt":"2024-05-29T21:39:11","guid":{"rendered":"https:\/\/devel.farell-i.com\/actualidad\/"},"modified":"2025-01-17T07:27:49","modified_gmt":"2025-01-17T06:27:49","slug":"actualidad","status":"publish","type":"page","link":"https:\/\/farell-i.com\/es\/actualidad\/","title":{"rendered":"Actualidad"},"content":{"rendered":"\t\t<div data-elementor-type=\"wp-page\" data-elementor-id=\"2346\" class=\"elementor elementor-2346 elementor-612\" data-elementor-post-type=\"page\">\n\t\t\t\t\t\t<section class=\"elementor-section elementor-top-section elementor-element elementor-element-3909ea3 elementor-section-full_width elementor-section-height-default elementor-section-height-default\" data-id=\"3909ea3\" data-element_type=\"section\" data-e-type=\"section\">\n\t\t\t\t\t\t<div class=\"elementor-container elementor-column-gap-no\">\n\t\t\t\t\t<div class=\"elementor-column elementor-col-100 elementor-top-column elementor-element elementor-element-626d7c6\" data-id=\"626d7c6\" data-element_type=\"column\" data-e-type=\"column\">\n\t\t\t<div class=\"elementor-widget-wrap elementor-element-populated\">\n\t\t\t\t\t\t<div class=\"elementor-element elementor-element-1b46702 elementor-widget elementor-widget-heading\" data-id=\"1b46702\" data-element_type=\"widget\" data-e-type=\"widget\" data-widget_type=\"heading.default\">\n\t\t\t\t<div class=\"elementor-widget-container\">\n\t\t\t\t\t<h2 class=\"elementor-heading-title elementor-size-default\">ACTUALIDAD<\/h2>\t\t\t\t<\/div>\n\t\t\t\t<\/div>\n\t\t\t\t\t<\/div>\n\t\t<\/div>\n\t\t\t\t\t<\/div>\n\t\t<\/section>\n\t\t\t\t<section class=\"elementor-section elementor-top-section elementor-element elementor-element-5596a7a elementor-section-boxed elementor-section-height-default elementor-section-height-default\" data-id=\"5596a7a\" data-element_type=\"section\" data-e-type=\"section\">\n\t\t\t\t\t\t<div class=\"elementor-container elementor-column-gap-default\">\n\t\t\t\t\t<div class=\"elementor-column elementor-col-100 elementor-top-column elementor-element elementor-element-de289e2\" data-id=\"de289e2\" data-element_type=\"column\" data-e-type=\"column\">\n\t\t\t<div class=\"elementor-widget-wrap elementor-element-populated\">\n\t\t\t\t\t\t<div class=\"elementor-element elementor-element-6d4e4ab elementor-grid-3 elementor-grid-tablet-2 elementor-grid-mobile-1 elementor-posts--thumbnail-top elementor-widget elementor-widget-posts\" data-id=\"6d4e4ab\" data-element_type=\"widget\" data-e-type=\"widget\" data-settings=\"{&quot;pagination_type&quot;:&quot;numbers_and_prev_next&quot;,&quot;classic_columns&quot;:&quot;3&quot;,&quot;classic_columns_tablet&quot;:&quot;2&quot;,&quot;classic_columns_mobile&quot;:&quot;1&quot;,&quot;classic_row_gap&quot;:{&quot;unit&quot;:&quot;px&quot;,&quot;size&quot;:35,&quot;sizes&quot;:[]},&quot;classic_row_gap_tablet&quot;:{&quot;unit&quot;:&quot;px&quot;,&quot;size&quot;:&quot;&quot;,&quot;sizes&quot;:[]},&quot;classic_row_gap_mobile&quot;:{&quot;unit&quot;:&quot;px&quot;,&quot;size&quot;:&quot;&quot;,&quot;sizes&quot;:[]}}\" data-widget_type=\"posts.classic\">\n\t\t\t\t<div class=\"elementor-widget-container\">\n\t\t\t\t\t\t\t<div class=\"elementor-posts-container elementor-posts elementor-posts--skin-classic elementor-grid\" role=\"list\">\n\t\t\t\t<article class=\"elementor-post elementor-grid-item post-5402 post type-post status-publish format-standard has-post-thumbnail hentry category-actualidad\" role=\"listitem\">\n\t\t\t\t<a class=\"elementor-post__thumbnail__link\" href=\"https:\/\/farell-i.com\/es\/vacaciones-de-navidad-de-2025\/\" tabindex=\"-1\" >\n\t\t\t<div class=\"elementor-post__thumbnail\"><img fetchpriority=\"high\" decoding=\"async\" width=\"2000\" height=\"1400\" src=\"https:\/\/farell-i.com\/wp-content\/uploads\/2025\/01\/NADAL.png\" class=\"attachment-full size-full wp-image-3712\" alt=\"\" srcset=\"https:\/\/farell-i.com\/wp-content\/uploads\/2025\/01\/NADAL.png 2000w, https:\/\/farell-i.com\/wp-content\/uploads\/2025\/01\/NADAL-300x210.png 300w, https:\/\/farell-i.com\/wp-content\/uploads\/2025\/01\/NADAL-1024x717.png 1024w, https:\/\/farell-i.com\/wp-content\/uploads\/2025\/01\/NADAL-768x538.png 768w, https:\/\/farell-i.com\/wp-content\/uploads\/2025\/01\/NADAL-1536x1075.png 1536w\" sizes=\"(max-width: 2000px) 100vw, 2000px\" \/><\/div>\n\t\t<\/a>\n\t\t\t\t<div class=\"elementor-post__text\">\n\t\t\t\t<h3 class=\"elementor-post__title\">\n\t\t\t<a href=\"https:\/\/farell-i.com\/es\/vacaciones-de-navidad-de-2025\/\" >\n\t\t\t\tVacaciones de navidad de 2025\t\t\t<\/a>\n\t\t<\/h3>\n\t\t\t\t<div class=\"elementor-post__meta-data\">\n\t\t\t\t\t<span class=\"elementor-post-date\">\n\t\t\t22\/12\/2025\t\t<\/span>\n\t\t\t\t<\/div>\n\t\t\t\t<div class=\"elementor-post__excerpt\">\n\t\t\t<p>Nuestra empresa permanecer\u00e1 cerrada por vacaciones del 24 de diciembre de 2025 al 6 de enero de 2026.<\/p>\n\t\t<\/div>\n\t\t\t\t<\/div>\n\t\t\t\t<\/article>\n\t\t\t\t<article class=\"elementor-post elementor-grid-item post-5389 post type-post status-publish format-standard has-post-thumbnail hentry category-actualidad\" role=\"listitem\">\n\t\t\t\t<a class=\"elementor-post__thumbnail__link\" href=\"https:\/\/farell-i.com\/es\/exito-del-taf-este-2025\/\" tabindex=\"-1\" >\n\t\t\t<div class=\"elementor-post__thumbnail\"><img decoding=\"async\" width=\"2000\" height=\"1399\" src=\"https:\/\/farell-i.com\/wp-content\/uploads\/2024\/10\/Tuberia-Agua-TAF.jpg\" class=\"attachment-full size-full wp-image-1877\" alt=\"\" srcset=\"https:\/\/farell-i.com\/wp-content\/uploads\/2024\/10\/Tuberia-Agua-TAF.jpg 2000w, https:\/\/farell-i.com\/wp-content\/uploads\/2024\/10\/Tuberia-Agua-TAF-300x210.jpg 300w, https:\/\/farell-i.com\/wp-content\/uploads\/2024\/10\/Tuberia-Agua-TAF-1024x716.jpg 1024w, https:\/\/farell-i.com\/wp-content\/uploads\/2024\/10\/Tuberia-Agua-TAF-768x537.jpg 768w, https:\/\/farell-i.com\/wp-content\/uploads\/2024\/10\/Tuberia-Agua-TAF-1536x1074.jpg 1536w\" sizes=\"(max-width: 2000px) 100vw, 2000px\" \/><\/div>\n\t\t<\/a>\n\t\t\t\t<div class=\"elementor-post__text\">\n\t\t\t\t<h3 class=\"elementor-post__title\">\n\t\t\t<a href=\"https:\/\/farell-i.com\/es\/exito-del-taf-este-2025\/\" >\n\t\t\t\t\u00c9xito del TAF+ este 2025\t\t\t<\/a>\n\t\t<\/h3>\n\t\t\t\t<div class=\"elementor-post__meta-data\">\n\t\t\t\t\t<span class=\"elementor-post-date\">\n\t\t\t08\/12\/2025\t\t<\/span>\n\t\t\t\t<\/div>\n\t\t\t\t<div class=\"elementor-post__excerpt\">\n\t\t\t<p>Las ventas del sistema TAF+ de FARELL INSTRUMENTS han aumentado de forma significativa este 2025.<\/p>\n\t\t<\/div>\n\t\t\t\t<\/div>\n\t\t\t\t<\/article>\n\t\t\t\t<article class=\"elementor-post elementor-grid-item post-5371 post type-post status-publish format-standard has-post-thumbnail hentry category-actualidad\" role=\"listitem\">\n\t\t\t\t<a class=\"elementor-post__thumbnail__link\" href=\"https:\/\/farell-i.com\/es\/17-anos-en-montcada-i-reixac\/\" tabindex=\"-1\" >\n\t\t\t<div class=\"elementor-post__thumbnail\"><img decoding=\"async\" width=\"2560\" height=\"1792\" src=\"https:\/\/farell-i.com\/wp-content\/uploads\/2025\/01\/Seu-Farell-MiR-scaled.jpg\" class=\"attachment-full size-full wp-image-3732\" alt=\"\" srcset=\"https:\/\/farell-i.com\/wp-content\/uploads\/2025\/01\/Seu-Farell-MiR-scaled.jpg 2560w, https:\/\/farell-i.com\/wp-content\/uploads\/2025\/01\/Seu-Farell-MiR-300x210.jpg 300w, https:\/\/farell-i.com\/wp-content\/uploads\/2025\/01\/Seu-Farell-MiR-1024x717.jpg 1024w, https:\/\/farell-i.com\/wp-content\/uploads\/2025\/01\/Seu-Farell-MiR-768x538.jpg 768w, https:\/\/farell-i.com\/wp-content\/uploads\/2025\/01\/Seu-Farell-MiR-1536x1075.jpg 1536w, https:\/\/farell-i.com\/wp-content\/uploads\/2025\/01\/Seu-Farell-MiR-2048x1434.jpg 2048w\" sizes=\"(max-width: 2560px) 100vw, 2560px\" \/><\/div>\n\t\t<\/a>\n\t\t\t\t<div class=\"elementor-post__text\">\n\t\t\t\t<h3 class=\"elementor-post__title\">\n\t\t\t<a href=\"https:\/\/farell-i.com\/es\/17-anos-en-montcada-i-reixac\/\" >\n\t\t\t\t17 a\u00f1os en Montcada i Reixac\t\t\t<\/a>\n\t\t<\/h3>\n\t\t\t\t<div class=\"elementor-post__meta-data\">\n\t\t\t\t\t<span class=\"elementor-post-date\">\n\t\t\t18\/11\/2025\t\t<\/span>\n\t\t\t\t<\/div>\n\t\t\t\t<div class=\"elementor-post__excerpt\">\n\t\t\t<p>Ya hace 17 a\u00f1os que la sede de FARELL INSTRUMENTS se traslad\u00f3 a Montcada i Reixac<\/p>\n\t\t<\/div>\n\t\t\t\t<\/div>\n\t\t\t\t<\/article>\n\t\t\t\t<article class=\"elementor-post elementor-grid-item post-5337 post type-post status-publish format-standard has-post-thumbnail hentry category-sin-categorizar\" role=\"listitem\">\n\t\t\t\t<a class=\"elementor-post__thumbnail__link\" href=\"https:\/\/farell-i.com\/es\/superacion-pruebas-norma-une-318002-3\/\" tabindex=\"-1\" >\n\t\t\t<div class=\"elementor-post__thumbnail\"><img loading=\"lazy\" decoding=\"async\" width=\"1000\" height=\"700\" src=\"https:\/\/farell-i.com\/wp-content\/uploads\/2024\/10\/UNE.png\" class=\"attachment-full size-full wp-image-2122\" alt=\"\" srcset=\"https:\/\/farell-i.com\/wp-content\/uploads\/2024\/10\/UNE.png 1000w, https:\/\/farell-i.com\/wp-content\/uploads\/2024\/10\/UNE-300x210.png 300w, https:\/\/farell-i.com\/wp-content\/uploads\/2024\/10\/UNE-768x538.png 768w\" sizes=\"(max-width: 1000px) 100vw, 1000px\" \/><\/div>\n\t\t<\/a>\n\t\t\t\t<div class=\"elementor-post__text\">\n\t\t\t\t<h3 class=\"elementor-post__title\">\n\t\t\t<a href=\"https:\/\/farell-i.com\/es\/superacion-pruebas-norma-une-318002-3\/\" >\n\t\t\t\tNorma UNE 318002-3 aprobada\t\t\t<\/a>\n\t\t<\/h3>\n\t\t\t\t<div class=\"elementor-post__meta-data\">\n\t\t\t\t\t<span class=\"elementor-post-date\">\n\t\t\t23\/10\/2025\t\t<\/span>\n\t\t\t\t<\/div>\n\t\t\t\t<div class=\"elementor-post__excerpt\">\n\t\t\t<p>FAREL INSTRUMENTS, en su l\u00ednea de mejora constante en el sistema de telecontrol de riego IRRIMATION, ya ha superado las pruebas de implementaci\u00f3n de la norma de interoperabilidad UNE 318002-3.<\/p>\n\t\t<\/div>\n\t\t\t\t<\/div>\n\t\t\t\t<\/article>\n\t\t\t\t<article class=\"elementor-post elementor-grid-item post-5358 post type-post status-publish format-standard has-post-thumbnail hentry category-actualidad\" role=\"listitem\">\n\t\t\t\t<a class=\"elementor-post__thumbnail__link\" href=\"https:\/\/farell-i.com\/es\/tarifas-del-4o-trimestre-de-2025\/\" tabindex=\"-1\" >\n\t\t\t<div class=\"elementor-post__thumbnail\"><img loading=\"lazy\" decoding=\"async\" width=\"2000\" height=\"1400\" src=\"https:\/\/farell-i.com\/wp-content\/uploads\/2024\/10\/Tarifas-1.png\" class=\"attachment-full size-full wp-image-1697\" alt=\"\" srcset=\"https:\/\/farell-i.com\/wp-content\/uploads\/2024\/10\/Tarifas-1.png 2000w, https:\/\/farell-i.com\/wp-content\/uploads\/2024\/10\/Tarifas-1-300x210.png 300w, https:\/\/farell-i.com\/wp-content\/uploads\/2024\/10\/Tarifas-1-1024x717.png 1024w, https:\/\/farell-i.com\/wp-content\/uploads\/2024\/10\/Tarifas-1-768x538.png 768w, https:\/\/farell-i.com\/wp-content\/uploads\/2024\/10\/Tarifas-1-1536x1075.png 1536w\" sizes=\"(max-width: 2000px) 100vw, 2000px\" \/><\/div>\n\t\t<\/a>\n\t\t\t\t<div class=\"elementor-post__text\">\n\t\t\t\t<h3 class=\"elementor-post__title\">\n\t\t\t<a href=\"https:\/\/farell-i.com\/es\/tarifas-del-4o-trimestre-de-2025\/\" >\n\t\t\t\tTarifas del 4o trimestre de 2025\t\t\t<\/a>\n\t\t<\/h3>\n\t\t\t\t<div class=\"elementor-post__meta-data\">\n\t\t\t\t\t<span class=\"elementor-post-date\">\n\t\t\t06\/10\/2025\t\t<\/span>\n\t\t\t\t<\/div>\n\t\t\t\t<div class=\"elementor-post__excerpt\">\n\t\t\t<p>Ya est\u00e1n disponibles las tarifas actualizadas para toda la gama de productos de FARELL INSTRUMENTS para este cuarto trimestre de 2025.<\/p>\n\t\t<\/div>\n\t\t\t\t<\/div>\n\t\t\t\t<\/article>\n\t\t\t\t<article class=\"elementor-post elementor-grid-item post-5331 post type-post status-publish format-standard has-post-thumbnail hentry category-actualidad\" role=\"listitem\">\n\t\t\t\t<a class=\"elementor-post__thumbnail__link\" href=\"https:\/\/farell-i.com\/es\/dia-mundial-de-la-agricultura-2\/\" tabindex=\"-1\" >\n\t\t\t<div class=\"elementor-post__thumbnail\"><img loading=\"lazy\" decoding=\"async\" width=\"637\" height=\"446\" src=\"https:\/\/farell-i.com\/wp-content\/uploads\/2024\/10\/Agricultor-Noticia.png\" class=\"attachment-full size-full wp-image-1713\" alt=\"\" srcset=\"https:\/\/farell-i.com\/wp-content\/uploads\/2024\/10\/Agricultor-Noticia.png 637w, https:\/\/farell-i.com\/wp-content\/uploads\/2024\/10\/Agricultor-Noticia-300x210.png 300w\" sizes=\"(max-width: 637px) 100vw, 637px\" \/><\/div>\n\t\t<\/a>\n\t\t\t\t<div class=\"elementor-post__text\">\n\t\t\t\t<h3 class=\"elementor-post__title\">\n\t\t\t<a href=\"https:\/\/farell-i.com\/es\/dia-mundial-de-la-agricultura-2\/\" >\n\t\t\t\tD\u00eda Mundial de la Agricultura\t\t\t<\/a>\n\t\t<\/h3>\n\t\t\t\t<div class=\"elementor-post__meta-data\">\n\t\t\t\t\t<span class=\"elementor-post-date\">\n\t\t\t09\/09\/2025\t\t<\/span>\n\t\t\t\t<\/div>\n\t\t\t\t<div class=\"elementor-post__excerpt\">\n\t\t\t<p>FARELL INSTRUMENTS contin\u00faa apostando por la innovaci\u00f3n en el desarrollo tecnol\u00f3gico como herramienta para promover el desarrollo agr\u00edcola.<\/p>\n\t\t<\/div>\n\t\t\t\t<\/div>\n\t\t\t\t<\/article>\n\t\t\t\t<article class=\"elementor-post elementor-grid-item post-5323 post type-post status-publish format-standard has-post-thumbnail hentry category-actualidad\" role=\"listitem\">\n\t\t\t\t<a class=\"elementor-post__thumbnail__link\" href=\"https:\/\/farell-i.com\/es\/retomamos-la-actividad-al-100-2\/\" tabindex=\"-1\" >\n\t\t\t<div class=\"elementor-post__thumbnail\"><img loading=\"lazy\" decoding=\"async\" width=\"2560\" height=\"1792\" src=\"https:\/\/farell-i.com\/wp-content\/uploads\/2024\/10\/TORNADA-scaled.jpg\" class=\"attachment-full size-full wp-image-1724\" alt=\"\" srcset=\"https:\/\/farell-i.com\/wp-content\/uploads\/2024\/10\/TORNADA-scaled.jpg 2560w, https:\/\/farell-i.com\/wp-content\/uploads\/2024\/10\/TORNADA-300x210.jpg 300w, https:\/\/farell-i.com\/wp-content\/uploads\/2024\/10\/TORNADA-1024x717.jpg 1024w, https:\/\/farell-i.com\/wp-content\/uploads\/2024\/10\/TORNADA-768x538.jpg 768w, https:\/\/farell-i.com\/wp-content\/uploads\/2024\/10\/TORNADA-1536x1075.jpg 1536w, https:\/\/farell-i.com\/wp-content\/uploads\/2024\/10\/TORNADA-2048x1434.jpg 2048w\" sizes=\"(max-width: 2560px) 100vw, 2560px\" \/><\/div>\n\t\t<\/a>\n\t\t\t\t<div class=\"elementor-post__text\">\n\t\t\t\t<h3 class=\"elementor-post__title\">\n\t\t\t<a href=\"https:\/\/farell-i.com\/es\/retomamos-la-actividad-al-100-2\/\" >\n\t\t\t\tRetomamos la actividad al 100%\t\t\t<\/a>\n\t\t<\/h3>\n\t\t\t\t<div class=\"elementor-post__meta-data\">\n\t\t\t\t\t<span class=\"elementor-post-date\">\n\t\t\t01\/09\/2025\t\t<\/span>\n\t\t\t\t<\/div>\n\t\t\t\t<div class=\"elementor-post__excerpt\">\n\t\t\t<p>Nuestra empresa vuelve con todo el equipo de FARELL INSTRUMENTS para atender de forma continua a clientes y proyectos, con los plazos habituales.<\/p>\n\t\t<\/div>\n\t\t\t\t<\/div>\n\t\t\t\t<\/article>\n\t\t\t\t<article class=\"elementor-post elementor-grid-item post-5314 post type-post status-publish format-standard has-post-thumbnail hentry category-actualidad\" role=\"listitem\">\n\t\t\t\t<a class=\"elementor-post__thumbnail__link\" href=\"https:\/\/farell-i.com\/es\/vacaciones-de-verano-de-2025\/\" tabindex=\"-1\" >\n\t\t\t<div class=\"elementor-post__thumbnail\"><img loading=\"lazy\" decoding=\"async\" width=\"2000\" height=\"1400\" src=\"https:\/\/farell-i.com\/wp-content\/uploads\/2024\/10\/vacances.png\" class=\"attachment-full size-full wp-image-1733\" alt=\"\" srcset=\"https:\/\/farell-i.com\/wp-content\/uploads\/2024\/10\/vacances.png 2000w, https:\/\/farell-i.com\/wp-content\/uploads\/2024\/10\/vacances-300x210.png 300w, https:\/\/farell-i.com\/wp-content\/uploads\/2024\/10\/vacances-1024x717.png 1024w, https:\/\/farell-i.com\/wp-content\/uploads\/2024\/10\/vacances-768x538.png 768w, https:\/\/farell-i.com\/wp-content\/uploads\/2024\/10\/vacances-1536x1075.png 1536w\" sizes=\"(max-width: 2000px) 100vw, 2000px\" \/><\/div>\n\t\t<\/a>\n\t\t\t\t<div class=\"elementor-post__text\">\n\t\t\t\t<h3 class=\"elementor-post__title\">\n\t\t\t<a href=\"https:\/\/farell-i.com\/es\/vacaciones-de-verano-de-2025\/\" >\n\t\t\t\tVacaciones de verano de 2025\t\t\t<\/a>\n\t\t<\/h3>\n\t\t\t\t<div class=\"elementor-post__meta-data\">\n\t\t\t\t\t<span class=\"elementor-post-date\">\n\t\t\t07\/08\/2025\t\t<\/span>\n\t\t\t\t<\/div>\n\t\t\t\t<div class=\"elementor-post__excerpt\">\n\t\t\t<p>Nuestra empresa permanecer\u00e1 cerrada por vacaciones del 10 al 25 de agosto de 2024.<\/p>\n\t\t<\/div>\n\t\t\t\t<\/div>\n\t\t\t\t<\/article>\n\t\t\t\t<article class=\"elementor-post elementor-grid-item post-5298 post type-post status-publish format-standard has-post-thumbnail hentry category-actualidad\" role=\"listitem\">\n\t\t\t\t<a class=\"elementor-post__thumbnail__link\" href=\"https:\/\/farell-i.com\/es\/apuesta-por-la-produccion-continua-para-minimizar-costes-3\/\" tabindex=\"-1\" >\n\t\t\t<div class=\"elementor-post__thumbnail\"><img loading=\"lazy\" decoding=\"async\" width=\"1000\" height=\"700\" src=\"https:\/\/farell-i.com\/wp-content\/uploads\/2025\/01\/PRODUCCION.png\" class=\"attachment-full size-full wp-image-3703\" alt=\"\" srcset=\"https:\/\/farell-i.com\/wp-content\/uploads\/2025\/01\/PRODUCCION.png 1000w, https:\/\/farell-i.com\/wp-content\/uploads\/2025\/01\/PRODUCCION-300x210.png 300w, https:\/\/farell-i.com\/wp-content\/uploads\/2025\/01\/PRODUCCION-768x538.png 768w\" sizes=\"(max-width: 1000px) 100vw, 1000px\" \/><\/div>\n\t\t<\/a>\n\t\t\t\t<div class=\"elementor-post__text\">\n\t\t\t\t<h3 class=\"elementor-post__title\">\n\t\t\t<a href=\"https:\/\/farell-i.com\/es\/apuesta-por-la-produccion-continua-para-minimizar-costes-3\/\" >\n\t\t\t\tApuesta por la producci\u00f3n contin\u00faa para minimizar costes\t\t\t<\/a>\n\t\t<\/h3>\n\t\t\t\t<div class=\"elementor-post__meta-data\">\n\t\t\t\t\t<span class=\"elementor-post-date\">\n\t\t\t01\/08\/2025\t\t<\/span>\n\t\t\t\t<\/div>\n\t\t\t\t<div class=\"elementor-post__excerpt\">\n\t\t\t<p>FARELL INSTRUMENTS contin\u00faa apostando por intentar mantener los plazos de entrega a sus clientes, a\u00fan con la falta de suministros de los \u00faltimos a\u00f1os.<\/p>\n\t\t<\/div>\n\t\t\t\t<\/div>\n\t\t\t\t<\/article>\n\t\t\t\t<article class=\"elementor-post elementor-grid-item post-5306 post type-post status-publish format-standard has-post-thumbnail hentry category-actualidad\" role=\"listitem\">\n\t\t\t\t<a class=\"elementor-post__thumbnail__link\" href=\"https:\/\/farell-i.com\/es\/dia-de-la-deuda-ecologica-2\/\" tabindex=\"-1\" >\n\t\t\t<div class=\"elementor-post__thumbnail\"><img loading=\"lazy\" decoding=\"async\" width=\"2000\" height=\"1400\" src=\"https:\/\/farell-i.com\/wp-content\/uploads\/2024\/08\/EARTH-OVERSHOOT-DAY-NOTICIA.jpg\" class=\"attachment-full size-full wp-image-1751\" alt=\"\" srcset=\"https:\/\/farell-i.com\/wp-content\/uploads\/2024\/08\/EARTH-OVERSHOOT-DAY-NOTICIA.jpg 2000w, https:\/\/farell-i.com\/wp-content\/uploads\/2024\/08\/EARTH-OVERSHOOT-DAY-NOTICIA-300x210.jpg 300w, https:\/\/farell-i.com\/wp-content\/uploads\/2024\/08\/EARTH-OVERSHOOT-DAY-NOTICIA-1024x717.jpg 1024w, https:\/\/farell-i.com\/wp-content\/uploads\/2024\/08\/EARTH-OVERSHOOT-DAY-NOTICIA-768x538.jpg 768w, https:\/\/farell-i.com\/wp-content\/uploads\/2024\/08\/EARTH-OVERSHOOT-DAY-NOTICIA-1536x1075.jpg 1536w\" sizes=\"(max-width: 2000px) 100vw, 2000px\" \/><\/div>\n\t\t<\/a>\n\t\t\t\t<div class=\"elementor-post__text\">\n\t\t\t\t<h3 class=\"elementor-post__title\">\n\t\t\t<a href=\"https:\/\/farell-i.com\/es\/dia-de-la-deuda-ecologica-2\/\" >\n\t\t\t\tD\u00eda de la Deuda Ecol\u00f3gica\t\t\t<\/a>\n\t\t<\/h3>\n\t\t\t\t<div class=\"elementor-post__meta-data\">\n\t\t\t\t\t<span class=\"elementor-post-date\">\n\t\t\t24\/07\/2025\t\t<\/span>\n\t\t\t\t<\/div>\n\t\t\t\t<div class=\"elementor-post__excerpt\">\n\t\t\t<p>En el Earth Overshoot Day, el d\u00eda en que hemos agotado los recursos que la Tierra puede regenerar en un a\u00f1o, continuamos comprometidos para cambiar esta realidad.<\/p>\n\t\t<\/div>\n\t\t\t\t<\/div>\n\t\t\t\t<\/article>\n\t\t\t\t<article class=\"elementor-post elementor-grid-item post-5264 post type-post status-publish format-standard has-post-thumbnail hentry category-actualidad\" role=\"listitem\">\n\t\t\t\t<a class=\"elementor-post__thumbnail__link\" href=\"https:\/\/farell-i.com\/es\/tarifas-del-3r-trimestre-de-2025\/\" tabindex=\"-1\" >\n\t\t\t<div class=\"elementor-post__thumbnail\"><img loading=\"lazy\" decoding=\"async\" width=\"2000\" height=\"1400\" src=\"https:\/\/farell-i.com\/wp-content\/uploads\/2024\/10\/Tarifas-1-1.png\" class=\"attachment-full size-full wp-image-1779\" alt=\"\" srcset=\"https:\/\/farell-i.com\/wp-content\/uploads\/2024\/10\/Tarifas-1-1.png 2000w, https:\/\/farell-i.com\/wp-content\/uploads\/2024\/10\/Tarifas-1-1-300x210.png 300w, https:\/\/farell-i.com\/wp-content\/uploads\/2024\/10\/Tarifas-1-1-1024x717.png 1024w, https:\/\/farell-i.com\/wp-content\/uploads\/2024\/10\/Tarifas-1-1-768x538.png 768w, https:\/\/farell-i.com\/wp-content\/uploads\/2024\/10\/Tarifas-1-1-1536x1075.png 1536w\" sizes=\"(max-width: 2000px) 100vw, 2000px\" \/><\/div>\n\t\t<\/a>\n\t\t\t\t<div class=\"elementor-post__text\">\n\t\t\t\t<h3 class=\"elementor-post__title\">\n\t\t\t<a href=\"https:\/\/farell-i.com\/es\/tarifas-del-3r-trimestre-de-2025\/\" >\n\t\t\t\tTarifas del 3r trimestre de 2025\t\t\t<\/a>\n\t\t<\/h3>\n\t\t\t\t<div class=\"elementor-post__meta-data\">\n\t\t\t\t\t<span class=\"elementor-post-date\">\n\t\t\t04\/07\/2025\t\t<\/span>\n\t\t\t\t<\/div>\n\t\t\t\t<div class=\"elementor-post__excerpt\">\n\t\t\t<p>Ya est\u00e1n disponibles las tarifas actualizadas para toda la gama de productos de FARELL INSTRUMENTS para este tercer trimestre de 2024.<\/p>\n\t\t<\/div>\n\t\t\t\t<\/div>\n\t\t\t\t<\/article>\n\t\t\t\t<article class=\"elementor-post elementor-grid-item post-5273 post type-post status-publish format-standard has-post-thumbnail hentry category-actualidad\" role=\"listitem\">\n\t\t\t\t<a class=\"elementor-post__thumbnail__link\" href=\"https:\/\/farell-i.com\/es\/especialistas-en-telecontrol-2\/\" tabindex=\"-1\" >\n\t\t\t<div class=\"elementor-post__thumbnail\"><img loading=\"lazy\" decoding=\"async\" width=\"2199\" height=\"1540\" src=\"https:\/\/farell-i.com\/wp-content\/uploads\/2024\/10\/ESPECIALISTAS-EN-TELECONTROL.png\" class=\"attachment-full size-full wp-image-1757\" alt=\"\" srcset=\"https:\/\/farell-i.com\/wp-content\/uploads\/2024\/10\/ESPECIALISTAS-EN-TELECONTROL.png 2199w, https:\/\/farell-i.com\/wp-content\/uploads\/2024\/10\/ESPECIALISTAS-EN-TELECONTROL-300x210.png 300w, https:\/\/farell-i.com\/wp-content\/uploads\/2024\/10\/ESPECIALISTAS-EN-TELECONTROL-1024x717.png 1024w, https:\/\/farell-i.com\/wp-content\/uploads\/2024\/10\/ESPECIALISTAS-EN-TELECONTROL-768x538.png 768w, https:\/\/farell-i.com\/wp-content\/uploads\/2024\/10\/ESPECIALISTAS-EN-TELECONTROL-1536x1076.png 1536w, https:\/\/farell-i.com\/wp-content\/uploads\/2024\/10\/ESPECIALISTAS-EN-TELECONTROL-2048x1434.png 2048w\" sizes=\"(max-width: 2199px) 100vw, 2199px\" \/><\/div>\n\t\t<\/a>\n\t\t\t\t<div class=\"elementor-post__text\">\n\t\t\t\t<h3 class=\"elementor-post__title\">\n\t\t\t<a href=\"https:\/\/farell-i.com\/es\/especialistas-en-telecontrol-2\/\" >\n\t\t\t\tEspecialistas en telecontrol\t\t\t<\/a>\n\t\t<\/h3>\n\t\t\t\t<div class=\"elementor-post__meta-data\">\n\t\t\t\t\t<span class=\"elementor-post-date\">\n\t\t\t25\/06\/2025\t\t<\/span>\n\t\t\t\t<\/div>\n\t\t\t\t<div class=\"elementor-post__excerpt\">\n\t\t\t<p>Despu\u00e9s de m\u00e1s de 36 a\u00f1os, desde FARELL INSTRUMENTS contin\u00faa la apuesta enfocada en el desarrollo de sistemas de telecontrol para todo tipo de proyectos industriales.<\/p>\n\t\t<\/div>\n\t\t\t\t<\/div>\n\t\t\t\t<\/article>\n\t\t\t\t<\/div>\n\t\t\n\t\t\t\t<div class=\"e-load-more-anchor\" data-page=\"1\" data-max-page=\"7\" data-next-page=\"https:\/\/farell-i.com\/es\/wp-json\/wp\/v2\/pages\/2346\/page\/2\/\"><\/div>\n\t\t\t\t<nav class=\"elementor-pagination\" aria-label=\"Pagination\">\n\t\t\t<span class=\"page-numbers prev\">\u00ab Previo<\/span>\n<span aria-current=\"page\" class=\"page-numbers current\"><span class=\"elementor-screen-only\">Page<\/span>1<\/span>\n<a class=\"page-numbers\" href=\"https:\/\/farell-i.com\/es\/wp-json\/wp\/v2\/pages\/2346\/page\/2\/\"><span class=\"elementor-screen-only\">Page<\/span>2<\/a>\n<a class=\"page-numbers\" href=\"https:\/\/farell-i.com\/es\/wp-json\/wp\/v2\/pages\/2346\/page\/3\/\"><span class=\"elementor-screen-only\">Page<\/span>3<\/a>\n<a class=\"page-numbers\" href=\"https:\/\/farell-i.com\/es\/wp-json\/wp\/v2\/pages\/2346\/page\/4\/\"><span class=\"elementor-screen-only\">Page<\/span>4<\/a>\n<a class=\"page-numbers\" href=\"https:\/\/farell-i.com\/es\/wp-json\/wp\/v2\/pages\/2346\/page\/5\/\"><span class=\"elementor-screen-only\">Page<\/span>5<\/a>\n<a class=\"page-numbers\" href=\"https:\/\/farell-i.com\/es\/wp-json\/wp\/v2\/pages\/2346\/page\/6\/\"><span class=\"elementor-screen-only\">Page<\/span>6<\/a>\n<a class=\"page-numbers\" href=\"https:\/\/farell-i.com\/es\/wp-json\/wp\/v2\/pages\/2346\/page\/7\/\"><span class=\"elementor-screen-only\">Page<\/span>7<\/a>\n<a class=\"page-numbers next\" href=\"https:\/\/farell-i.com\/es\/wp-json\/wp\/v2\/pages\/2346\/page\/2\/\">Siguiente \u00bb<\/a>\t\t<\/nav>\n\t\t\t\t\t\t<\/div>\n\t\t\t\t<\/div>\n\t\t\t\t\t<\/div>\n\t\t<\/div>\n\t\t\t\t\t<\/div>\n\t\t<\/section>\n\t\t\t\t<\/div>\n\t\t","protected":false},"excerpt":{"rendered":"<p>ACTUALIDAD<\/p>\n","protected":false},"author":1,"featured_media":0,"parent":0,"menu_order":0,"comment_status":"closed","ping_status":"closed","template":"","meta":{"footnotes":""},"class_list":["post-2346","page","type-page","status-publish","hentry"],"_links":{"self":[{"href":"https:\/\/farell-i.com\/es\/wp-json\/wp\/v2\/pages\/2346","targetHints":{"allow":["GET"]}}],"collection":[{"href":"https:\/\/farell-i.com\/es\/wp-json\/wp\/v2\/pages"}],"about":[{"href":"https:\/\/farell-i.com\/es\/wp-json\/wp\/v2\/types\/page"}],"author":[{"embeddable":true,"href":"https:\/\/farell-i.com\/es\/wp-json\/wp\/v2\/users\/1"}],"replies":[{"embeddable":true,"href":"https:\/\/farell-i.com\/es\/wp-json\/wp\/v2\/comments?post=2346"}],"version-history":[{"count":12,"href":"https:\/\/farell-i.com\/es\/wp-json\/wp\/v2\/pages\/2346\/revisions"}],"predecessor-version":[{"id":3775,"href":"https:\/\/farell-i.com\/es\/wp-json\/wp\/v2\/pages\/2346\/revisions\/3775"}],"wp:attachment":[{"href":"https:\/\/farell-i.com\/es\/wp-json\/wp\/v2\/media?parent=2346"}],"curies":[{"name":"wp","href":"https:\/\/api.w.org\/{rel}","templated":true}]}}